{"id":23887,"date":"2026-05-14T01:45:09","date_gmt":"2026-05-14T01:45:09","guid":{"rendered":"https:\/\/web.losalquimistas.cl\/?post_type=product&#038;p=23887"},"modified":"2026-05-14T01:45:10","modified_gmt":"2026-05-14T01:45:10","slug":"d-sorbita-para-biologia-molecular-cas-50-70-4-en-envase-plastico-de-1-kg-codigo-de-compra-panra-a49921000","status":"publish","type":"product","link":"https:\/\/web.losalquimistas.cl\/index.php\/product\/d-sorbita-para-biologia-molecular-cas-50-70-4-en-envase-plastico-de-1-kg-codigo-de-compra-panra-a49921000\/","title":{"rendered":"D(-)-Sorbita para biolog\u00eda molecular. CAS 50-70-4 . En envase pl\u00e1stico de 1 kg. CODIGO DE COMPRA: PANRA A4992,1000"},"content":{"rendered":"<h3 id=\"headingSpecs\" class=\"heading\" role=\"tab\"><a role=\"button\" href=\"https:\/\/www.itwreagents.com\/iberia\/es\/product\/d-sorbita-para-biologia-molecular\/A4992#collapseSpecs\" data-toggle=\"collapse\" data-parent=\"#specifications\" aria-expanded=\"true\" aria-controls=\"collapseSpecs\"><span class=\"tit\">Datos t\u00e9cnicos<\/span> <i class=\"caret\"><\/i> <\/a><\/h3>\n<div id=\"collapseSpecs\" class=\"panel-collapse collapse in\" role=\"tabpanel\" aria-labelledby=\"headingSpecs\">\n<dl class=\"info-prod\">\n<dt class=\"break\"><span style=\"color: #ff00ff;\">Descripci\u00f3n F\u00edsica:\u00a0S\u00f3lido<\/span><\/dt>\n<\/dl>\n<dl class=\"info-prod\">\n<dt><span style=\"color: #ff00ff;\">C\u00f3digo de Producto:\u00a0A4992<\/span><\/dt>\n<dt><span style=\"color: #ff00ff;\">Nombre de Producto:\u00a0D(-)-Sorbita para biolog\u00eda molecular<\/span><\/dt>\n<dt class=\"break\"><span style=\"color: #ff00ff;\">Especificaciones:<\/span><\/dt>\n<dd><span style=\"color: #ff00ff;\">DNasas\/RNasas\/Proteasas: no detectable<\/span><br \/>\n<span style=\"color: #ff00ff;\">Riqueza (HPLC, sust. seca): 97,0 &#8211; 102,0 %<\/span><br \/>\n<span style=\"color: #ff00ff;\">\u03b120\u00b0C\/D; 10 %, borato complex: 4,0\u00b0 &#8211; 7,0\u00b0<\/span><br \/>\n<span style=\"color: #ff00ff;\">Aspecto de la soluci\u00f3n: conforme ensayo<\/span><br \/>\n<span style=\"color: #ff00ff;\">Metales pesados (en Pb): max. 0,001 %<\/span><br \/>\n<span style=\"color: #ff00ff;\">Cenizas sulfatadas: max. 0,1 %<\/span><br \/>\n<span style=\"color: #ff00ff;\">Agua (K.F.): max. 1,5 %<\/span><br \/>\n<span style=\"color: #ff00ff;\">Cloruro: max. 0,005 %<\/span><br \/>\n<span style=\"color: #ff00ff;\">Sulfato: max. 0,01 %<\/span><br \/>\n<span style=\"color: #ff00ff;\">As: max. 0,0003 %<\/span><br \/>\n<span style=\"color: #ff00ff;\">Ni: max. 0,0001 %<\/span><br \/>\n<span style=\"color: #ff00ff;\">Pb: max. 0,00005 %<\/span><\/dd>\n<\/dl>\n<dl class=\"info-prod\">\n<dt><span style=\"color: #ff00ff;\">WGK:\u00a01<\/span><\/dt>\n<dt class=\"break\"><span style=\"color: #ff00ff;\">Almacenaje:\u00a0Temperatura ambiente<\/span><\/dt>\n<dt><span style=\"color: #ff00ff;\">EINECS:\u00a0200-061-5<\/span><\/dt>\n<dt class=\"break\"><span style=\"color: #ff00ff;\">NC:\u00a029054491<\/span><\/dt>\n<\/dl>\n<\/div>\n","protected":false},"excerpt":{"rendered":"<p>Datos t\u00e9cnicos Descripci\u00f3n F\u00edsica:\u00a0S\u00f3lido C\u00f3digo de Producto:\u00a0A4992 Nombre de Producto:\u00a0D(-)-Sorbita para biolog\u00eda molecular Especificaciones: DNasas\/RNasas\/Proteasas: no detectable Riqueza (HPLC, sust. seca): 97,0 &#8211; 102,0 % \u03b120\u00b0C\/D; 10 %, borato complex: 4,0\u00b0 &#8211; 7,0\u00b0 Aspecto de la soluci\u00f3n: conforme ensayo Metales pesados (en Pb): max. 0,001 % Cenizas sulfatadas: max. 0,1 % Agua (K.F.): max. 1,5 [&hellip;]<\/p>\n","protected":false},"featured_media":23888,"comment_status":"open","ping_status":"closed","template":"","meta":[],"product_brand":[],"product_cat":[42,17],"product_tag":[],"class_list":{"0":"post-23887","1":"product","2":"type-product","3":"status-publish","4":"has-post-thumbnail","6":"product_cat-https-web-losalquimistas-cl-index-php-product-category-biologia-molecular","7":"product_cat-uso-general","9":"first","10":"instock","11":"shipping-taxable","12":"product-type-simple","13":"add-to-wishlist-after_add_to_cart"},"jetpack_sharing_enabled":true,"_links":{"self":[{"href":"https:\/\/web.losalquimistas.cl\/index.php\/wp-json\/wp\/v2\/product\/23887","targetHints":{"allow":["GET"]}}],"collection":[{"href":"https:\/\/web.losalquimistas.cl\/index.php\/wp-json\/wp\/v2\/product"}],"about":[{"href":"https:\/\/web.losalquimistas.cl\/index.php\/wp-json\/wp\/v2\/types\/product"}],"replies":[{"embeddable":true,"href":"https:\/\/web.losalquimistas.cl\/index.php\/wp-json\/wp\/v2\/comments?post=23887"}],"wp:featuredmedia":[{"embeddable":true,"href":"https:\/\/web.losalquimistas.cl\/index.php\/wp-json\/wp\/v2\/media\/23888"}],"wp:attachment":[{"href":"https:\/\/web.losalquimistas.cl\/index.php\/wp-json\/wp\/v2\/media?parent=23887"}],"wp:term":[{"taxonomy":"product_brand","embeddable":true,"href":"https:\/\/web.losalquimistas.cl\/index.php\/wp-json\/wp\/v2\/product_brand?post=23887"},{"taxonomy":"product_cat","embeddable":true,"href":"https:\/\/web.losalquimistas.cl\/index.php\/wp-json\/wp\/v2\/product_cat?post=23887"},{"taxonomy":"product_tag","embeddable":true,"href":"https:\/\/web.losalquimistas.cl\/index.php\/wp-json\/wp\/v2\/product_tag?post=23887"}],"curies":[{"name":"wp","href":"https:\/\/api.w.org\/{rel}","templated":true}]}}