{"id":23877,"date":"2026-05-14T01:05:54","date_gmt":"2026-05-14T01:05:54","guid":{"rendered":"https:\/\/web.losalquimistas.cl\/?post_type=product&#038;p=23877"},"modified":"2026-05-14T01:46:08","modified_gmt":"2026-05-14T01:46:08","slug":"edta-sal-disodica-01mol-l-01m-reag-usp-solucion-valorada-cas-6381-92-6-envase-de-1-lt-codigo-de-compra-panr181670-1211","status":"publish","type":"product","link":"https:\/\/web.losalquimistas.cl\/index.php\/product\/edta-sal-disodica-01mol-l-01m-reag-usp-solucion-valorada-cas-6381-92-6-envase-de-1-lt-codigo-de-compra-panr181670-1211\/","title":{"rendered":"EDTA Sal Dis\u00f3dica 0,1mol\/l (0,1M) (Reag. USP) soluci\u00f3n valorada. CAS 6381-92-6 . Envase de 1 Lt. CODIGO DE COMPRA : PANR181670.1211"},"content":{"rendered":"<h3 id=\"headingSpecs\" class=\"heading\" role=\"tab\"><a role=\"button\" href=\"https:\/\/www.itwreagents.com\/iberia\/es\/product\/edta-sal-disodica-01moll-01m-reag-usp-solucion-valorada\/181670#collapseSpecs\" data-toggle=\"collapse\" data-parent=\"#specifications\" aria-expanded=\"true\" aria-controls=\"collapseSpecs\"><span class=\"tit\">Datos t\u00e9cnicos<\/span> <i class=\"caret\"><\/i> <\/a><\/h3>\n<div id=\"collapseSpecs\" class=\"panel-collapse collapse in\" role=\"tabpanel\" aria-labelledby=\"headingSpecs\">\n<dl class=\"info-prod\">\n<dt><span style=\"color: #ff00ff;\">Densidad:\u00a01,017 kg\/l<\/span><\/dt>\n<dt class=\"break\"><span style=\"color: #ff00ff;\">Descripci\u00f3n F\u00edsica:\u00a0L\u00edquido<\/span><\/dt>\n<\/dl>\n<dl class=\"info-prod\">\n<dt><span style=\"color: #ff00ff;\">C\u00f3digo de Producto:\u00a0181670<\/span><\/dt>\n<dt><span style=\"color: #ff00ff;\">Nombre de Producto:\u00a0EDTA Sal Dis\u00f3dica 0,1mol\/l (0,1M) (Reag. USP) soluci\u00f3n valorada<\/span><\/dt>\n<dt><span style=\"color: #ff00ff;\">Nombre de Calidad:\u00a0soluci\u00f3n valorada<\/span><\/dt>\n<dt><span style=\"color: #ff00ff;\">Comentario de Cabecera:\u00a0Indicador: Negro de Eriocromo T (ZnO)<\/span><\/dt>\n<dt class=\"break\"><span style=\"color: #ff00ff;\">Especificaciones:<\/span><\/dt>\n<dd><span style=\"color: #ff00ff;\">Factor a 20\u00b0C: 0,999 &#8211; 1,001<\/span><br \/>\n<span style=\"color: #ff00ff;\">Incertidumbre: Ver certificado<\/span><br \/>\n<span style=\"color: #ff00ff;\">Trazabilidad: NIST<\/span><\/dd>\n<\/dl>\n<dl class=\"info-prod\">\n<dt><span style=\"color: #ff00ff;\">WGK:\u00a01<\/span><\/dt>\n<dt class=\"break\"><span style=\"color: #ff00ff;\">Almacenaje:\u00a0Temperatura ambiente.<\/span><\/dt>\n<dt><span style=\"color: #ff00ff;\">Nombre Maestro:\u00a0Acido Etilendiaminotetraac\u00e9tico Sal Dis\u00f3dica 0,1mol\/l *(0,1M)<\/span><\/dt>\n<dt><span style=\"color: #ff00ff;\">Texto para sin\u00f3nimos:\u00a0Acido Etilendinitrilotetraac\u00e9tico sal Dis\u00f3dica, Disodio Edetato, EDTA Dis\u00f3dica, N,N&#8217;-1,2-Etanodiil bis [N-(Carboximetil) Glicina] sa<\/span><\/dt>\n<dt><span style=\"color: #ff00ff;\">EINECS:\u00a0205-358-3<\/span><\/dt>\n<dt class=\"break\"><span style=\"color: #ff00ff;\">NC:\u00a029224985<\/span><\/dt>\n<\/dl>\n<\/div>\n","protected":false},"excerpt":{"rendered":"<p>Datos t\u00e9cnicos Densidad:\u00a01,017 kg\/l Descripci\u00f3n F\u00edsica:\u00a0L\u00edquido C\u00f3digo de Producto:\u00a0181670 Nombre de Producto:\u00a0EDTA Sal Dis\u00f3dica 0,1mol\/l (0,1M) (Reag. USP) soluci\u00f3n valorada Nombre de Calidad:\u00a0soluci\u00f3n valorada Comentario de Cabecera:\u00a0Indicador: Negro de Eriocromo T (ZnO) Especificaciones: Factor a 20\u00b0C: 0,999 &#8211; 1,001 Incertidumbre: Ver certificado Trazabilidad: NIST WGK:\u00a01 Almacenaje:\u00a0Temperatura ambiente. Nombre Maestro:\u00a0Acido Etilendiaminotetraac\u00e9tico Sal Dis\u00f3dica 0,1mol\/l *(0,1M) Texto [&hellip;]<\/p>\n","protected":false},"featured_media":23879,"comment_status":"open","ping_status":"closed","template":"","meta":[],"product_brand":[],"product_cat":[17],"product_tag":[],"class_list":{"0":"post-23877","1":"product","2":"type-product","3":"status-publish","4":"has-post-thumbnail","6":"product_cat-uso-general","8":"first","9":"instock","10":"shipping-taxable","11":"product-type-simple","12":"add-to-wishlist-after_add_to_cart"},"jetpack_sharing_enabled":true,"_links":{"self":[{"href":"https:\/\/web.losalquimistas.cl\/index.php\/wp-json\/wp\/v2\/product\/23877","targetHints":{"allow":["GET"]}}],"collection":[{"href":"https:\/\/web.losalquimistas.cl\/index.php\/wp-json\/wp\/v2\/product"}],"about":[{"href":"https:\/\/web.losalquimistas.cl\/index.php\/wp-json\/wp\/v2\/types\/product"}],"replies":[{"embeddable":true,"href":"https:\/\/web.losalquimistas.cl\/index.php\/wp-json\/wp\/v2\/comments?post=23877"}],"wp:featuredmedia":[{"embeddable":true,"href":"https:\/\/web.losalquimistas.cl\/index.php\/wp-json\/wp\/v2\/media\/23879"}],"wp:attachment":[{"href":"https:\/\/web.losalquimistas.cl\/index.php\/wp-json\/wp\/v2\/media?parent=23877"}],"wp:term":[{"taxonomy":"product_brand","embeddable":true,"href":"https:\/\/web.losalquimistas.cl\/index.php\/wp-json\/wp\/v2\/product_brand?post=23877"},{"taxonomy":"product_cat","embeddable":true,"href":"https:\/\/web.losalquimistas.cl\/index.php\/wp-json\/wp\/v2\/product_cat?post=23877"},{"taxonomy":"product_tag","embeddable":true,"href":"https:\/\/web.losalquimistas.cl\/index.php\/wp-json\/wp\/v2\/product_tag?post=23877"}],"curies":[{"name":"wp","href":"https:\/\/api.w.org\/{rel}","templated":true}]}}