{"id":23564,"date":"2025-12-02T20:23:18","date_gmt":"2025-12-02T20:23:18","guid":{"rendered":"https:\/\/web.losalquimistas.cl\/?post_type=product&#038;p=23564"},"modified":"2025-12-02T20:44:12","modified_gmt":"2025-12-02T20:44:12","slug":"acido-1-octano-sulfonico-sal-sodica-para-hplc-envase-de-vidrio-ambar-de-25-gr-cas-5324-84-5-codigo-de-compra-panr363995-1606","status":"publish","type":"product","link":"https:\/\/web.losalquimistas.cl\/index.php\/product\/acido-1-octano-sulfonico-sal-sodica-para-hplc-envase-de-vidrio-ambar-de-25-gr-cas-5324-84-5-codigo-de-compra-panr363995-1606\/","title":{"rendered":"\u00c1cido 1-Octano Sulf\u00f3nico Sal S\u00f3dica para HPLC, envase de vidrio \u00e1mbar de 25 gr. CAS [5324-84-5]. CODIGO DE COMPRA: PANR363995.1606"},"content":{"rendered":"<p>Sin\u00f3nimos: Sodio 1-Octanosulfonato<\/p>\n<h3><span style=\"color: #ff00ff;\">PanReac &amp; AppliChem<\/span><\/h3>\n<h3><span style=\"color: #3366ff;\">CODIGO DE COMPRA: PANR363995.1606<\/span><\/h3>\n<h3><span style=\"color: #ff00ff;\">INFORMACION TECNICA:<\/span><\/h3>\n<p><span style=\"color: #ff00ff;\">PUNTO DE FUSI\u00d3N: &gt; 300 \u00b0C<\/span><br \/>\n<span style=\"color: #ff00ff;\">SOLUBILIDAD: Soluble en agua.<\/span><br \/>\n<span style=\"color: #ff00ff;\">DESCRIPCI\u00d3N F\u00cdSICA: S\u00f3lido<\/span><br \/>\n<span style=\"color: #ff00ff;\">C\u00d3DIGO DE PRODUCTO: 363995<\/span><br \/>\n<span style=\"color: #ff00ff;\">NOMBRE DE PRODUCTO: \u00c1cido 1-Octano Sulf\u00f3nico Sal S\u00f3dica para HPLC<\/span><br \/>\n<span style=\"color: #ff00ff;\">NOMBRE DE CALIDAD: para HPLC<\/span><br \/>\n<span style=\"color: #ff00ff;\">COMENTARIO DE CABECERA: para cromatograf\u00eda de par i\u00f3nico<\/span><br \/>\n<span style=\"color: #ff00ff;\"><strong>ESPECIFICACIONES:<\/strong><\/span><br \/>\n<span style=\"color: #ff00ff;\">Riqueza m\u00ednima (Acidim.) calc. s.p.s.: 99,0%<\/span><br \/>\n<span style=\"color: #ff00ff;\">Identidad: IR conforme ensayo<\/span><\/p>\n","protected":false},"excerpt":{"rendered":"<p>PIC-8 PIC 8<\/p>\n","protected":false},"featured_media":23561,"comment_status":"open","ping_status":"closed","template":"","meta":[],"product_brand":[],"product_cat":[182],"product_tag":[],"class_list":{"0":"post-23564","1":"product","2":"type-product","3":"status-publish","4":"has-post-thumbnail","6":"product_cat-https-web-losalquimistas-cl-index-php-product-category-solventes-hplc","7":"ts_product_brand-panreac-applichem","9":"first","10":"instock","11":"shipping-taxable","12":"product-type-simple","13":"add-to-wishlist-after_add_to_cart"},"jetpack_sharing_enabled":true,"_links":{"self":[{"href":"https:\/\/web.losalquimistas.cl\/index.php\/wp-json\/wp\/v2\/product\/23564","targetHints":{"allow":["GET"]}}],"collection":[{"href":"https:\/\/web.losalquimistas.cl\/index.php\/wp-json\/wp\/v2\/product"}],"about":[{"href":"https:\/\/web.losalquimistas.cl\/index.php\/wp-json\/wp\/v2\/types\/product"}],"replies":[{"embeddable":true,"href":"https:\/\/web.losalquimistas.cl\/index.php\/wp-json\/wp\/v2\/comments?post=23564"}],"wp:featuredmedia":[{"embeddable":true,"href":"https:\/\/web.losalquimistas.cl\/index.php\/wp-json\/wp\/v2\/media\/23561"}],"wp:attachment":[{"href":"https:\/\/web.losalquimistas.cl\/index.php\/wp-json\/wp\/v2\/media?parent=23564"}],"wp:term":[{"taxonomy":"product_brand","embeddable":true,"href":"https:\/\/web.losalquimistas.cl\/index.php\/wp-json\/wp\/v2\/product_brand?post=23564"},{"taxonomy":"product_cat","embeddable":true,"href":"https:\/\/web.losalquimistas.cl\/index.php\/wp-json\/wp\/v2\/product_cat?post=23564"},{"taxonomy":"product_tag","embeddable":true,"href":"https:\/\/web.losalquimistas.cl\/index.php\/wp-json\/wp\/v2\/product_tag?post=23564"}],"curies":[{"name":"wp","href":"https:\/\/api.w.org\/{rel}","templated":true}]}}