{"id":23505,"date":"2025-08-05T15:27:58","date_gmt":"2025-08-05T15:27:58","guid":{"rendered":"https:\/\/web.losalquimistas.cl\/?post_type=product&#038;p=23505"},"modified":"2025-08-05T15:29:04","modified_gmt":"2025-08-05T15:29:04","slug":"metanol-para-lc-ms-cas67-56-1-botella-de-vidrio-ambar-de-25-l-codigo-de-compra-panr701091-1612","status":"publish","type":"product","link":"https:\/\/web.losalquimistas.cl\/index.php\/product\/metanol-para-lc-ms-cas67-56-1-botella-de-vidrio-ambar-de-25-l-codigo-de-compra-panr701091-1612\/","title":{"rendered":"Metanol para LC-MS. CAS[67-56-1]. Botella de vidrio \u00e1mbar de 2,5 L. CODIGO DE COMPRA: PANR701091.1612"},"content":{"rendered":"<p>Sin\u00f3nimos: Alcohol Met\u00edlico, Carbinol<\/p>\n<p><a href=\"https:\/\/itwreagents.com\/iberia\/es\/product\/metanol-para-lc-ms\/701091\" target=\"_blank\" rel=\"noopener\"><span style=\"color: #800000;\"><strong>PanReac &amp; AppliChem<\/strong><\/span><\/a><\/p>\n<p><strong><span style=\"color: #0000ff;\">CODIGO DE COMPRA: PANR701091.1612<\/span><\/strong><\/p>\n<p><strong><span style=\"color: #ff00ff;\">INFORMACI\u00d3N T\u00c9CNICA:<\/span><\/strong><\/p>\n<dl class=\"info-prod\">\n<dt><span style=\"color: #ff00ff;\">Punto de Fusi\u00f3n: -97,8 \u00b0C<\/span><\/dt>\n<dt><span style=\"color: #ff00ff;\">Punto de Ebullici\u00f3n:\u00a064 &#8211; 65 \u00b0C<\/span><\/dt>\n<dt><span style=\"color: #ff00ff;\">Densidad:\u00a00,792 kg\/l<\/span><\/dt>\n<dt><span style=\"color: #ff00ff;\">\u00cdndice de refracci\u00f3n:\u00a020\/D 1,3292<\/span><\/dt>\n<dt class=\"break\"><span style=\"color: #ff00ff;\">Descripci\u00f3n F\u00edsica:\u00a0L\u00edquido<\/span><\/dt>\n<\/dl>\n<dl class=\"info-prod\">\n<dt><span style=\"color: #ff00ff;\">C\u00f3digo de Producto:\u00a0701091<\/span><\/dt>\n<dt><span style=\"color: #ff00ff;\">Nombre de Producto:\u00a0Metanol para LC-MS<\/span><\/dt>\n<dt><span style=\"color: #ff00ff;\">Nombre de Calidad:\u00a0para LC-MS<\/span><\/dt>\n<dt class=\"break\"><span style=\"color: #ff00ff;\">Especificaciones:<\/span><\/dt>\n<dd><span style=\"color: #ff00ff;\">Riqueza m\u00ednima (C.G.): 99,9%<\/span><br \/>\n<span style=\"color: #ff00ff;\">Identidad: IR conforme ensayo<\/span><br \/>\n<span style=\"color: #ff00ff;\">Densidad 20\/4: 0,791-0,792<\/span><br \/>\n<span style=\"color: #ff00ff;\">Aptitud: LC-MS: Conforme ensayo<\/span><span style=\"color: #ff00ff;\"><b>L\u00edmite m\u00e1ximo de impurezas<\/b><\/span><br \/>\n<span style=\"color: #ff00ff;\">Color APHA: 10<\/span><br \/>\n<span style=\"color: #ff00ff;\">Acidez: 0,0002 meq\/g<\/span><br \/>\n<span style=\"color: #ff00ff;\">Alcalinidad: 0,0002 meq\/g<\/span><br \/>\n<span style=\"color: #ff00ff;\">Residuo fijo: 0,0002 %<\/span><br \/>\n<span style=\"color: #ff00ff;\">Deriva de la l\u00ednea base (235 nm): 15 mUA<\/span><br \/>\n<span style=\"color: #ff00ff;\">Agua (H2O): 0,02 %<\/span><br \/>\n<span style=\"color: #ff00ff;\">Gradiente a 235 nm: 2 mUA<\/span><br \/>\n<span style=\"color: #ff00ff;\">Gradiente a 254 nm: 1 mUA<\/span><br \/>\n<span style=\"color: #ff00ff;\">Fluorescencia a 254 nm (en quinina): 1 ppb<\/span><br \/>\n<span style=\"color: #ff00ff;\">Fluorescencia a 365 nm (en quinina): 0,5 ppb<\/span><br \/>\n<span style=\"color: #ff00ff;\">Espectro UV (Camino \u00f3ptico: 1 cm. Ref.: agua):<\/span><br \/>\n<span style=\"color: #ff00ff;\">Transmitancia a 205 (Cut off) nm: \u226510%<\/span><br \/>\n<span style=\"color: #ff00ff;\">Transmitancia a 210 nm: \u226530%<\/span><br \/>\n<span style=\"color: #ff00ff;\">Transmitancia a 220 nm: \u226560%<\/span><br \/>\n<span style=\"color: #ff00ff;\">Transmitancia a 230 nm: \u226580%<\/span><br \/>\n<span style=\"color: #ff00ff;\">Transmitancia a 240 nm: \u226590%<\/span><br \/>\n<span style=\"color: #ff00ff;\">Transmitancia a 260-400 nm: \u226598%<\/span><span style=\"color: #ff00ff;\"><b>Metales [en mg\/Kg (ppm)]<\/b><\/span><br \/>\n<span style=\"color: #ff00ff;\">Ag: 0,05<\/span><br \/>\n<span style=\"color: #ff00ff;\">Al: 0,5<\/span><br \/>\n<span style=\"color: #ff00ff;\">Ba: 0,1<\/span><br \/>\n<span style=\"color: #ff00ff;\">Ca: 0,1<\/span><br \/>\n<span style=\"color: #ff00ff;\">Cd: 0,05<\/span><br \/>\n<span style=\"color: #ff00ff;\">Co: 0,02<\/span><br \/>\n<span style=\"color: #ff00ff;\">Cr: 0,02<\/span><br \/>\n<span style=\"color: #ff00ff;\">Cu: 0,01<\/span><br \/>\n<span style=\"color: #ff00ff;\">Fe: 0,1<\/span><br \/>\n<span style=\"color: #ff00ff;\">K: 0,1<\/span><br \/>\n<span style=\"color: #ff00ff;\">Mg: 0,1<\/span><br \/>\n<span style=\"color: #ff00ff;\">Mn: 0,01<\/span><br \/>\n<span style=\"color: #ff00ff;\">Na: 0,1<\/span><br \/>\n<span style=\"color: #ff00ff;\">Ni: 0,02<\/span><br \/>\n<span style=\"color: #ff00ff;\">Pb: 0,02<\/span><br \/>\n<span style=\"color: #ff00ff;\">Sn: 0,1<\/span><br \/>\n<span style=\"color: #ff00ff;\">Zn: 0,1<\/span><br \/>\n<span style=\"color: #ff00ff;\">Producto microfiltrado (0,2 \u03bcm) y envasado bajo atm\u00f3sfera de nitr\u00f3geno.<\/span><\/dd>\n<\/dl>\n<dl class=\"info-prod\">\n<dt><span style=\"color: #ff00ff;\">UN:\u00a01230<\/span><\/dt>\n<dt><span style=\"color: #ff00ff;\">Clase\/GE:\u00a03(6.1)\/II<\/span><\/dt>\n<dt><span style=\"color: #ff00ff;\">ADR:\u00a03(6.1)\/II<\/span><\/dt>\n<dt><span style=\"color: #ff00ff;\">IMDG:\u00a03(6.1)\/II<\/span><\/dt>\n<dt><span style=\"color: #ff00ff;\">IATA:\u00a03(6.1)\/II<\/span><\/dt>\n<dt><span style=\"color: #ff00ff;\">WGK:\u00a01<\/span><\/dt>\n<dt><span style=\"color: #ff00ff;\">Almacenaje:\u00a0Temperatura ambiente.<\/span><\/dt>\n<dt><span style=\"color: #ff00ff;\">Palabra de Peligro:\u00a0Peligro<\/span><\/dt>\n<\/dl>\n<dl class=\"info-prod\"><\/dl>\n<dl class=\"info-prod\">\n<dt><\/dt>\n<\/dl>\n","protected":false},"excerpt":{"rendered":"<p>Metanol para LC-MS<\/p>\n","protected":false},"featured_media":23500,"comment_status":"open","ping_status":"closed","template":"","meta":[],"product_brand":[],"product_cat":[182,184],"product_tag":[],"class_list":{"0":"post-23505","1":"product","2":"type-product","3":"status-publish","4":"has-post-thumbnail","6":"product_cat-https-web-losalquimistas-cl-index-php-product-category-solventes-hplc","7":"product_cat-solventes-para-analisis","8":"ts_product_brand-panreac-applichem","10":"first","11":"instock","12":"shipping-taxable","13":"product-type-simple","14":"add-to-wishlist-after_add_to_cart"},"jetpack_sharing_enabled":true,"_links":{"self":[{"href":"https:\/\/web.losalquimistas.cl\/index.php\/wp-json\/wp\/v2\/product\/23505","targetHints":{"allow":["GET"]}}],"collection":[{"href":"https:\/\/web.losalquimistas.cl\/index.php\/wp-json\/wp\/v2\/product"}],"about":[{"href":"https:\/\/web.losalquimistas.cl\/index.php\/wp-json\/wp\/v2\/types\/product"}],"replies":[{"embeddable":true,"href":"https:\/\/web.losalquimistas.cl\/index.php\/wp-json\/wp\/v2\/comments?post=23505"}],"wp:featuredmedia":[{"embeddable":true,"href":"https:\/\/web.losalquimistas.cl\/index.php\/wp-json\/wp\/v2\/media\/23500"}],"wp:attachment":[{"href":"https:\/\/web.losalquimistas.cl\/index.php\/wp-json\/wp\/v2\/media?parent=23505"}],"wp:term":[{"taxonomy":"product_brand","embeddable":true,"href":"https:\/\/web.losalquimistas.cl\/index.php\/wp-json\/wp\/v2\/product_brand?post=23505"},{"taxonomy":"product_cat","embeddable":true,"href":"https:\/\/web.losalquimistas.cl\/index.php\/wp-json\/wp\/v2\/product_cat?post=23505"},{"taxonomy":"product_tag","embeddable":true,"href":"https:\/\/web.losalquimistas.cl\/index.php\/wp-json\/wp\/v2\/product_tag?post=23505"}],"curies":[{"name":"wp","href":"https:\/\/api.w.org\/{rel}","templated":true}]}}