{"id":23163,"date":"2025-07-20T04:07:33","date_gmt":"2025-07-20T04:07:33","guid":{"rendered":"https:\/\/web.losalquimistas.cl\/?post_type=product&#038;p=23163"},"modified":"2025-07-20T04:13:22","modified_gmt":"2025-07-20T04:13:22","slug":"penicilina-g-sal-potasica-biochemica-cas113-98-4-envase-plastico-de-100-g-codigo-de-compra-appla1837-0100","status":"publish","type":"product","link":"https:\/\/web.losalquimistas.cl\/index.php\/product\/penicilina-g-sal-potasica-biochemica-cas113-98-4-envase-plastico-de-100-g-codigo-de-compra-appla1837-0100\/","title":{"rendered":"Penicilina G Sal Pot\u00e1sica BioChemica. CAS[113-98-4]. Envase pl\u00e1stico de 100 g. CODIGO DE COMPRA: APPLA1837.0100"},"content":{"rendered":"<p>Sin\u00f3nimos:<\/p>\n<h3><a href=\"https:\/\/itwreagents.com\/iberia\/es\/product\/penicilina-g-sal-potasica-ibiochemicai\/A1837\" target=\"_blank\" rel=\"noopener\"><span style=\"color: #800000;\">PanReac &amp; AppliChem<\/span><\/a><\/h3>\n<h3><span style=\"color: #0000ff;\">CODIGO DE COMPRA: APPLA1837.0100<\/span><\/h3>\n<h4><span style=\"color: #ff00ff;\"><strong>INFORMACION TECNICA<\/strong><\/span><\/h4>\n<dl class=\"info-prod\">\n<dt class=\"break\"><span style=\"color: #ff00ff;\">Descripci\u00f3n F\u00edsica:\u00a0S\u00f3lido<\/span><\/dt>\n<\/dl>\n<dl class=\"info-prod\">\n<dt><span style=\"color: #ff00ff;\">C\u00f3digo de Producto:\u00a0A1837<\/span><\/dt>\n<dt><span style=\"color: #ff00ff;\">Nombre de Producto:\u00a0Penicilina G Sal Pot\u00e1sica\u00a0<i>BioChemica<\/i><\/span><\/dt>\n<dt class=\"break\"><span style=\"color: #ff00ff;\">Especificaciones:<\/span><\/dt>\n<dd><span style=\"color: #ff00ff;\">Riqueza (HPLC): min. 98 %<\/span><br \/>\n<span style=\"color: #ff00ff;\">\u03b120\u00b0C\/D; 1 %, H<sub>2<\/sub>O: +285\u00b0 &#8211; +295\u00b0<\/span><br \/>\n<span style=\"color: #ff00ff;\">pH (5 %; H<sub>2<\/sub>O): 5,5 &#8211; 7,5<\/span><br \/>\n<span style=\"color: #ff00ff;\">Potencia (calc. en sust seca): min. 1440 U\/mg<\/span><br \/>\n<span style=\"color: #ff00ff;\">Agua (K.F.): max. 1 %<\/span><\/dd>\n<\/dl>\n<dl class=\"info-prod\">\n<dt><span style=\"color: #ff00ff;\">WGK:\u00a02<\/span><\/dt>\n<dt><span style=\"color: #ff00ff;\">Almacenaje:\u00a0Temperatura ambiente<\/span><\/dt>\n<dt><span style=\"color: #ff00ff;\">Palabra de Peligro:\u00a0Peligro<\/span><\/dt>\n<dt><\/dt>\n<\/dl>\n<dl class=\"info-prod\"><\/dl>\n<dl class=\"info-prod\">\n<dt><\/dt>\n<dd><\/dd>\n<\/dl>\n","protected":false},"excerpt":{"rendered":"<p>Penicilina G Sal Pot\u00e1sica BioChemica.<\/p>\n","protected":false},"featured_media":23158,"comment_status":"open","ping_status":"closed","template":"","meta":[],"product_brand":[],"product_cat":[45],"product_tag":[],"class_list":{"0":"post-23163","1":"product","2":"type-product","3":"status-publish","4":"has-post-thumbnail","6":"product_cat-reactivos-analiticos","7":"ts_product_brand-panreac-applichem","9":"first","10":"instock","11":"shipping-taxable","12":"product-type-simple","13":"add-to-wishlist-after_add_to_cart"},"jetpack_sharing_enabled":true,"_links":{"self":[{"href":"https:\/\/web.losalquimistas.cl\/index.php\/wp-json\/wp\/v2\/product\/23163","targetHints":{"allow":["GET"]}}],"collection":[{"href":"https:\/\/web.losalquimistas.cl\/index.php\/wp-json\/wp\/v2\/product"}],"about":[{"href":"https:\/\/web.losalquimistas.cl\/index.php\/wp-json\/wp\/v2\/types\/product"}],"replies":[{"embeddable":true,"href":"https:\/\/web.losalquimistas.cl\/index.php\/wp-json\/wp\/v2\/comments?post=23163"}],"wp:featuredmedia":[{"embeddable":true,"href":"https:\/\/web.losalquimistas.cl\/index.php\/wp-json\/wp\/v2\/media\/23158"}],"wp:attachment":[{"href":"https:\/\/web.losalquimistas.cl\/index.php\/wp-json\/wp\/v2\/media?parent=23163"}],"wp:term":[{"taxonomy":"product_brand","embeddable":true,"href":"https:\/\/web.losalquimistas.cl\/index.php\/wp-json\/wp\/v2\/product_brand?post=23163"},{"taxonomy":"product_cat","embeddable":true,"href":"https:\/\/web.losalquimistas.cl\/index.php\/wp-json\/wp\/v2\/product_cat?post=23163"},{"taxonomy":"product_tag","embeddable":true,"href":"https:\/\/web.losalquimistas.cl\/index.php\/wp-json\/wp\/v2\/product_tag?post=23163"}],"curies":[{"name":"wp","href":"https:\/\/api.w.org\/{rel}","templated":true}]}}