{"id":23142,"date":"2025-07-20T00:37:09","date_gmt":"2025-07-20T00:37:09","guid":{"rendered":"https:\/\/web.losalquimistas.cl\/?post_type=product&#038;p=23142"},"modified":"2025-07-20T00:43:25","modified_gmt":"2025-07-20T00:43:25","slug":"acido-1h-indol-3-butirico-99-para-sintesis-cas-133-32-4-frasco-de-vidrio-ambar-de-25-g-codigo-de-compra-panr155494-1606","status":"publish","type":"product","link":"https:\/\/web.losalquimistas.cl\/index.php\/product\/acido-1h-indol-3-butirico-99-para-sintesis-cas-133-32-4-frasco-de-vidrio-ambar-de-25-g-codigo-de-compra-panr155494-1606\/","title":{"rendered":"\u00c1cido 1H-Indol-3-But\u00edrico, 99% para s\u00edntesis. CAS [133-32-4]. Frasco de vidrio \u00e1mbar de 25 g. CODIGO DE COMPRA: PANR155494.1606"},"content":{"rendered":"<p>Sin\u00f3nimos: Acido 4-(3-Indolil) But\u00edrico, IBA<\/p>\n<h3><a href=\"https:\/\/www.itwreagents.com\/iberia\/es\/product\/acido-1h-indol-3-butirico-99-para-sintesis\/155494\" target=\"_blank\" rel=\"noopener\"><span style=\"color: #800000;\">PanReac &amp; AppliChem<\/span><\/a><\/h3>\n<h3><span style=\"color: #0000ff;\">CODIGO DE COMPRA:PANR155494.1606<\/span><\/h3>\n<h4><span style=\"color: #ff00ff;\"><strong>INFORMACION TECNICA<\/strong><\/span><\/h4>\n<dl class=\"info-prod\">\n<dt><span style=\"color: #ff00ff;\">Punto de Fusi\u00f3n: 125 \u00b0C<\/span><\/dt>\n<dt><span style=\"color: #ff00ff;\">Solubilidad:\u00a0Poco soluble en agua. Soluble en alcohol.<\/span><\/dt>\n<dt class=\"break\"><span style=\"color: #ff00ff;\">Descripci\u00f3n F\u00edsica:\u00a0S\u00f3lido<\/span><\/dt>\n<\/dl>\n<dl class=\"info-prod\">\n<dt><span style=\"color: #ff00ff;\">C\u00f3digo de Producto:\u00a0155494<\/span><\/dt>\n<dt><span style=\"color: #ff00ff;\">Nombre de Producto:\u00a0\u00c1cido 1H-Indol-3-But\u00edrico, 99% para s\u00edntesis<\/span><\/dt>\n<dt><span style=\"color: #ff00ff;\">Nombre de Calidad:\u00a0para s\u00edntesis<\/span><\/dt>\n<dt class=\"break\"><span style=\"color: #ff00ff;\">Especificaciones:\u00a0Riqueza: 99%<\/span><br \/>\n<span style=\"color: #ff00ff;\">Identidad: IR conforme ensayo<\/span><\/dt>\n<\/dl>\n<dl class=\"info-prod\">\n<dt><span style=\"color: #ff00ff;\">UN:\u00a02811<\/span><\/dt>\n<dt><span style=\"color: #ff00ff;\">Clase\/GE:\u00a06.1\/III<\/span><\/dt>\n<dt><span style=\"color: #ff00ff;\">ADR:\u00a06.1\/III<\/span><\/dt>\n<dt><span style=\"color: #ff00ff;\">IMDG:\u00a06.1\/III<\/span><\/dt>\n<dt><span style=\"color: #ff00ff;\">IATA:\u00a06.1\/III<\/span><\/dt>\n<dt><span style=\"color: #ff00ff;\">WGK:\u00a03<\/span><\/dt>\n<dt><span style=\"color: #ff00ff;\">Almacenaje:\u00a0Almacenar entre +2 y +8\u00b0C .<\/span><\/dt>\n<dt><span style=\"color: #ff00ff;\">Palabra de Peligro:\u00a0Atenci\u00f3n<\/span><\/dt>\n<\/dl>\n<p>&nbsp;<\/p>\n","protected":false},"excerpt":{"rendered":"<p>\u00c1cido 1H-Indol-3-But\u00edrico, 99% para s\u00edntesis.<\/p>\n","protected":false},"featured_media":23004,"comment_status":"open","ping_status":"closed","template":"","meta":[],"product_brand":[],"product_cat":[45,184],"product_tag":[],"class_list":{"0":"post-23142","1":"product","2":"type-product","3":"status-publish","4":"has-post-thumbnail","6":"product_cat-reactivos-analiticos","7":"product_cat-solventes-para-analisis","8":"ts_product_brand-panreac-applichem","10":"first","11":"instock","12":"shipping-taxable","13":"product-type-simple","14":"add-to-wishlist-after_add_to_cart"},"jetpack_sharing_enabled":true,"_links":{"self":[{"href":"https:\/\/web.losalquimistas.cl\/index.php\/wp-json\/wp\/v2\/product\/23142","targetHints":{"allow":["GET"]}}],"collection":[{"href":"https:\/\/web.losalquimistas.cl\/index.php\/wp-json\/wp\/v2\/product"}],"about":[{"href":"https:\/\/web.losalquimistas.cl\/index.php\/wp-json\/wp\/v2\/types\/product"}],"replies":[{"embeddable":true,"href":"https:\/\/web.losalquimistas.cl\/index.php\/wp-json\/wp\/v2\/comments?post=23142"}],"wp:featuredmedia":[{"embeddable":true,"href":"https:\/\/web.losalquimistas.cl\/index.php\/wp-json\/wp\/v2\/media\/23004"}],"wp:attachment":[{"href":"https:\/\/web.losalquimistas.cl\/index.php\/wp-json\/wp\/v2\/media?parent=23142"}],"wp:term":[{"taxonomy":"product_brand","embeddable":true,"href":"https:\/\/web.losalquimistas.cl\/index.php\/wp-json\/wp\/v2\/product_brand?post=23142"},{"taxonomy":"product_cat","embeddable":true,"href":"https:\/\/web.losalquimistas.cl\/index.php\/wp-json\/wp\/v2\/product_cat?post=23142"},{"taxonomy":"product_tag","embeddable":true,"href":"https:\/\/web.losalquimistas.cl\/index.php\/wp-json\/wp\/v2\/product_tag?post=23142"}],"curies":[{"name":"wp","href":"https:\/\/api.w.org\/{rel}","templated":true}]}}