{"id":23113,"date":"2025-07-18T20:57:32","date_gmt":"2025-07-18T20:57:32","guid":{"rendered":"https:\/\/web.losalquimistas.cl\/?post_type=product&#038;p=23113"},"modified":"2025-07-18T21:05:16","modified_gmt":"2025-07-18T21:05:16","slug":"aquametric-titrant-5-para-analisis-volumetrico-segun-karl-fischer-botella-de-vidrio-ambar-de-1-l-codigo-de-compra-panr285815-1611","status":"publish","type":"product","link":"https:\/\/web.losalquimistas.cl\/index.php\/product\/aquametric-titrant-5-para-analisis-volumetrico-segun-karl-fischer-botella-de-vidrio-ambar-de-1-l-codigo-de-compra-panr285815-1611\/","title":{"rendered":"AQUAMETRIC Titrant 5 para an\u00e1lisis volum\u00e9trico seg\u00fan Karl Fischer. Botella de vidrio \u00e1mbar de 1 L.  CODIGO DE COMPRA: PANR285815.1611"},"content":{"rendered":"<h3><a href=\"https:\/\/www.itwreagents.com\/iberia\/es\/product\/aquametric-titrant-5-para-analisis-volumetrico-segun-karl-fischer\/285815\" target=\"_blank\" rel=\"noopener\"><span style=\"color: #800000;\">PanReac &amp; AppliChem<\/span><\/a><\/h3>\n<h3><span style=\"color: #0000ff;\">CODIGO DE COMPRA: PANR285815.1611\u00a0<\/span><\/h3>\n<h4><strong><span style=\"color: #ff00ff;\">INFORMACION TECNICA<\/span><\/strong><\/h4>\n<dl class=\"info-prod\"><\/dl>\n<dl class=\"info-prod\">\n<dt><span style=\"color: #ff00ff;\">Punto de Ebullici\u00f3n:\u00a064,7 \u00b0C<\/span><\/dt>\n<dt><span style=\"color: #ff00ff;\">Densidad:\u00a00,85 kg\/l<\/span><\/dt>\n<dt class=\"break\"><span style=\"color: #ff00ff;\">Descripci\u00f3n F\u00edsica:\u00a0L\u00edquido<\/span><\/dt>\n<\/dl>\n<dl class=\"info-prod\">\n<dt><span style=\"color: #ff00ff;\">C\u00f3digo de Producto: 285815<\/span><\/dt>\n<dt><span style=\"color: #ff00ff;\">Nombre de Producto: AQUAMETRIC Titrant 5 para an\u00e1lisis volum\u00e9trico seg\u00fan Karl Fischer<\/span><\/dt>\n<dt><span style=\"color: #ff00ff;\">Nombre de Calidad:\u00a0para an\u00e1lisis volum\u00e9trico seg\u00fan Karl Fischer<\/span><\/dt>\n<dt><span style=\"color: #ff00ff;\">Comentario de Cabecera:\u00a0para valoraciones de Karl Fischer. 1 ml corresponde a m\u00edn. 5,0 mg de H2O (20\u00b0C). Usar con AQUAMETRIC Solvent<\/span><\/dt>\n<dt class=\"break\"><span style=\"color: #ff00ff;\">Especificaciones:<\/span><\/dt>\n<dd><span style=\"color: #ff00ff;\">1 ml corresponde a:: m\u00edn. 5,0 mg de H2O (20\u00b0C)*<\/span><br \/>\n<span style=\"color: #ff00ff;\">Proteger de la humedad.<\/span><br \/>\n<span style=\"color: #ff00ff;\">* En el momento del an\u00e1lisis del lote.<\/span><\/dd>\n<\/dl>\n<dl class=\"info-prod\">\n<dt><span style=\"color: #ff00ff;\">UN:\u00a03286<\/span><\/dt>\n<dt><span style=\"color: #ff00ff;\">Clase\/GE:\u00a03(6.1)(8)\/II<\/span><\/dt>\n<dt><span style=\"color: #ff00ff;\">ADR:\u00a03(6.1)(8)\/II<\/span><\/dt>\n<dt><span style=\"color: #ff00ff;\">IMDG:\u00a03(6.1)(8)\/II<\/span><\/dt>\n<dt><span style=\"color: #ff00ff;\">IATA:\u00a03(6.1)(8)\/II<\/span><\/dt>\n<dt><span style=\"color: #ff00ff;\">WGK:\u00a01<\/span><\/dt>\n<dt><span style=\"color: #ff00ff;\">Almacenaje:\u00a0Temperatura ambiente.<\/span><\/dt>\n<dt><span style=\"color: #ff00ff;\">Palabra de Peligro:\u00a0Peligro<\/span><\/dt>\n<\/dl>\n","protected":false},"excerpt":{"rendered":"<p>AQUAMETRIC<\/p>\n","protected":false},"featured_media":22966,"comment_status":"open","ping_status":"closed","template":"","meta":[],"product_brand":[],"product_cat":[45],"product_tag":[],"class_list":{"0":"post-23113","1":"product","2":"type-product","3":"status-publish","4":"has-post-thumbnail","6":"product_cat-reactivos-analiticos","7":"ts_product_brand-panreac-applichem","9":"first","10":"instock","11":"shipping-taxable","12":"product-type-simple","13":"add-to-wishlist-after_add_to_cart"},"jetpack_sharing_enabled":true,"_links":{"self":[{"href":"https:\/\/web.losalquimistas.cl\/index.php\/wp-json\/wp\/v2\/product\/23113","targetHints":{"allow":["GET"]}}],"collection":[{"href":"https:\/\/web.losalquimistas.cl\/index.php\/wp-json\/wp\/v2\/product"}],"about":[{"href":"https:\/\/web.losalquimistas.cl\/index.php\/wp-json\/wp\/v2\/types\/product"}],"replies":[{"embeddable":true,"href":"https:\/\/web.losalquimistas.cl\/index.php\/wp-json\/wp\/v2\/comments?post=23113"}],"wp:featuredmedia":[{"embeddable":true,"href":"https:\/\/web.losalquimistas.cl\/index.php\/wp-json\/wp\/v2\/media\/22966"}],"wp:attachment":[{"href":"https:\/\/web.losalquimistas.cl\/index.php\/wp-json\/wp\/v2\/media?parent=23113"}],"wp:term":[{"taxonomy":"product_brand","embeddable":true,"href":"https:\/\/web.losalquimistas.cl\/index.php\/wp-json\/wp\/v2\/product_brand?post=23113"},{"taxonomy":"product_cat","embeddable":true,"href":"https:\/\/web.losalquimistas.cl\/index.php\/wp-json\/wp\/v2\/product_cat?post=23113"},{"taxonomy":"product_tag","embeddable":true,"href":"https:\/\/web.losalquimistas.cl\/index.php\/wp-json\/wp\/v2\/product_tag?post=23113"}],"curies":[{"name":"wp","href":"https:\/\/api.w.org\/{rel}","templated":true}]}}