{"id":23109,"date":"2025-07-18T20:15:24","date_gmt":"2025-07-18T20:15:24","guid":{"rendered":"https:\/\/web.losalquimistas.cl\/?post_type=product&#038;p=23109"},"modified":"2025-07-18T20:36:56","modified_gmt":"2025-07-18T20:36:56","slug":"sodio-hidroxido-05-mol-l-05n-reag-usp-solucion-valorada-cas1310-73-2-caja-pck-de-10-l-codigo-de-compra-panr181692-1315","status":"publish","type":"product","link":"https:\/\/web.losalquimistas.cl\/index.php\/product\/sodio-hidroxido-05-mol-l-05n-reag-usp-solucion-valorada-cas1310-73-2-caja-pck-de-10-l-codigo-de-compra-panr181692-1315\/","title":{"rendered":"Sodio Hidr\u00f3xido 0,5 mol\/l (0,5N) (Reag. USP) soluci\u00f3n valorada. CAS[1310-73-2].  Caja Pck de 10 L. CODIGO DE COMPRA: PANR181692.1315"},"content":{"rendered":"<p>Sin\u00f3nimo: Lej\u00eda de Sosa<\/p>\n<h3><a href=\"https:\/\/www.itwreagents.com\/iberia\/es\/product\/sodio-hidroxido-05-moll-05n-reag-usp-solucion-valorada\/181692\" target=\"_blank\" rel=\"noopener\"><span style=\"color: #800000;\">PanReac &amp; AppliChem<\/span><\/a><\/h3>\n<h3><span style=\"color: #0000ff;\">CODIGO DE COMPRA: PANR181692.1315\u00a0<\/span><\/h3>\n<h4><span style=\"color: #ff00ff;\"><strong>INFORMACION TECNICA<\/strong><\/span><\/h4>\n<dl class=\"info-prod\">\n<dt><span style=\"color: #ff00ff;\">Densidad:\u00a01,021 kg\/l<\/span><\/dt>\n<dt class=\"break\"><span style=\"color: #ff00ff;\">Descripci\u00f3n F\u00edsica:\u00a0L\u00edquido<\/span><br \/>\n<span style=\"color: #ff00ff;\">c\u00e1ustico, absorbe CO2 del aire<\/span><\/dt>\n<\/dl>\n<dl class=\"info-prod\">\n<dt><span style=\"color: #ff00ff;\">C\u00f3digo de Producto:\u00a0181692<\/span><\/dt>\n<dt><span style=\"color: #ff00ff;\">Nombre de Producto:\u00a0Sodio Hidr\u00f3xido 0,5 mol\/l (0,5N) (Reag. USP) soluci\u00f3n valorada<\/span><\/dt>\n<dt><span style=\"color: #ff00ff;\">Nombre de Calidad:\u00a0soluci\u00f3n valorada<\/span><\/dt>\n<dt><span style=\"color: #ff00ff;\">Comentario de Cabecera: Indicador: Azul de Bromofenol<\/span><\/dt>\n<dt class=\"break\"><span style=\"color: #ff00ff;\">Especificaciones:\u00a0Factor a 20\u00b0C: 0,999 &#8211; 1,001<\/span><br \/>\n<span style=\"color: #ff00ff;\">Incertidumbre: Ver certificado<\/span><br \/>\n<span style=\"color: #ff00ff;\">Trazabilidad: NIST<\/span><\/dt>\n<\/dl>\n<dl class=\"info-prod\">\n<dt><span style=\"color: #ff00ff;\">UN:\u00a01824<\/span><\/dt>\n<dt><span style=\"color: #ff00ff;\">Clase\/GE:\u00a08\/II<\/span><\/dt>\n<dt><span style=\"color: #ff00ff;\">ADR:\u00a08\/II<\/span><\/dt>\n<dt><span style=\"color: #ff00ff;\">IMDG:\u00a08\/II<\/span><\/dt>\n<dt><span style=\"color: #ff00ff;\">IATA:\u00a08\/II<\/span><\/dt>\n<dt><span style=\"color: #ff00ff;\">WGK:\u00a01<\/span><\/dt>\n<dt><span style=\"color: #ff00ff;\">Almacenaje:\u00a0Temperatura ambiente.<\/span><\/dt>\n<dt><span style=\"color: #ff00ff;\">Palabra de Peligro: Peligro<\/span><\/dt>\n<\/dl>\n","protected":false},"excerpt":{"rendered":"<p>Sodio Hidr\u00f3xido<\/p>\n","protected":false},"featured_media":23107,"comment_status":"open","ping_status":"closed","template":"","meta":[],"product_brand":[],"product_cat":[45],"product_tag":[],"class_list":{"0":"post-23109","1":"product","2":"type-product","3":"status-publish","4":"has-post-thumbnail","6":"product_cat-reactivos-analiticos","7":"ts_product_brand-panreac-applichem","9":"first","10":"instock","11":"shipping-taxable","12":"product-type-simple","13":"add-to-wishlist-after_add_to_cart"},"jetpack_sharing_enabled":true,"_links":{"self":[{"href":"https:\/\/web.losalquimistas.cl\/index.php\/wp-json\/wp\/v2\/product\/23109","targetHints":{"allow":["GET"]}}],"collection":[{"href":"https:\/\/web.losalquimistas.cl\/index.php\/wp-json\/wp\/v2\/product"}],"about":[{"href":"https:\/\/web.losalquimistas.cl\/index.php\/wp-json\/wp\/v2\/types\/product"}],"replies":[{"embeddable":true,"href":"https:\/\/web.losalquimistas.cl\/index.php\/wp-json\/wp\/v2\/comments?post=23109"}],"wp:featuredmedia":[{"embeddable":true,"href":"https:\/\/web.losalquimistas.cl\/index.php\/wp-json\/wp\/v2\/media\/23107"}],"wp:attachment":[{"href":"https:\/\/web.losalquimistas.cl\/index.php\/wp-json\/wp\/v2\/media?parent=23109"}],"wp:term":[{"taxonomy":"product_brand","embeddable":true,"href":"https:\/\/web.losalquimistas.cl\/index.php\/wp-json\/wp\/v2\/product_brand?post=23109"},{"taxonomy":"product_cat","embeddable":true,"href":"https:\/\/web.losalquimistas.cl\/index.php\/wp-json\/wp\/v2\/product_cat?post=23109"},{"taxonomy":"product_tag","embeddable":true,"href":"https:\/\/web.losalquimistas.cl\/index.php\/wp-json\/wp\/v2\/product_tag?post=23109"}],"curies":[{"name":"wp","href":"https:\/\/api.w.org\/{rel}","templated":true}]}}