{"id":23084,"date":"2025-07-17T16:39:30","date_gmt":"2025-07-17T16:39:30","guid":{"rendered":"https:\/\/web.losalquimistas.cl\/?post_type=product&#038;p=23084"},"modified":"2025-07-17T16:45:49","modified_gmt":"2025-07-17T16:45:49","slug":"hidroxilamonio-cloruro-reag-usp-ph-eur-para-analisis-acs-iso-cas-5470-11-1-envase-plastico-de-250-g-codigo-de-compra-panr131914-1209","status":"publish","type":"product","link":"https:\/\/web.losalquimistas.cl\/index.php\/product\/hidroxilamonio-cloruro-reag-usp-ph-eur-para-analisis-acs-iso-cas-5470-11-1-envase-plastico-de-250-g-codigo-de-compra-panr131914-1209\/","title":{"rendered":"Hidroxilamonio Cloruro (Reag. USP, Ph. Eur.) para an\u00e1lisis, ACS, ISO. CAS [5470-11-1]. Envase pl\u00e1stico de 250 g. CODIGO DE COMPRA: PANR131914.1209"},"content":{"rendered":"<p>Sin\u00f3nimos: Hidroxilamina Clorhidrato<\/p>\n<h3><a href=\"https:\/\/www.itwreagents.com\/iberia\/es\/product\/hidroxilamonio-cloruro-reag-usp-ph-eur-para-analisis-acs-iso\/131914\" target=\"_blank\" rel=\"noopener\"><span style=\"color: #800000;\">PanReac &amp; AppliChem<\/span><\/a><\/h3>\n<h3><span style=\"color: #0000ff;\">CODIGO DE COMPRA: PANR131914.1209<\/span><\/h3>\n<h4><strong><span style=\"color: #ff00ff;\">INFORMACION TECNICA<\/span><\/strong><\/h4>\n<p><span style=\"color: #ff00ff;\">Punto de Fusi\u00f3n: 151 \u00b0C<\/span><\/p>\n<dl class=\"info-prod\">\n<dt><span style=\"color: #ff00ff;\">Solubilidad:\u00a0agua 1.000 g\/l a 20 \u00b0C<\/span><\/dt>\n<dt class=\"break\"><span style=\"color: #ff00ff;\">Descripci\u00f3n F\u00edsica:\u00a0S\u00f3lido<\/span><\/dt>\n<\/dl>\n<dl class=\"info-prod\">\n<dt><span style=\"color: #ff00ff;\">C\u00f3digo de Producto:\u00a0131914<\/span><\/dt>\n<dt><span style=\"color: #ff00ff;\">Nombre de Producto:\u00a0Hidroxilamonio Cloruro (Reag. USP, Ph. Eur.) para an\u00e1lisis, ACS, ISO<\/span><\/dt>\n<dt><span style=\"color: #ff00ff;\">Nombre de Calidad:\u00a0para an\u00e1lisis, ACS, ISO<\/span><\/dt>\n<dt class=\"break\"><span style=\"color: #ff00ff;\">Especificaciones:<\/span><\/dt>\n<dd><span style=\"color: #ff00ff;\">Riqueza m\u00ednima (Perm.): 99,5%<\/span><br \/>\n<span style=\"color: #ff00ff;\">pH sol. 5%: 2,5-4,0<\/span><\/p>\n<p><span style=\"color: #ff00ff;\"><b>L\u00edmite m\u00e1ximo de impurezas<\/b><\/span><br \/>\n<span style=\"color: #ff00ff;\">Acidez: 0,25 meq\/g<\/span><br \/>\n<span style=\"color: #ff00ff;\">Insoluble en C2H5OH: 0,005 %<\/span><br \/>\n<span style=\"color: #ff00ff;\">Insoluble en H2O: 0,005 %<\/span><br \/>\n<span style=\"color: #ff00ff;\">Residuo de calcinaci\u00f3n (en SO4): 0,01 %<\/span><br \/>\n<span style=\"color: #ff00ff;\">Compuestos de S (en SO4): 0,002 %<\/span><br \/>\n<span style=\"color: #ff00ff;\">Amonio (NH4): 0,05%<\/span><br \/>\n<span style=\"color: #ff00ff;\">As: 0,0001 %<\/span><br \/>\n<span style=\"color: #ff00ff;\">Metales pesados (en Pb): 0,0005%<\/span><\/p>\n<p><span style=\"color: #ff00ff;\"><b>Metales por ICP [en mg\/Kg (ppm)]<\/b><\/span><br \/>\n<span style=\"color: #ff00ff;\">Bi: 5<\/span><br \/>\n<span style=\"color: #ff00ff;\">Cd: 5<\/span><br \/>\n<span style=\"color: #ff00ff;\">Co: 5<\/span><br \/>\n<span style=\"color: #ff00ff;\">Cr: 5<\/span><br \/>\n<span style=\"color: #ff00ff;\">Cu: 5<\/span><br \/>\n<span style=\"color: #ff00ff;\">Fe: 5<\/span><br \/>\n<span style=\"color: #ff00ff;\">Ga: 5<\/span><br \/>\n<span style=\"color: #ff00ff;\">Ge: 5<\/span><br \/>\n<span style=\"color: #ff00ff;\">In: 5<\/span><br \/>\n<span style=\"color: #ff00ff;\">K: 50<\/span><br \/>\n<span style=\"color: #ff00ff;\">Mg: 5<\/span><br \/>\n<span style=\"color: #ff00ff;\">Mn: 5<\/span><br \/>\n<span style=\"color: #ff00ff;\">Na: 50<\/span><br \/>\n<span style=\"color: #ff00ff;\">Ni: 5<\/span><br \/>\n<span style=\"color: #ff00ff;\">Pb: 5<\/span><br \/>\n<span style=\"color: #ff00ff;\">Sr: 5<\/span><br \/>\n<span style=\"color: #ff00ff;\">Tl: 5<\/span><br \/>\n<span style=\"color: #ff00ff;\">V: 5<\/span><br \/>\n<span style=\"color: #ff00ff;\">Zn: 5<\/span><br \/>\n<span style=\"color: #ff00ff;\">Zr: 5<\/span><\/dd>\n<\/dl>\n<dl class=\"info-prod\">\n<dt><span style=\"color: #ff00ff;\">UN:\u00a01759<\/span><\/dt>\n<dt><span style=\"color: #ff00ff;\">Clase\/GE:\u00a08\/III<\/span><\/dt>\n<dt><span style=\"color: #ff00ff;\">ADR:\u00a08\/III<\/span><\/dt>\n<dt><span style=\"color: #ff00ff;\">IMDG:\u00a08\/III<\/span><\/dt>\n<dt><span style=\"color: #ff00ff;\">IATA:\u00a08\/III<\/span><\/dt>\n<dt><span style=\"color: #ff00ff;\">WGK:\u00a03<\/span><\/dt>\n<dt><span style=\"color: #ff00ff;\">Almacenaje:\u00a0Temperatura ambiente.<\/span><\/dt>\n<dt><span style=\"color: #ff00ff;\">Palabra de Peligro:\u00a0Atenci\u00f3n<\/span><\/dt>\n<\/dl>\n","protected":false},"excerpt":{"rendered":"<p>Hidroxilamonio Cloruro<\/p>\n","protected":false},"featured_media":22960,"comment_status":"open","ping_status":"closed","template":"","meta":[],"product_brand":[],"product_cat":[45,17],"product_tag":[],"class_list":{"0":"post-23084","1":"product","2":"type-product","3":"status-publish","4":"has-post-thumbnail","6":"product_cat-reactivos-analiticos","7":"product_cat-uso-general","8":"ts_product_brand-panreac-applichem","10":"first","11":"instock","12":"shipping-taxable","13":"product-type-simple","14":"add-to-wishlist-after_add_to_cart"},"jetpack_sharing_enabled":true,"_links":{"self":[{"href":"https:\/\/web.losalquimistas.cl\/index.php\/wp-json\/wp\/v2\/product\/23084","targetHints":{"allow":["GET"]}}],"collection":[{"href":"https:\/\/web.losalquimistas.cl\/index.php\/wp-json\/wp\/v2\/product"}],"about":[{"href":"https:\/\/web.losalquimistas.cl\/index.php\/wp-json\/wp\/v2\/types\/product"}],"replies":[{"embeddable":true,"href":"https:\/\/web.losalquimistas.cl\/index.php\/wp-json\/wp\/v2\/comments?post=23084"}],"wp:featuredmedia":[{"embeddable":true,"href":"https:\/\/web.losalquimistas.cl\/index.php\/wp-json\/wp\/v2\/media\/22960"}],"wp:attachment":[{"href":"https:\/\/web.losalquimistas.cl\/index.php\/wp-json\/wp\/v2\/media?parent=23084"}],"wp:term":[{"taxonomy":"product_brand","embeddable":true,"href":"https:\/\/web.losalquimistas.cl\/index.php\/wp-json\/wp\/v2\/product_brand?post=23084"},{"taxonomy":"product_cat","embeddable":true,"href":"https:\/\/web.losalquimistas.cl\/index.php\/wp-json\/wp\/v2\/product_cat?post=23084"},{"taxonomy":"product_tag","embeddable":true,"href":"https:\/\/web.losalquimistas.cl\/index.php\/wp-json\/wp\/v2\/product_tag?post=23084"}],"curies":[{"name":"wp","href":"https:\/\/api.w.org\/{rel}","templated":true}]}}