{"id":23083,"date":"2025-07-17T16:29:16","date_gmt":"2025-07-17T16:29:16","guid":{"rendered":"https:\/\/web.losalquimistas.cl\/?post_type=product&#038;p=23083"},"modified":"2025-07-17T16:37:17","modified_gmt":"2025-07-17T16:37:17","slug":"fenolftaleina-reag-usp-ph-eur-para-analisis-acs-cas77-09-8-envase-plastico-de-100-g-codigo-de-compra-panr131325-1208","status":"publish","type":"product","link":"https:\/\/web.losalquimistas.cl\/index.php\/product\/fenolftaleina-reag-usp-ph-eur-para-analisis-acs-cas77-09-8-envase-plastico-de-100-g-codigo-de-compra-panr131325-1208\/","title":{"rendered":"Fenolftale\u00edna (Reag. USP, Ph. Eur.) para an\u00e1lisis, ACS. CAS[77-09-8]. Envase pl\u00e1stico de 100 g. CODIGO DE COMPRA: PANR131325.1208"},"content":{"rendered":"<p>Sin\u00f3nimos: 3,3-bis-(4-Hidroxifenil)-1-(3H)-isoBenzofuranona, 3,3-bis-(4-Hidroxifenil)Ftalida<\/p>\n<h3><a href=\"https:\/\/www.itwreagents.com\/iberia\/es\/product\/fenolftaleina-reag-usp-ph-eur-para-analisis-acs\/131325\" target=\"_blank\" rel=\"noopener\"><span style=\"color: #800000;\">PanReac &amp; AppliChem<\/span><\/a><\/h3>\n<h3><span style=\"color: #0000ff;\">CODIGO DE COMPRA: PANR131325.1208<\/span><\/h3>\n<h4><span style=\"color: #ff00ff;\"><strong>INFORMACION TECNICA<\/strong><\/span><\/h4>\n<dl class=\"info-prod\">\n<dt><span style=\"color: #ff00ff;\">Punto de Fusi\u00f3n: 258 &#8211; 263 \u00b0C<\/span><\/dt>\n<dt><span style=\"color: #ff00ff;\">Solubilidad:\u00a0Insoluble en agua<\/span><\/dt>\n<dt class=\"break\"><span style=\"color: #ff00ff;\">Descripci\u00f3n F\u00edsica:\u00a0S\u00f3lido<\/span><\/dt>\n<\/dl>\n<dl class=\"info-prod\">\n<dt><span style=\"color: #ff00ff;\">C\u00f3digo de Producto:\u00a0131325<\/span><\/dt>\n<dt><span style=\"color: #ff00ff;\">Nombre de Producto:\u00a0Fenolftale\u00edna (Reag. USP, Ph. Eur.) para an\u00e1lisis, ACS<\/span><\/dt>\n<dt><span style=\"color: #ff00ff;\">Nombre de Calidad:\u00a0para an\u00e1lisis, ACS<\/span><\/dt>\n<dt class=\"break\"><span style=\"color: #ff00ff;\">Especificaciones:<\/span><\/dt>\n<dd><span style=\"color: #ff00ff;\">Riqueza m\u00ednima (HPLC.): 99,0%<\/span><br \/>\n<span style=\"color: #ff00ff;\">Identidad: IR conforme ensayo<\/span><br \/>\n<span style=\"color: #ff00ff;\">A 1%, 1 cm, \u03bb m\u00e1x.: &gt;680<\/span><br \/>\n<span style=\"color: #ff00ff;\">\u03bb de la ABS m\u00e1x.: 551 &#8211; 554 nm<\/span><br \/>\n<span style=\"color: #ff00ff;\">Intervalo de fusi\u00f3n: 258-263\u00b0C<\/span><br \/>\n<span style=\"color: #ff00ff;\">Intervalo de viraje seg\u00fan ACS: Conforme ensayo<\/span><br \/>\n<span style=\"color: #ff00ff;\">C.C.F.: Conforme ensayo<\/span><\/p>\n<p><span style=\"color: #ff00ff;\"><b>L\u00edmite m\u00e1ximo de impurezas<\/b><\/span><br \/>\n<span style=\"color: #ff00ff;\">Intervalo de viraje de pH: incoloro: 8,0<\/span><br \/>\n<span style=\"color: #ff00ff;\">Intervalo de viraje de pH: rojo violeta: 10,0<\/span><br \/>\n<span style=\"color: #ff00ff;\">Insoluble en C2H5OH: Conforme ensayo<\/span><br \/>\n<span style=\"color: #ff00ff;\">P\u00e9rdida por desecaci\u00f3n a 105\u00b0C: 1,0%<\/span><br \/>\n<span style=\"color: #ff00ff;\">Residuo de calcinaci\u00f3n (en SO4): 0,1 %<\/span><br \/>\n<span style=\"color: #ff00ff;\">As: 0,0002 %<\/span><br \/>\n<span style=\"color: #ff00ff;\">Cu: 0,0005 %<\/span><br \/>\n<span style=\"color: #ff00ff;\">Fe: 0,005 %<\/span><br \/>\n<span style=\"color: #ff00ff;\">Ni: 0,0005 %<\/span><br \/>\n<span style=\"color: #ff00ff;\">Pb: 0,0005 %<\/span><\/dd>\n<\/dl>\n<dl class=\"info-prod\">\n<dt><span style=\"color: #ff00ff;\">WGK:\u00a03<\/span><\/dt>\n<dt><span style=\"color: #ff00ff;\">Almacenaje:\u00a0Mantener al abrigo de la luz directa.<\/span><\/dt>\n<dt><span style=\"color: #ff00ff;\">Palabra de Peligro:\u00a0Peligro<\/span><\/dt>\n<\/dl>\n<dl class=\"info-prod\"><\/dl>\n<dl class=\"info-prod\">\n<dt><\/dt>\n<dd><\/dd>\n<\/dl>\n","protected":false},"excerpt":{"rendered":"<p>Fenolftale\u00edna<\/p>\n","protected":false},"featured_media":23013,"comment_status":"open","ping_status":"closed","template":"","meta":[],"product_brand":[],"product_cat":[45],"product_tag":[],"class_list":{"0":"post-23083","1":"product","2":"type-product","3":"status-publish","4":"has-post-thumbnail","6":"product_cat-reactivos-analiticos","7":"ts_product_brand-panreac-applichem","9":"first","10":"instock","11":"shipping-taxable","12":"product-type-simple","13":"add-to-wishlist-after_add_to_cart"},"jetpack_sharing_enabled":true,"_links":{"self":[{"href":"https:\/\/web.losalquimistas.cl\/index.php\/wp-json\/wp\/v2\/product\/23083","targetHints":{"allow":["GET"]}}],"collection":[{"href":"https:\/\/web.losalquimistas.cl\/index.php\/wp-json\/wp\/v2\/product"}],"about":[{"href":"https:\/\/web.losalquimistas.cl\/index.php\/wp-json\/wp\/v2\/types\/product"}],"replies":[{"embeddable":true,"href":"https:\/\/web.losalquimistas.cl\/index.php\/wp-json\/wp\/v2\/comments?post=23083"}],"wp:featuredmedia":[{"embeddable":true,"href":"https:\/\/web.losalquimistas.cl\/index.php\/wp-json\/wp\/v2\/media\/23013"}],"wp:attachment":[{"href":"https:\/\/web.losalquimistas.cl\/index.php\/wp-json\/wp\/v2\/media?parent=23083"}],"wp:term":[{"taxonomy":"product_brand","embeddable":true,"href":"https:\/\/web.losalquimistas.cl\/index.php\/wp-json\/wp\/v2\/product_brand?post=23083"},{"taxonomy":"product_cat","embeddable":true,"href":"https:\/\/web.losalquimistas.cl\/index.php\/wp-json\/wp\/v2\/product_cat?post=23083"},{"taxonomy":"product_tag","embeddable":true,"href":"https:\/\/web.losalquimistas.cl\/index.php\/wp-json\/wp\/v2\/product_tag?post=23083"}],"curies":[{"name":"wp","href":"https:\/\/api.w.org\/{rel}","templated":true}]}}