{"id":23032,"date":"2025-07-15T17:17:57","date_gmt":"2025-07-15T17:17:57","guid":{"rendered":"https:\/\/web.losalquimistas.cl\/?post_type=product&#038;p=23032"},"modified":"2025-07-17T08:07:15","modified_gmt":"2025-07-17T08:07:15","slug":"tris-para-analisis-acs-envase-de-plastico-de-1-kg-cas-77-86-1-codigo-de-compra-panr131940-1211","status":"publish","type":"product","link":"https:\/\/web.losalquimistas.cl\/index.php\/product\/tris-para-analisis-acs-envase-de-plastico-de-1-kg-cas-77-86-1-codigo-de-compra-panr131940-1211\/","title":{"rendered":"Tris para an\u00e1lisis, ACS. CAS[77-86-1 ].Envase pl\u00e1stico de 1 Kg.  CODIGO DE COMPRA: PANR131940.1211"},"content":{"rendered":"<p>Sin\u00f3nimos:<\/p>\n<h3><a href=\"https:\/\/www.itwreagents.com\/iberia\/es\/product\/tris-para-analisis-acs\/131940\" target=\"_blank\" rel=\"noopener\"><span style=\"color: #800000;\">PanReac &amp; AppliChem<\/span><\/a><\/h3>\n<h3><span style=\"color: #0000ff;\">CODIGO DE COMPRA: PANR131940.1211<\/span><\/h3>\n<h4><strong><span style=\"color: #ff00ff;\">INFORMACI\u00d3N TECNICA<\/span><\/strong><\/h4>\n<dl class=\"info-prod\">\n<dt class=\"break\"><span style=\"color: #ff00ff;\">Descripci\u00f3n F\u00edsica:\u00a0S\u00f3lido<\/span><\/dt>\n<\/dl>\n<dl class=\"info-prod\">\n<dt><span style=\"color: #ff00ff;\">C\u00f3digo de Producto:\u00a0131940<\/span><\/dt>\n<dt><span style=\"color: #ff00ff;\">Nombre de Producto:\u00a0Tris para an\u00e1lisis, ACS<\/span><\/dt>\n<dt class=\"break\"><span style=\"color: #ff00ff;\">Especificaciones:<\/span><\/dt>\n<dd><span style=\"color: #ff00ff;\">Riqueza (titr., calc. sust. seca): 99,8 &#8211; 100,1 %<\/span><br \/>\n<span style=\"color: #ff00ff;\">Residuo de ignici\u00f3n: m\u00e1x. 0,01 %<\/span><br \/>\n<span style=\"color: #ff00ff;\">Identidad (IR): conforme ensayo<\/span><br \/>\n<span style=\"color: #ff00ff;\">pH (0,05 M; H<sub>2<\/sub>O): 10,2 &#8211; 10,6<\/span><br \/>\n<span style=\"color: #ff00ff;\">Metales pesados (en Pb): m\u00e1x. 0,0005 %<\/span><br \/>\n<span style=\"color: #ff00ff;\">Rango de fusi\u00f3n: 169 &#8211; 171\u00b0C<\/span><br \/>\n<span style=\"color: #ff00ff;\">Insoluble en H<sub>2<\/sub>O: m\u00e1x. 0,005 %<\/span><br \/>\n<span style=\"color: #ff00ff;\">Agua (K.F.): m\u00e1x. 0,5 %<\/span><br \/>\n<span style=\"color: #ff00ff;\">Cloruro: m\u00e1x. 0,0005 %<\/span><br \/>\n<span style=\"color: #ff00ff;\">Fe: m\u00e1x. 0,0005 %<\/span><br \/>\n<span style=\"color: #ff00ff;\">As: m\u00e1x. 0,00005 %<\/span><br \/>\n<span style=\"color: #ff00ff;\">Ca: m\u00e1x. 0,001 %<\/span><br \/>\n<span style=\"color: #ff00ff;\">K: m\u00e1x. 0,001 %<\/span><br \/>\n<span style=\"color: #ff00ff;\">Mg: m\u00e1x. 0,001 %<\/span><br \/>\n<span style=\"color: #ff00ff;\">Na: m\u00e1x. 0,001 %<\/span><br \/>\n<span style=\"color: #ff00ff;\">Cd: m\u00e1x. 0,0001 %<\/span><br \/>\n<span style=\"color: #ff00ff;\">Co: m\u00e1x. 0,0001 %<\/span><br \/>\n<span style=\"color: #ff00ff;\">Cr: m\u00e1x. 0,0001 %<\/span><br \/>\n<span style=\"color: #ff00ff;\">Cu: m\u00e1x. 0,0002 %<\/span><br \/>\n<span style=\"color: #ff00ff;\">Pb: m\u00e1x. 0,0002 %<\/span><br \/>\n<span style=\"color: #ff00ff;\">Zn: m\u00e1x. 0,0002 %<\/span><br \/>\n<span style=\"color: #ff00ff;\">Ni: m\u00e1x. 0,0005 %<\/span><br \/>\n<span style=\"color: #ff00ff;\">A (1 cm\/40 % in H<sub>2<\/sub>O)<\/span><br \/>\n<span style=\"color: #ff00ff;\">290 nm: m\u00e1x. 0,2<\/span><\/dd>\n<\/dl>\n<dl class=\"info-prod\">\n<dt class=\"break\"><span style=\"color: #ff00ff;\">Almacenaje:\u00a0Temperatura ambiente<\/span><\/dt>\n<\/dl>\n","protected":false},"excerpt":{"rendered":"<p>Tris base<\/p>\n","protected":false},"featured_media":22964,"comment_status":"open","ping_status":"closed","template":"","meta":[],"product_brand":[],"product_cat":[42,45,17],"product_tag":[],"class_list":{"0":"post-23032","1":"product","2":"type-product","3":"status-publish","4":"has-post-thumbnail","6":"product_cat-https-web-losalquimistas-cl-index-php-product-category-biologia-molecular","7":"product_cat-reactivos-analiticos","8":"product_cat-uso-general","9":"ts_product_brand-panreac-applichem","11":"first","12":"instock","13":"shipping-taxable","14":"product-type-simple","15":"add-to-wishlist-after_add_to_cart"},"jetpack_sharing_enabled":true,"_links":{"self":[{"href":"https:\/\/web.losalquimistas.cl\/index.php\/wp-json\/wp\/v2\/product\/23032","targetHints":{"allow":["GET"]}}],"collection":[{"href":"https:\/\/web.losalquimistas.cl\/index.php\/wp-json\/wp\/v2\/product"}],"about":[{"href":"https:\/\/web.losalquimistas.cl\/index.php\/wp-json\/wp\/v2\/types\/product"}],"replies":[{"embeddable":true,"href":"https:\/\/web.losalquimistas.cl\/index.php\/wp-json\/wp\/v2\/comments?post=23032"}],"wp:featuredmedia":[{"embeddable":true,"href":"https:\/\/web.losalquimistas.cl\/index.php\/wp-json\/wp\/v2\/media\/22964"}],"wp:attachment":[{"href":"https:\/\/web.losalquimistas.cl\/index.php\/wp-json\/wp\/v2\/media?parent=23032"}],"wp:term":[{"taxonomy":"product_brand","embeddable":true,"href":"https:\/\/web.losalquimistas.cl\/index.php\/wp-json\/wp\/v2\/product_brand?post=23032"},{"taxonomy":"product_cat","embeddable":true,"href":"https:\/\/web.losalquimistas.cl\/index.php\/wp-json\/wp\/v2\/product_cat?post=23032"},{"taxonomy":"product_tag","embeddable":true,"href":"https:\/\/web.losalquimistas.cl\/index.php\/wp-json\/wp\/v2\/product_tag?post=23032"}],"curies":[{"name":"wp","href":"https:\/\/api.w.org\/{rel}","templated":true}]}}