{"id":23007,"date":"2025-07-15T05:34:35","date_gmt":"2025-07-15T05:34:35","guid":{"rendered":"https:\/\/web.losalquimistas.cl\/?post_type=product&#038;p=23007"},"modified":"2025-07-17T08:17:24","modified_gmt":"2025-07-17T08:17:24","slug":"negro-de-eriocromo-t-c-i-14645reag-ph-eur-para-analisis-acs-cas-1787-61-7-frasco-ambar-de-25-g-codigo-de-compra-panr131439-1606","status":"publish","type":"product","link":"https:\/\/web.losalquimistas.cl\/index.php\/product\/negro-de-eriocromo-t-c-i-14645reag-ph-eur-para-analisis-acs-cas-1787-61-7-frasco-ambar-de-25-g-codigo-de-compra-panr131439-1606\/","title":{"rendered":"Negro de Eriocromo T (C.I. 14645)(Reag. Ph. Eur.) para an\u00e1lisis, ACS. CAS [1787-61-7]. Frasco de vidrio \u00e1mbar de 25 g. CODIGO DE COMPRA: PANR131439.1606"},"content":{"rendered":"<p>Sin\u00f3nimos: Acido 3-Hidroxi-4-[(1-Hidroxi-2-Naftalenil)azo]-7-Nitro-1-Naftalenosulf\u00f3nico Sal S\u00f3dica, Mordant Black 11<\/p>\n<h3><a href=\"https:\/\/www.itwreagents.com\/iberia\/es\/product\/negro-de-eriocromo-t-ci-14645reag-ph-eur-para-analisis-acs\/131439\" target=\"_blank\" rel=\"noopener\"><span style=\"color: #800000;\">PanReac &amp; AppliChem<\/span><\/a><\/h3>\n<h3><span style=\"color: #0000ff;\">CODIGO DE COMPRA: PANR131439.1606<\/span><\/h3>\n<h4><span style=\"color: #ff00ff;\"><strong>INFORMACION TECNICA<\/strong><\/span><\/h4>\n<dl class=\"info-prod\">\n<dt><span style=\"color: #ff00ff;\">Solubilidad:\u00a0<\/span><\/dt>\n<dt><span style=\"color: #ff00ff;\">agua 80 g\/l a 20 \u00b0C<\/span><br \/>\n<span style=\"color: #ff00ff;\">alcohol 10 g\/l\u00a0<\/span><\/dt>\n<dt class=\"break\"><span style=\"color: #ff00ff;\">Descripci\u00f3n F\u00edsica:\u00a0S\u00f3lido<\/span><\/dt>\n<\/dl>\n<dl class=\"info-prod\">\n<dt><span style=\"color: #ff00ff;\">C\u00f3digo de Producto: 131439<\/span><\/dt>\n<dt><span style=\"color: #ff00ff;\">Nombre de Producto:\u00a0Negro de Eriocromo T (C.I. 14645)(Reag. Ph. Eur.) para an\u00e1lisis, ACS<\/span><\/dt>\n<dt><span style=\"color: #ff00ff;\">Nombre de Calidad:\u00a0para an\u00e1lisis, ACS<\/span><\/dt>\n<dt><span style=\"color: #ff00ff;\">Comentario de Cabecera:\u00a0para complexometr\u00eda<\/span><\/dt>\n<dt class=\"break\"><span style=\"color: #ff00ff;\">Especificaciones:<\/span><\/dt>\n<dd><span style=\"color: #ff00ff;\">Identidad: IR conforme ensayo<\/span><br \/>\n<span style=\"color: #ff00ff;\">A 1%, 1 cm, \u03bb m\u00e1x.: &gt;300<\/span><br \/>\n<span style=\"color: #ff00ff;\">\u03bb de la ABS m\u00e1x. en H2O: 618 &#8211; 630 nm<\/span><br \/>\n<span style=\"color: #ff00ff;\">C.C.F.: Conforme ensayo<\/span><span style=\"color: #ff00ff;\"><b>L\u00edmite m\u00e1ximo de impurezas<\/b><\/span><br \/>\n<span style=\"color: #ff00ff;\">Insoluble en H2O: Conforme ensayo<\/span><br \/>\n<span style=\"color: #ff00ff;\">Sensibilidad como indicador complex: Conforme ensayo<\/span><\/dd>\n<\/dl>\n<dl class=\"info-prod\">\n<dt><span style=\"color: #ff00ff;\">UN: 3077<\/span><\/dt>\n<dt><span style=\"color: #ff00ff;\">Clase\/GE:\u00a09\/III<\/span><\/dt>\n<dt><span style=\"color: #ff00ff;\">ADR:\u00a09\/III<\/span><\/dt>\n<dt><span style=\"color: #ff00ff;\">IMDG:\u00a09\/III<\/span><\/dt>\n<dt><span style=\"color: #ff00ff;\">IATA:\u00a09\/III<\/span><\/dt>\n<dt><span style=\"color: #ff00ff;\">WGK:\u00a02<\/span><\/dt>\n<dt><span style=\"color: #ff00ff;\">Almacenaje:\u00a0Temperatura ambiente.<\/span><\/dt>\n<dt><span style=\"color: #ff00ff;\">Palabra de Peligro:\u00a0Atenci\u00f3n<\/span><\/dt>\n<\/dl>\n","protected":false},"excerpt":{"rendered":"<p>Negro de Eriocromo T<\/p>\n","protected":false},"featured_media":23004,"comment_status":"open","ping_status":"closed","template":"","meta":[],"product_brand":[],"product_cat":[45,17],"product_tag":[],"class_list":{"0":"post-23007","1":"product","2":"type-product","3":"status-publish","4":"has-post-thumbnail","6":"product_cat-reactivos-analiticos","7":"product_cat-uso-general","8":"ts_product_brand-panreac-applichem","10":"first","11":"instock","12":"shipping-taxable","13":"product-type-simple","14":"add-to-wishlist-after_add_to_cart"},"jetpack_sharing_enabled":true,"_links":{"self":[{"href":"https:\/\/web.losalquimistas.cl\/index.php\/wp-json\/wp\/v2\/product\/23007","targetHints":{"allow":["GET"]}}],"collection":[{"href":"https:\/\/web.losalquimistas.cl\/index.php\/wp-json\/wp\/v2\/product"}],"about":[{"href":"https:\/\/web.losalquimistas.cl\/index.php\/wp-json\/wp\/v2\/types\/product"}],"replies":[{"embeddable":true,"href":"https:\/\/web.losalquimistas.cl\/index.php\/wp-json\/wp\/v2\/comments?post=23007"}],"wp:featuredmedia":[{"embeddable":true,"href":"https:\/\/web.losalquimistas.cl\/index.php\/wp-json\/wp\/v2\/media\/23004"}],"wp:attachment":[{"href":"https:\/\/web.losalquimistas.cl\/index.php\/wp-json\/wp\/v2\/media?parent=23007"}],"wp:term":[{"taxonomy":"product_brand","embeddable":true,"href":"https:\/\/web.losalquimistas.cl\/index.php\/wp-json\/wp\/v2\/product_brand?post=23007"},{"taxonomy":"product_cat","embeddable":true,"href":"https:\/\/web.losalquimistas.cl\/index.php\/wp-json\/wp\/v2\/product_cat?post=23007"},{"taxonomy":"product_tag","embeddable":true,"href":"https:\/\/web.losalquimistas.cl\/index.php\/wp-json\/wp\/v2\/product_tag?post=23007"}],"curies":[{"name":"wp","href":"https:\/\/api.w.org\/{rel}","templated":true}]}}