{"id":22974,"date":"2025-07-15T02:10:02","date_gmt":"2025-07-15T02:10:02","guid":{"rendered":"https:\/\/web.losalquimistas.cl\/?post_type=product&#038;p=22974"},"modified":"2025-07-15T02:12:31","modified_gmt":"2025-07-15T02:12:31","slug":"sodio-di-hidrogeno-fosfato-2-hidrato-para-analisis-envase-de-plastico-de-1-kg-cas13472-35-0-codigo-de-compra-panr121677-1211","status":"publish","type":"product","link":"https:\/\/web.losalquimistas.cl\/index.php\/product\/sodio-di-hidrogeno-fosfato-2-hidrato-para-analisis-envase-de-plastico-de-1-kg-cas13472-35-0-codigo-de-compra-panr121677-1211\/","title":{"rendered":"Sodio di-Hidr\u00f3geno Fosfato 2-hidrato para an\u00e1lisis. Envase de pl\u00e1stico de 1 Kg. CAS[13472-35-0]. CODIGO DE COMPRA: PANR121677.1211"},"content":{"rendered":"<p>Sin\u00f3nimos:<\/p>\n<h3><span style=\"color: #800000;\">PanReac &amp; AppliChem<\/span><\/h3>\n<h3><span style=\"color: #0000ff;\">CODIGO DE COMPRA: PANR121677.1211<\/span><\/h3>\n<h4><span style=\"color: #ff00ff;\"><strong>INFORMACION TECNICA<\/strong><\/span><\/h4>\n<p>&nbsp;<\/p>\n","protected":false},"excerpt":{"rendered":"<p>Sodio di-Hidr\u00f3geno Fosfato<\/p>\n","protected":false},"featured_media":22962,"comment_status":"open","ping_status":"closed","template":"","meta":[],"product_brand":[],"product_cat":[45,17],"product_tag":[],"class_list":{"0":"post-22974","1":"product","2":"type-product","3":"status-publish","4":"has-post-thumbnail","6":"product_cat-reactivos-analiticos","7":"product_cat-uso-general","8":"ts_product_brand-panreac-applichem","10":"first","11":"instock","12":"shipping-taxable","13":"product-type-simple","14":"add-to-wishlist-after_add_to_cart"},"jetpack_sharing_enabled":true,"_links":{"self":[{"href":"https:\/\/web.losalquimistas.cl\/index.php\/wp-json\/wp\/v2\/product\/22974","targetHints":{"allow":["GET"]}}],"collection":[{"href":"https:\/\/web.losalquimistas.cl\/index.php\/wp-json\/wp\/v2\/product"}],"about":[{"href":"https:\/\/web.losalquimistas.cl\/index.php\/wp-json\/wp\/v2\/types\/product"}],"replies":[{"embeddable":true,"href":"https:\/\/web.losalquimistas.cl\/index.php\/wp-json\/wp\/v2\/comments?post=22974"}],"wp:featuredmedia":[{"embeddable":true,"href":"https:\/\/web.losalquimistas.cl\/index.php\/wp-json\/wp\/v2\/media\/22962"}],"wp:attachment":[{"href":"https:\/\/web.losalquimistas.cl\/index.php\/wp-json\/wp\/v2\/media?parent=22974"}],"wp:term":[{"taxonomy":"product_brand","embeddable":true,"href":"https:\/\/web.losalquimistas.cl\/index.php\/wp-json\/wp\/v2\/product_brand?post=22974"},{"taxonomy":"product_cat","embeddable":true,"href":"https:\/\/web.losalquimistas.cl\/index.php\/wp-json\/wp\/v2\/product_cat?post=22974"},{"taxonomy":"product_tag","embeddable":true,"href":"https:\/\/web.losalquimistas.cl\/index.php\/wp-json\/wp\/v2\/product_tag?post=22974"}],"curies":[{"name":"wp","href":"https:\/\/api.w.org\/{rel}","templated":true}]}}