{"id":22969,"date":"2025-07-15T01:53:04","date_gmt":"2025-07-15T01:53:04","guid":{"rendered":"https:\/\/web.losalquimistas.cl\/?post_type=product&#038;p=22969"},"modified":"2025-07-15T01:57:44","modified_gmt":"2025-07-15T01:57:44","slug":"manganesoii-sulfato-1-hidrato-reag-ph-eur-para-analisis-acs-envase-de-plastico-de-1-kg-cas10034-96-5-codigo-de-compra-panr131413-1211","status":"publish","type":"product","link":"https:\/\/web.losalquimistas.cl\/index.php\/product\/manganesoii-sulfato-1-hidrato-reag-ph-eur-para-analisis-acs-envase-de-plastico-de-1-kg-cas10034-96-5-codigo-de-compra-panr131413-1211\/","title":{"rendered":"Manganeso(II) Sulfato 1-hidrato (Reag. Ph. Eur.) para an\u00e1lisis, ACS. Envase de pl\u00e1stico de 1 Kg. CAS[10034-96-5]. CODIGO DE COMPRA: PANR131413.1211"},"content":{"rendered":"<p>Sin\u00f3nimos:<\/p>\n<h3><a href=\"https:\/\/www.itwreagents.com\/iberia\/es\/product\/manganesoii-sulfato-1-hidrato-reag-ph-eur-para-analisis-acs\/131413\" target=\"_blank\" rel=\"noopener\"><span style=\"color: #800000;\">PanReac &amp; AppliChem<\/span><\/a><\/h3>\n<h3><span style=\"color: #0000ff;\">CODIGO DE COMPRA: PANR131413.1211<\/span><\/h3>\n<h4><span style=\"color: #ff00ff;\"><strong>INFORMACION TECNICA<\/strong><\/span><\/h4>\n<dl class=\"info-prod\">\n<dt><span style=\"color: #ff00ff;\">Punto de Fusi\u00f3n:\u00a0117 \u00b0C<\/span><\/dt>\n<dt><span style=\"color: #ff00ff;\">Solubilidad:\u00a0agua 762 g\/l a 20 \u00b0C<\/span><\/dt>\n<dt class=\"break\"><span style=\"color: #ff00ff;\">Descripci\u00f3n F\u00edsica:\u00a0S\u00f3lido<\/span><\/dt>\n<\/dl>\n<dl class=\"info-prod\">\n<dt><span style=\"color: #ff00ff;\">C\u00f3digo de Producto:\u00a0131413<\/span><\/dt>\n<dt><span style=\"color: #ff00ff;\">Nombre de Producto:\u00a0Manganeso(II) Sulfato 1-hidrato (Reag. Ph. Eur.) para an\u00e1lisis, ACS<\/span><\/dt>\n<dt><span style=\"color: #ff00ff;\">Nombre de Calidad:\u00a0para an\u00e1lisis, ACS<\/span><\/dt>\n<dt class=\"break\"><span style=\"color: #ff00ff;\">Especificaciones:<\/span><\/dt>\n<dd><span style=\"color: #ff00ff;\">Riqueza (Compl.): 98,0-101,0%<\/span><br \/>\n<span style=\"color: #ff00ff;\"><b>L\u00edmite m\u00e1ximo de impurezas<\/b><\/span><br \/>\n<span style=\"color: #ff00ff;\">Insoluble en H2O: 0,005 %<\/span><br \/>\n<span style=\"color: #ff00ff;\">Resistencia al KMnO4 (en O): 0,0005 %<\/span><br \/>\n<span style=\"color: #ff00ff;\">P\u00e9rdida por calcinaci\u00f3n: 10,0-12,0 %<\/span><br \/>\n<span style=\"color: #ff00ff;\">Cloruro (Cl): 0,005%<\/span><br \/>\n<span style=\"color: #ff00ff;\">Metales pesados (ICP-OES): 0,002 %<\/span><br \/>\n<span style=\"color: #ff00ff;\">Ca: 0,005 %<\/span><br \/>\n<span style=\"color: #ff00ff;\">Cu: 0,0005 %<\/span><br \/>\n<span style=\"color: #ff00ff;\">Fe: 0,002 %<\/span><br \/>\n<span style=\"color: #ff00ff;\">K: 0,01 %<\/span><br \/>\n<span style=\"color: #ff00ff;\">Mg: 0,005 %<\/span><br \/>\n<span style=\"color: #ff00ff;\">Na: 0,05 %<\/span><br \/>\n<span style=\"color: #ff00ff;\">Ni: 0,02 %<\/span><br \/>\n<span style=\"color: #ff00ff;\">Pb: 0,001 %<\/span><br \/>\n<span style=\"color: #ff00ff;\">Zn: 0,005 %<\/span><\/dd>\n<\/dl>\n<dl class=\"info-prod\">\n<dt><span style=\"color: #ff00ff;\">Almacenaje:\u00a0Temperatura ambiente.<\/span><\/dt>\n<dt><span style=\"color: #ff00ff;\">Nombre Maestro:\u00a0Manganeso(II) Sulfato 1-hidrato<\/span><\/dt>\n<\/dl>\n","protected":false},"excerpt":{"rendered":"<p>Manganeso(II) Sulfato<\/p>\n","protected":false},"featured_media":22962,"comment_status":"open","ping_status":"closed","template":"","meta":[],"product_brand":[],"product_cat":[45,17],"product_tag":[],"class_list":{"0":"post-22969","1":"product","2":"type-product","3":"status-publish","4":"has-post-thumbnail","6":"product_cat-reactivos-analiticos","7":"product_cat-uso-general","8":"ts_product_brand-panreac-applichem","10":"first","11":"instock","12":"shipping-taxable","13":"product-type-simple","14":"add-to-wishlist-after_add_to_cart"},"jetpack_sharing_enabled":true,"_links":{"self":[{"href":"https:\/\/web.losalquimistas.cl\/index.php\/wp-json\/wp\/v2\/product\/22969","targetHints":{"allow":["GET"]}}],"collection":[{"href":"https:\/\/web.losalquimistas.cl\/index.php\/wp-json\/wp\/v2\/product"}],"about":[{"href":"https:\/\/web.losalquimistas.cl\/index.php\/wp-json\/wp\/v2\/types\/product"}],"replies":[{"embeddable":true,"href":"https:\/\/web.losalquimistas.cl\/index.php\/wp-json\/wp\/v2\/comments?post=22969"}],"wp:featuredmedia":[{"embeddable":true,"href":"https:\/\/web.losalquimistas.cl\/index.php\/wp-json\/wp\/v2\/media\/22962"}],"wp:attachment":[{"href":"https:\/\/web.losalquimistas.cl\/index.php\/wp-json\/wp\/v2\/media?parent=22969"}],"wp:term":[{"taxonomy":"product_brand","embeddable":true,"href":"https:\/\/web.losalquimistas.cl\/index.php\/wp-json\/wp\/v2\/product_brand?post=22969"},{"taxonomy":"product_cat","embeddable":true,"href":"https:\/\/web.losalquimistas.cl\/index.php\/wp-json\/wp\/v2\/product_cat?post=22969"},{"taxonomy":"product_tag","embeddable":true,"href":"https:\/\/web.losalquimistas.cl\/index.php\/wp-json\/wp\/v2\/product_tag?post=22969"}],"curies":[{"name":"wp","href":"https:\/\/api.w.org\/{rel}","templated":true}]}}