{"id":22931,"date":"2025-07-14T19:54:20","date_gmt":"2025-07-14T19:54:20","guid":{"rendered":"https:\/\/web.losalquimistas.cl\/?post_type=product&#038;p=22931"},"modified":"2025-07-17T07:55:29","modified_gmt":"2025-07-17T07:55:29","slug":"acido-borico-para-analisis-acs-iso-cas-10043-35-3-envase-de-un-kilo-codigo-de-compra-panr131015-1211","status":"publish","type":"product","link":"https:\/\/web.losalquimistas.cl\/index.php\/product\/acido-borico-para-analisis-acs-iso-cas-10043-35-3-envase-de-un-kilo-codigo-de-compra-panr131015-1211\/","title":{"rendered":"\u00c1cido B\u00f3rico para an\u00e1lisis, ACS, ISO. CAS[10043-35-3 ]. Envase pl\u00e1stico de 1 Kg. CODIGO DE COMPRA: PANR131015.1211"},"content":{"rendered":"<h3><span style=\"color: #800000;\"><a style=\"color: #800000;\" href=\"https:\/\/www.itwreagents.com\/iberia\/es\/product\/acido-borico-para-analisis-acs-iso\/131015\" target=\"_blank\" rel=\"noopener\">PanReac &amp; AppliChem<\/a><\/span><\/h3>\n<h3><span style=\"color: #0000ff;\">CODIGO DE COMPRA: PANR131015.1211<\/span><\/h3>\n<h4><strong><span style=\"color: #ff00ff;\"><span style=\"color: #ff00ff;\">INFORMACION TECNICA<\/span><\/span><\/strong><\/h4>\n<dl class=\"info-prod\">\n<dt class=\"break\"><span style=\"color: #ff00ff;\">Descripci\u00f3n F\u00edsica: S\u00f3lido<\/span><\/dt>\n<\/dl>\n<dl class=\"info-prod\">\n<dt><span style=\"color: #ff00ff;\">C\u00f3digo de Producto: 131015<\/span><\/dt>\n<dt><span style=\"color: #ff00ff;\">Nombre de Producto: \u00c1cido B\u00f3rico para an\u00e1lisis, ACS, ISO<\/span><\/dt>\n<dt class=\"break\"><span style=\"color: #ff00ff;\">Especificaciones:Riqueza (titr.): m\u00edn. 99,8 %<\/span><br \/>\n<span style=\"color: #ff00ff;\">Insoluble en H<sub>2<\/sub>O: m\u00e1x. 0,005 %<\/span><br \/>\n<span style=\"color: #ff00ff;\">Residuo de ignici\u00f3n (as SO<sub>4<\/sub>) (CH<sub>3<\/sub>OH + HCl): m\u00e1x. 0,05 %<\/span><br \/>\n<span style=\"color: #ff00ff;\">Metales pesados (en Pb): m\u00e1x. 0,0005 %<\/span><br \/>\n<span style=\"color: #ff00ff;\">Insoluble en CH<sub>3<\/sub>OH: m\u00e1x. 0,005 %<\/span><br \/>\n<span style=\"color: #ff00ff;\">Cloruro: m\u00e1x. 0,0005 %<\/span><br \/>\n<span style=\"color: #ff00ff;\">Fosfato: m\u00e1x. 0,0005 %<\/span><br \/>\n<span style=\"color: #ff00ff;\">Sulfato: m\u00e1x. 0,002 %<\/span><br \/>\n<span style=\"color: #ff00ff;\">As: m\u00e1x. 0,00005 %<\/span><br \/>\n<span style=\"color: #ff00ff;\">Ca: m\u00e1x. 0,002 %<\/span><br \/>\n<span style=\"color: #ff00ff;\">Fe: m\u00e1x. 0,0001 %<\/span><br \/>\n<span style=\"color: #ff00ff;\">K: m\u00e1x. 0,005 %<\/span><br \/>\n<span style=\"color: #ff00ff;\">Pb: m\u00e1x. 0,0005 %<\/span><br \/>\n<span style=\"color: #ff00ff;\">Ag: m\u00e1x. 0,0005 %<\/span><br \/>\n<span style=\"color: #ff00ff;\">Al: m\u00e1x. 0,0005 %<\/span><br \/>\n<span style=\"color: #ff00ff;\">Au: m\u00e1x. 0,0005 %<\/span><br \/>\n<span style=\"color: #ff00ff;\">Be: m\u00e1x. 0,0005 %<\/span><br \/>\n<span style=\"color: #ff00ff;\">Bi: m\u00e1x. 0,0005 %<\/span><br \/>\n<span style=\"color: #ff00ff;\">Cd: m\u00e1x. 0,0005 %<\/span><br \/>\n<span style=\"color: #ff00ff;\">Co: m\u00e1x. 0,0005 %<\/span><br \/>\n<span style=\"color: #ff00ff;\">Cr: m\u00e1x. 0,0005 %<\/span><br \/>\n<span style=\"color: #ff00ff;\">Cu: m\u00e1x. 0,0005 %<\/span><br \/>\n<span style=\"color: #ff00ff;\">Ga: m\u00e1x. 0,0005 %<\/span><br \/>\n<span style=\"color: #ff00ff;\">Ge: m\u00e1x. 0,0005 %<\/span><br \/>\n<span style=\"color: #ff00ff;\">Ba: m\u00e1x. 0,0005 %<\/span><br \/>\n<span style=\"color: #ff00ff;\">In: m\u00e1x. 0,0005 %<\/span><br \/>\n<span style=\"color: #ff00ff;\">Mg: m\u00e1x. 0,0005 %<\/span><br \/>\n<span style=\"color: #ff00ff;\">Mn: m\u00e1x. 0,0005 %<\/span><br \/>\n<span style=\"color: #ff00ff;\">Mo: m\u00e1x. 0,0005 %<\/span><br \/>\n<span style=\"color: #ff00ff;\">Ni: m\u00e1x. 0,0005 %<\/span><br \/>\n<span style=\"color: #ff00ff;\">Pt: m\u00e1x. 0,0005 %<\/span><br \/>\n<span style=\"color: #ff00ff;\">Sb: m\u00e1x. 0,0005 %<\/span><br \/>\n<span style=\"color: #ff00ff;\">Si: m\u00e1x. 0,0005 %<\/span><br \/>\n<span style=\"color: #ff00ff;\">Sn: m\u00e1x. 0,0005 %<\/span><br \/>\n<span style=\"color: #ff00ff;\">Sr: m\u00e1x. 0,0005 %<\/span><br \/>\n<span style=\"color: #ff00ff;\">Ti: m\u00e1x. 0,0005 %<\/span><br \/>\n<span style=\"color: #ff00ff;\">Tl: m\u00e1x. 0,0005 %<\/span><br \/>\n<span style=\"color: #ff00ff;\">V: m\u00e1x. 0,0005 %<\/span><br \/>\n<span style=\"color: #ff00ff;\">Zn: m\u00e1x. 0,0005 %<\/span><br \/>\n<span style=\"color: #ff00ff;\">Zr: m\u00e1x. 0,0005 %<\/span><br \/>\n<span style=\"color: #ff00ff;\">Li: m\u00e1x. 0,0005 %<\/span><\/dt>\n<\/dl>\n<dl class=\"info-prod\">\n<dt><span style=\"color: #ff00ff;\">WGK:\u00a0<\/span><span style=\"color: #ff00ff;\">1<\/span><\/dt>\n<dt><span style=\"color: #ff00ff;\">Almacenaje:\u00a0<\/span><span style=\"color: #ff00ff;\">Temperatura ambiente<\/span><\/dt>\n<dt><span style=\"color: #ff00ff;\">Palabra de Peligro:\u00a0<\/span><span style=\"color: #ff00ff;\">Peligro<\/span><\/dt>\n<dd><\/dd>\n<\/dl>\n","protected":false},"excerpt":{"rendered":"<p>\u00c1cido B\u00f3rico<\/p>\n","protected":false},"featured_media":22918,"comment_status":"open","ping_status":"closed","template":"","meta":[],"product_brand":[],"product_cat":[45,17],"product_tag":[],"class_list":{"0":"post-22931","1":"product","2":"type-product","3":"status-publish","4":"has-post-thumbnail","6":"product_cat-reactivos-analiticos","7":"product_cat-uso-general","8":"ts_product_brand-panreac-applichem","10":"first","11":"instock","12":"shipping-taxable","13":"product-type-simple","14":"add-to-wishlist-after_add_to_cart"},"jetpack_sharing_enabled":true,"_links":{"self":[{"href":"https:\/\/web.losalquimistas.cl\/index.php\/wp-json\/wp\/v2\/product\/22931","targetHints":{"allow":["GET"]}}],"collection":[{"href":"https:\/\/web.losalquimistas.cl\/index.php\/wp-json\/wp\/v2\/product"}],"about":[{"href":"https:\/\/web.losalquimistas.cl\/index.php\/wp-json\/wp\/v2\/types\/product"}],"replies":[{"embeddable":true,"href":"https:\/\/web.losalquimistas.cl\/index.php\/wp-json\/wp\/v2\/comments?post=22931"}],"wp:featuredmedia":[{"embeddable":true,"href":"https:\/\/web.losalquimistas.cl\/index.php\/wp-json\/wp\/v2\/media\/22918"}],"wp:attachment":[{"href":"https:\/\/web.losalquimistas.cl\/index.php\/wp-json\/wp\/v2\/media?parent=22931"}],"wp:term":[{"taxonomy":"product_brand","embeddable":true,"href":"https:\/\/web.losalquimistas.cl\/index.php\/wp-json\/wp\/v2\/product_brand?post=22931"},{"taxonomy":"product_cat","embeddable":true,"href":"https:\/\/web.losalquimistas.cl\/index.php\/wp-json\/wp\/v2\/product_cat?post=22931"},{"taxonomy":"product_tag","embeddable":true,"href":"https:\/\/web.losalquimistas.cl\/index.php\/wp-json\/wp\/v2\/product_tag?post=22931"}],"curies":[{"name":"wp","href":"https:\/\/api.w.org\/{rel}","templated":true}]}}