{"id":22927,"date":"2025-07-14T19:42:20","date_gmt":"2025-07-14T19:42:20","guid":{"rendered":"https:\/\/web.losalquimistas.cl\/?post_type=product&#038;p=22927"},"modified":"2025-07-14T19:42:36","modified_gmt":"2025-07-14T19:42:36","slug":"glicina-usp-bp-ph-eur-puro-grado-farma-cas-56-40-6-envase-de-un-kilo-codigo-de-compra-panr141340-1211","status":"publish","type":"product","link":"https:\/\/web.losalquimistas.cl\/index.php\/product\/glicina-usp-bp-ph-eur-puro-grado-farma-cas-56-40-6-envase-de-un-kilo-codigo-de-compra-panr141340-1211\/","title":{"rendered":"Glicina (USP, BP, Ph. Eur.) puro, grado farma. CAS [56-40-6 ]. Envase de un kilo. CODIGO DE COMPRA: PANR141340.1211"},"content":{"rendered":"<p>Sin\u00f3nimos:Acido Aminoac\u00e9tico, Glicocola<\/p>\n<h3><a href=\"https:\/\/www.itwreagents.com\/iberia\/es\/product\/glicina-usp-bp-ph-eur-puro-grado-farma\/141340\" target=\"_blank\" rel=\"noopener\">PanReac &amp; AppliChem<\/a><\/h3>\n<h3><span style=\"color: #0000ff;\">CODIGO DE COMPRA: PANR141340.1211<\/span><\/h3>\n<p><span style=\"color: #ff00ff;\">Informaci\u00f3n T\u00e9cnica:\u00a0<\/span><\/p>\n<dl class=\"info-prod\">\n<dt><span style=\"color: #ff00ff;\">Punto de Fusi\u00f3n:232 \u00b0C<\/span><\/dt>\n<dt><span style=\"color: #ff00ff;\">Solubilidad:agua 250 g\/l a 20 \u00b0C<\/span><\/dt>\n<dt class=\"break\"><span style=\"color: #ff00ff;\">Descripci\u00f3n F\u00edsica:S\u00f3lido<\/span><\/dt>\n<\/dl>\n<dl class=\"info-prod\">\n<dt><span style=\"color: #ff00ff;\">C\u00f3digo de Producto:141340<\/span><\/dt>\n<dt><span style=\"color: #ff00ff;\">Nombre de Producto:Glicina (USP, BP, Ph. Eur.) puro, grado farma<\/span><\/dt>\n<dt><span style=\"color: #ff00ff;\">Nombre de Calidad:puro, grado farmaEspecificaciones:<\/span><\/dt>\n<dd><span style=\"color: #ff00ff;\">Riqueza (Ac. Percl.) calc. s.p.s.: 99,0-101,0%<\/span><br \/>\n<span style=\"color: #ff00ff;\">Identidad seg\u00fan Farmacopeas:: Conforme ensayo<\/span><br \/>\n<span style=\"color: #ff00ff;\">pH sol. 5%: 5,9-6,4<\/span><span style=\"color: #ff00ff;\"><b>L\u00edmite m\u00e1ximo de impurezas<\/b><\/span><br \/>\n<span style=\"color: #ff00ff;\">Aspecto de la soluci\u00f3n: Conforme ensayo<\/span><br \/>\n<span style=\"color: #ff00ff;\">P\u00e9rdida por desecaci\u00f3n a 105\u00b0C: 0,2%<\/span><br \/>\n<span style=\"color: #ff00ff;\">Residuo de calcinaci\u00f3n (en SO4): 0,1 %<\/span><br \/>\n<span style=\"color: #ff00ff;\">Cloruro (Cl): 0,007%<\/span><br \/>\n<span style=\"color: #ff00ff;\">Amonio (NH4): 0,02 %<\/span><br \/>\n<span style=\"color: #ff00ff;\">Sulfato (SO4): 0,0065%<\/span><br \/>\n<span style=\"color: #ff00ff;\">Sustancias hidrolizables: Conforme ensayo<\/span><br \/>\n<span style=\"color: #ff00ff;\">Disolventes residuales (Ph.Eur.\/USP): Conforme ensayo<\/span><br \/>\n<span style=\"color: #ff00ff;\">Sustancias relacionadas (HPLC)<\/span><br \/>\n<span style=\"color: #ff00ff;\">Glicina anh\u00eddrido: 0,10 %<\/span><br \/>\n<span style=\"color: #ff00ff;\">Diglicina: 0,10 %<\/span><br \/>\n<span style=\"color: #ff00ff;\">Triglicina: 0,10 %<\/span><br \/>\n<span style=\"color: #ff00ff;\">Cada impureza no especificada: 0,10 %<\/span><br \/>\n<span style=\"color: #ff00ff;\">Total impurezas: 0,2 %<\/span><br \/>\n<span style=\"color: #ff00ff;\">Sustancias positivas frente ninhidrina<\/span><br \/>\n<span style=\"color: #ff00ff;\">Individual: 0,10 %<\/span><br \/>\n<span style=\"color: #ff00ff;\">Total: 1,0 %<\/span><br \/>\n<span style=\"color: #ff00ff;\">\u00c1cido Monocloroac\u00e9tico: 0,10 %<\/span><br \/>\n<span style=\"color: #ff00ff;\">\u00c1cido Iminodiac\u00e9tico: 0,10 %<\/span><br \/>\n<span style=\"color: #ff00ff;\">Hexametilentetramina: 0,10 %<\/span><\/dd>\n<\/dl>\n<dl class=\"info-prod\">\n<dt><span style=\"color: #ff00ff;\">WGK:<\/span><\/dt>\n<dd><span style=\"color: #ff00ff;\">nwg<\/span><\/dd>\n<dt class=\"break\"><span style=\"color: #ff00ff;\">Almacenaje:<\/span><\/dt>\n<dd><span style=\"color: #ff00ff;\">Temperatura ambiente.<\/span><\/dd>\n<dt><span style=\"color: #ff00ff;\">Nombre Maestro:<\/span><\/dt>\n<dd><span style=\"color: #ff00ff;\">Glicina<\/span><\/dd>\n<dt><span style=\"color: #ff00ff;\">Texto para sin\u00f3nimos:<\/span><\/dt>\n<dd><span style=\"color: #ff00ff;\">Acido Aminoac\u00e9tico, Glicocola<\/span><\/dd>\n<dt><span style=\"color: #ff00ff;\">EINECS:<\/span><\/dt>\n<dd><span style=\"color: #ff00ff;\">200-272-2<\/span><\/dd>\n<dt class=\"break\"><span style=\"color: #ff00ff;\">NC:<\/span><\/dt>\n<dd><span style=\"color: #ff00ff;\">29224985<\/span><\/dd>\n<\/dl>\n","protected":false},"excerpt":{"rendered":"<p>Sin\u00f3nimos:Acido Aminoac\u00e9tico, Glicocola PanReac &amp; AppliChem CODIGO DE COMPRA: PANR141340.1211 Informaci\u00f3n T\u00e9cnica:\u00a0 Punto de Fusi\u00f3n:232 \u00b0C Solubilidad:agua 250 g\/l a 20 \u00b0C Descripci\u00f3n F\u00edsica:S\u00f3lido C\u00f3digo de Producto:141340 Nombre de Producto:Glicina (USP, BP, Ph. Eur.) puro, grado farma Nombre de Calidad:puro, grado farmaEspecificaciones: Riqueza (Ac. Percl.) calc. s.p.s.: 99,0-101,0% Identidad seg\u00fan Farmacopeas:: Conforme ensayo pH sol. [&hellip;]<\/p>\n","protected":false},"featured_media":22924,"comment_status":"open","ping_status":"closed","template":"","meta":[],"product_brand":[],"product_cat":[44,17],"product_tag":[],"class_list":{"0":"post-22927","1":"product","2":"type-product","3":"status-publish","4":"has-post-thumbnail","6":"product_cat-productos-grado-farma","7":"product_cat-uso-general","8":"ts_product_brand-panreac-applichem","10":"first","11":"instock","12":"shipping-taxable","13":"product-type-simple","14":"add-to-wishlist-after_add_to_cart"},"jetpack_sharing_enabled":true,"_links":{"self":[{"href":"https:\/\/web.losalquimistas.cl\/index.php\/wp-json\/wp\/v2\/product\/22927","targetHints":{"allow":["GET"]}}],"collection":[{"href":"https:\/\/web.losalquimistas.cl\/index.php\/wp-json\/wp\/v2\/product"}],"about":[{"href":"https:\/\/web.losalquimistas.cl\/index.php\/wp-json\/wp\/v2\/types\/product"}],"replies":[{"embeddable":true,"href":"https:\/\/web.losalquimistas.cl\/index.php\/wp-json\/wp\/v2\/comments?post=22927"}],"wp:featuredmedia":[{"embeddable":true,"href":"https:\/\/web.losalquimistas.cl\/index.php\/wp-json\/wp\/v2\/media\/22924"}],"wp:attachment":[{"href":"https:\/\/web.losalquimistas.cl\/index.php\/wp-json\/wp\/v2\/media?parent=22927"}],"wp:term":[{"taxonomy":"product_brand","embeddable":true,"href":"https:\/\/web.losalquimistas.cl\/index.php\/wp-json\/wp\/v2\/product_brand?post=22927"},{"taxonomy":"product_cat","embeddable":true,"href":"https:\/\/web.losalquimistas.cl\/index.php\/wp-json\/wp\/v2\/product_cat?post=22927"},{"taxonomy":"product_tag","embeddable":true,"href":"https:\/\/web.losalquimistas.cl\/index.php\/wp-json\/wp\/v2\/product_tag?post=22927"}],"curies":[{"name":"wp","href":"https:\/\/api.w.org\/{rel}","templated":true}]}}