{"id":22916,"date":"2025-07-14T19:01:16","date_gmt":"2025-07-14T19:01:16","guid":{"rendered":"https:\/\/web.losalquimistas.cl\/?post_type=product&#038;p=22916"},"modified":"2025-07-17T05:48:45","modified_gmt":"2025-07-17T05:48:45","slug":"sodio-hidrogeno-carbonato-reag-usp-para-analisis-acs-iso-envase-de-plastico-de-1-kg-cas144-55-8-codigo-de-compra-panr131638-1211","status":"publish","type":"product","link":"https:\/\/web.losalquimistas.cl\/index.php\/product\/sodio-hidrogeno-carbonato-reag-usp-para-analisis-acs-iso-envase-de-plastico-de-1-kg-cas144-55-8-codigo-de-compra-panr131638-1211\/","title":{"rendered":"Sodio Hidr\u00f3geno Carbonato (Reag. USP) para an\u00e1lisis, ACS, ISO. Envase de pl\u00e1stico de 1Kg. CAS[144-55-8]. CODIGO DE COMPRA: PANR131638.1211"},"content":{"rendered":"<p class=\"subtit\">Sin\u00f3nimo: Sodio Bicarbonato<\/p>\n<h3><a href=\"https:\/\/itwreagents.com\/iberia\/es\/product\/sodio-hidrogeno-carbonato-reag-usp-para-analisis-acs-iso\/131638\" target=\"_blank\" rel=\"noopener\"><span style=\"color: #800000;\">PanReac &amp; AppliChem<\/span><\/a><\/h3>\n<h3><span style=\"color: #0000ff;\">CODIGO DE COMPRA: PANR131638.1211<\/span><\/h3>\n<p><strong><span style=\"color: #ff00ff;\">INFORMACION TECNICA<\/span><\/strong><\/p>\n<dl class=\"info-prod\">\n<dt><span style=\"color: #ff00ff;\">Solubilidad:\u00a0agua 100 g\/l a 20 \u00b0C<\/span><\/dt>\n<dt class=\"break\"><span style=\"color: #ff00ff;\">Descripci\u00f3n F\u00edsica:\u00a0S\u00f3lido<\/span><\/dt>\n<\/dl>\n<dl class=\"info-prod\">\n<dt><span style=\"color: #ff00ff;\">C\u00f3digo de Producto:\u00a0131638<\/span><\/dt>\n<dt><span style=\"color: #ff00ff;\">Nombre de Producto:\u00a0Sodio Hidr\u00f3geno Carbonato (Reag. USP) para an\u00e1lisis, ACS, ISO<\/span><\/dt>\n<dt><span style=\"color: #ff00ff;\">Nombre de Calidad:\u00a0para an\u00e1lisis, ACS, ISO<\/span><\/dt>\n<dt class=\"break\"><span style=\"color: #ff00ff;\">Especificaciones:\u00a0<\/span><\/dt>\n<dt class=\"break\"><span style=\"color: #ff00ff;\">Riqueza (Acidim.): 99,7-100,3 %<\/span><br \/>\n<span style=\"color: #ff00ff;\">Identidad: Conforme ensayo<\/span><span style=\"color: #ff00ff;\"><b>L\u00edmite m\u00e1ximo de impurezas<\/b><\/span><br \/>\n<span style=\"color: #ff00ff;\">Insoluble en H2O: 0,01 %<\/span><br \/>\n<span style=\"color: #ff00ff;\">Sustancias reductoras del I2 (en I): 0,005 %<\/span><br \/>\n<span style=\"color: #ff00ff;\">Cloruro (Cl): 0,001%<\/span><br \/>\n<span style=\"color: #ff00ff;\">Compuestos de N (en N): 0,0005%<\/span><br \/>\n<span style=\"color: #ff00ff;\">Compuestos de S (en SO4): 0,003 %<\/span><br \/>\n<span style=\"color: #ff00ff;\">Amonio (NH4): 0,0005 %<\/span><br \/>\n<span style=\"color: #ff00ff;\">Fosfato (PO4): 0,001 %<\/span><br \/>\n<span style=\"color: #ff00ff;\">Silicato SiO2: 0,005%<\/span><br \/>\n<span style=\"color: #ff00ff;\">As: 0,00004 %<\/span><br \/>\n<span style=\"color: #ff00ff;\">Metales pesados (ICP-OES): 0,0005 %<\/span><span style=\"color: #ff00ff;\"><b>Metales por ICP [en mg\/Kg (ppm)]<\/b><\/span><br \/>\n<span style=\"color: #ff00ff;\">Ag: 5<\/span><br \/>\n<span style=\"color: #ff00ff;\">Al: 5<\/span><br \/>\n<span style=\"color: #ff00ff;\">Ba: 5<\/span><br \/>\n<span style=\"color: #ff00ff;\">Bi: 5<\/span><br \/>\n<span style=\"color: #ff00ff;\">Ca: 100<\/span><br \/>\n<span style=\"color: #ff00ff;\">Cd: 5<\/span><br \/>\n<span style=\"color: #ff00ff;\">Co: 5<\/span><br \/>\n<span style=\"color: #ff00ff;\">Cr: 5<\/span><br \/>\n<span style=\"color: #ff00ff;\">Cu: 5<\/span><br \/>\n<span style=\"color: #ff00ff;\">Fe: 5<\/span><br \/>\n<span style=\"color: #ff00ff;\">K: 50<\/span><br \/>\n<span style=\"color: #ff00ff;\">Li: 20<\/span><br \/>\n<span style=\"color: #ff00ff;\">Mg: 50<\/span><br \/>\n<span style=\"color: #ff00ff;\">Mn: 5<\/span><br \/>\n<span style=\"color: #ff00ff;\">Mo: 5<\/span><br \/>\n<span style=\"color: #ff00ff;\">Ni: 5<\/span><br \/>\n<span style=\"color: #ff00ff;\">Pb: 5<\/span><br \/>\n<span style=\"color: #ff00ff;\">Sr: 5<\/span><br \/>\n<span style=\"color: #ff00ff;\">Tl: 5<\/span><br \/>\n<span style=\"color: #ff00ff;\">Zn: 5<\/span><\/dt>\n<\/dl>\n<dl class=\"info-prod\">\n<dt><span style=\"color: #ff00ff;\">WGK:\u00a0nwg<\/span><\/dt>\n<dt class=\"break\"><span style=\"color: #ff00ff;\">Almacenaje:\u00a0Temperatura ambiente.<\/span><\/dt>\n<\/dl>\n<p>&nbsp;<\/p>\n","protected":false},"excerpt":{"rendered":"<p>Sodio Hidr\u00f3geno Carbonato<\/p>\n","protected":false},"featured_media":22918,"comment_status":"open","ping_status":"closed","template":"","meta":[],"product_brand":[],"product_cat":[45],"product_tag":[],"class_list":{"0":"post-22916","1":"product","2":"type-product","3":"status-publish","4":"has-post-thumbnail","6":"product_cat-reactivos-analiticos","7":"ts_product_brand-panreac-applichem","9":"first","10":"instock","11":"shipping-taxable","12":"product-type-simple","13":"add-to-wishlist-after_add_to_cart"},"jetpack_sharing_enabled":true,"_links":{"self":[{"href":"https:\/\/web.losalquimistas.cl\/index.php\/wp-json\/wp\/v2\/product\/22916","targetHints":{"allow":["GET"]}}],"collection":[{"href":"https:\/\/web.losalquimistas.cl\/index.php\/wp-json\/wp\/v2\/product"}],"about":[{"href":"https:\/\/web.losalquimistas.cl\/index.php\/wp-json\/wp\/v2\/types\/product"}],"replies":[{"embeddable":true,"href":"https:\/\/web.losalquimistas.cl\/index.php\/wp-json\/wp\/v2\/comments?post=22916"}],"wp:featuredmedia":[{"embeddable":true,"href":"https:\/\/web.losalquimistas.cl\/index.php\/wp-json\/wp\/v2\/media\/22918"}],"wp:attachment":[{"href":"https:\/\/web.losalquimistas.cl\/index.php\/wp-json\/wp\/v2\/media?parent=22916"}],"wp:term":[{"taxonomy":"product_brand","embeddable":true,"href":"https:\/\/web.losalquimistas.cl\/index.php\/wp-json\/wp\/v2\/product_brand?post=22916"},{"taxonomy":"product_cat","embeddable":true,"href":"https:\/\/web.losalquimistas.cl\/index.php\/wp-json\/wp\/v2\/product_cat?post=22916"},{"taxonomy":"product_tag","embeddable":true,"href":"https:\/\/web.losalquimistas.cl\/index.php\/wp-json\/wp\/v2\/product_tag?post=22916"}],"curies":[{"name":"wp","href":"https:\/\/api.w.org\/{rel}","templated":true}]}}