{"id":22913,"date":"2025-07-14T18:49:31","date_gmt":"2025-07-14T18:49:31","guid":{"rendered":"https:\/\/web.losalquimistas.cl\/?post_type=product&#038;p=22913"},"modified":"2025-07-17T05:51:28","modified_gmt":"2025-07-17T05:51:28","slug":"estanoii-cloruro-2-hidrato-reag-usp-ph-eur-para-analisis-acs-frasco-de-vidrio-color-ambar-de-1-kg-cas-10025-69-1-codigo-de-compra-panr131303-1611","status":"publish","type":"product","link":"https:\/\/web.losalquimistas.cl\/index.php\/product\/estanoii-cloruro-2-hidrato-reag-usp-ph-eur-para-analisis-acs-frasco-de-vidrio-color-ambar-de-1-kg-cas-10025-69-1-codigo-de-compra-panr131303-1611\/","title":{"rendered":"Esta\u00f1o(II) Cloruro 2-hidrato (Reag. USP, Ph. Eur.) para an\u00e1lisis, ACS. Frasco de vidrio color \u00e1mbar de 1 Kg. CAS [10025-69-1]. CODIGO DE COMPRA: PANR131303.1611"},"content":{"rendered":"<p>Sin\u00f3nimo: Cloruro Estannoso<\/p>\n<h3><a href=\"https:\/\/itwreagents.com\/iberia\/es\/product\/estanoii-cloruro-2-hidrato-reag-usp-ph-eur-para-analisis-acs\/131303\" target=\"_blank\" rel=\"noopener\"><span style=\"color: #800000;\">PanReac &amp; AppliChem<\/span><\/a><\/h3>\n<h3><span style=\"color: #0000ff;\">CODIGO DE COMPRA: PANR131303.1611<\/span><\/h3>\n<h4><strong><span style=\"color: #ff00ff;\">INFORMACION TECNICA<\/span><\/strong><\/h4>\n<dl class=\"info-prod\">\n<dt><span style=\"color: #ff00ff;\">Punto de Fusi\u00f3n:\u00a038 \u00b0C<\/span><\/dt>\n<dt><span style=\"color: #ff00ff;\">Punto de Ebullici\u00f3n:\u00a0652 \u00b0C<\/span><\/dt>\n<dt><span style=\"color: #ff00ff;\">Solubilidad:\u00a0agua 1.187 g\/l a 20 \u00b0C<\/span><\/dt>\n<dt class=\"break\"><span style=\"color: #ff00ff;\">Descripci\u00f3n F\u00edsica: S\u00f3lido<\/span><\/dt>\n<\/dl>\n<dl class=\"info-prod\">\n<dt><span style=\"color: #ff00ff;\">C\u00f3digo de Producto: 131303<\/span><\/dt>\n<dt><span style=\"color: #ff00ff;\">Nombre de Producto:\u00a0Esta\u00f1o(II) Cloruro 2-hidrato (Reag. USP, Ph. Eur.) para an\u00e1lisis, ACS<\/span><\/dt>\n<dt><span style=\"color: #ff00ff;\">Nombre de Calidad:\u00a0para an\u00e1lisis, ACS<\/span><\/dt>\n<dt class=\"break\"><span style=\"color: #ff00ff;\">Especificaciones:<\/span><\/dt>\n<dd><span style=\"color: #ff00ff;\">Riqueza (Yodom.): 98,0-103,0%<\/span><br \/>\n<span style=\"color: #ff00ff;\">Identidad Cloruro: Conforme ensayo<\/span><br \/>\n<span style=\"color: #ff00ff;\">Esta\u00f1o: Conforme ensayo<\/span><span style=\"color: #ff00ff;\"><b>L\u00edmite m\u00e1ximo de impurezas<\/b><\/span><br \/>\n<span style=\"color: #ff00ff;\">Insoluble en HCl: 0,005 %<\/span><br \/>\n<span style=\"color: #ff00ff;\">Amonio (NH4): 0,002%<\/span><br \/>\n<span style=\"color: #ff00ff;\">Sulfato (SO4): 0,002%<\/span><br \/>\n<span style=\"color: #ff00ff;\">As: 0,0001 %<\/span><br \/>\n<span style=\"color: #ff00ff;\">Ca: 0,005 %<\/span><br \/>\n<span style=\"color: #ff00ff;\">Cd: 0,0005 %<\/span><br \/>\n<span style=\"color: #ff00ff;\">Co: 0,0005 %<\/span><br \/>\n<span style=\"color: #ff00ff;\">Fe: 0,003 %<\/span><br \/>\n<span style=\"color: #ff00ff;\">K: 0,005 %<\/span><br \/>\n<span style=\"color: #ff00ff;\">Mg: 0,005 %<\/span><br \/>\n<span style=\"color: #ff00ff;\">Na: 0,01 %<\/span><br \/>\n<span style=\"color: #ff00ff;\">Ni: 0,0005 %<\/span><br \/>\n<span style=\"color: #ff00ff;\">Pb: 0,01 %<\/span><\/dd>\n<\/dl>\n<dl class=\"info-prod\">\n<dt><span style=\"color: #ff00ff;\">UN: 3260<\/span><\/dt>\n<dt><span style=\"color: #ff00ff;\">Clase\/GE:\u00a08\/III<\/span><\/dt>\n<dt><span style=\"color: #ff00ff;\">ADR:\u00a08\/III<\/span><\/dt>\n<dt><span style=\"color: #ff00ff;\">IMDG:\u00a08\/III<\/span><\/dt>\n<dt><span style=\"color: #ff00ff;\">IATA:\u00a08\/III<\/span><\/dt>\n<dt><span style=\"color: #ff00ff;\">WGK:\u00a02<\/span><\/dt>\n<dt><span style=\"color: #ff00ff;\">Almacenaje:\u00a0Temperatura ambiente.<\/span><\/dt>\n<dt><span style=\"color: #ff00ff;\">Palabra de Peligro:\u00a0Atenci\u00f3n<\/span><\/dt>\n<\/dl>\n","protected":false},"excerpt":{"rendered":"<p>Esta\u00f1o(II) Cloruro 2-hidrato<\/p>\n","protected":false},"featured_media":22915,"comment_status":"open","ping_status":"closed","template":"","meta":[],"product_brand":[],"product_cat":[45,17],"product_tag":[],"class_list":{"0":"post-22913","1":"product","2":"type-product","3":"status-publish","4":"has-post-thumbnail","6":"product_cat-reactivos-analiticos","7":"product_cat-uso-general","8":"ts_product_brand-panreac-applichem","10":"first","11":"instock","12":"shipping-taxable","13":"product-type-simple","14":"add-to-wishlist-after_add_to_cart"},"jetpack_sharing_enabled":true,"_links":{"self":[{"href":"https:\/\/web.losalquimistas.cl\/index.php\/wp-json\/wp\/v2\/product\/22913","targetHints":{"allow":["GET"]}}],"collection":[{"href":"https:\/\/web.losalquimistas.cl\/index.php\/wp-json\/wp\/v2\/product"}],"about":[{"href":"https:\/\/web.losalquimistas.cl\/index.php\/wp-json\/wp\/v2\/types\/product"}],"replies":[{"embeddable":true,"href":"https:\/\/web.losalquimistas.cl\/index.php\/wp-json\/wp\/v2\/comments?post=22913"}],"wp:featuredmedia":[{"embeddable":true,"href":"https:\/\/web.losalquimistas.cl\/index.php\/wp-json\/wp\/v2\/media\/22915"}],"wp:attachment":[{"href":"https:\/\/web.losalquimistas.cl\/index.php\/wp-json\/wp\/v2\/media?parent=22913"}],"wp:term":[{"taxonomy":"product_brand","embeddable":true,"href":"https:\/\/web.losalquimistas.cl\/index.php\/wp-json\/wp\/v2\/product_brand?post=22913"},{"taxonomy":"product_cat","embeddable":true,"href":"https:\/\/web.losalquimistas.cl\/index.php\/wp-json\/wp\/v2\/product_cat?post=22913"},{"taxonomy":"product_tag","embeddable":true,"href":"https:\/\/web.losalquimistas.cl\/index.php\/wp-json\/wp\/v2\/product_tag?post=22913"}],"curies":[{"name":"wp","href":"https:\/\/api.w.org\/{rel}","templated":true}]}}