{"id":22886,"date":"2025-07-14T17:07:02","date_gmt":"2025-07-14T17:07:02","guid":{"rendered":"https:\/\/web.losalquimistas.cl\/?post_type=product&#038;p=22886"},"modified":"2025-07-14T17:07:03","modified_gmt":"2025-07-14T17:07:03","slug":"sodio-di-hidrogeno-fosfato-1-hidrato-reag-usp-ph-eur-para-analisis-acs-cas-10049-21-5-envase-de-un-kilo-codigo-de-compra-panr131965-1211","status":"publish","type":"product","link":"https:\/\/web.losalquimistas.cl\/index.php\/product\/sodio-di-hidrogeno-fosfato-1-hidrato-reag-usp-ph-eur-para-analisis-acs-cas-10049-21-5-envase-de-un-kilo-codigo-de-compra-panr131965-1211\/","title":{"rendered":"Sodio di-Hidr\u00f3geno Fosfato 1-hidrato (Reag. USP, Ph. Eur.) para an\u00e1lisis, ACS. CAS [10049-21-5 ]. Envase de un kilo. CODIGO DE COMPRA : PANR131965.1211"},"content":{"rendered":"<p>Sin\u00f3nimos:Fosfato monos\u00f3dico, Sodio Fosfato Acido, Sodio Fosfato mono-B\u00e1sico, Sodio Fosfato primario<\/p>\n<h3><a href=\"https:\/\/www.itwreagents.com\/iberia\/es\/product\/sodio-di-hidrogeno-fosfato-1-hidrato-reag-usp-ph-eur-para-analisis-acs\/131965\" target=\"_blank\" rel=\"noopener\">PanReac &amp; AppliChem<\/a><\/h3>\n<h3><span style=\"color: #0000ff;\">CODIGO DE COMPRA : PANR131965.1211<\/span><\/h3>\n<p><span style=\"color: #ff00ff;\">Informaci\u00f3n T\u00e9cnica:\u00a0<\/span><\/p>\n<dl class=\"info-prod\">\n<dt><span style=\"color: #ff00ff;\">Solubilidad:agua 1.103 g\/l a 20 \u00b0C<\/span><\/dt>\n<dt class=\"break\"><span style=\"color: #ff00ff;\">Descripci\u00f3n F\u00edsica:S\u00f3lido<\/span><\/dt>\n<\/dl>\n<dl class=\"info-prod\">\n<dt><span style=\"color: #ff00ff;\">C\u00f3digo de Producto:131965<\/span><\/dt>\n<dt><span style=\"color: #ff00ff;\">Nombre de Producto:Sodio di-Hidr\u00f3geno Fosfato 1-hidrato (Reag. USP, Ph. Eur.) para an\u00e1lisis, ACS<\/span><\/dt>\n<dt><span style=\"color: #ff00ff;\">Nombre de Calidad:para an\u00e1lisis, ACS<\/span><\/dt>\n<dt class=\"break\"><span style=\"color: #ff00ff;\">Especificaciones:<\/span><\/dt>\n<dd><span style=\"color: #ff00ff;\">Riqueza (Acidim.): 99,0-102,0%<\/span><br \/>\n<span style=\"color: #ff00ff;\">pH sol. 5%: 4,1-4,5<\/span><\/p>\n<p><span style=\"color: #ff00ff;\"><b>L\u00edmite m\u00e1ximo de impurezas<\/b><\/span><br \/>\n<span style=\"color: #ff00ff;\">Insoluble en H2O: 0,01 %<\/span><br \/>\n<span style=\"color: #ff00ff;\">Cloruro (Cl): 0,0005%<\/span><br \/>\n<span style=\"color: #ff00ff;\">Compuestos de N (en N): 0,001%<\/span><br \/>\n<span style=\"color: #ff00ff;\">Sulfato (SO4): 0,003%<\/span><br \/>\n<span style=\"color: #ff00ff;\">Metales pesados (ICP-OES): 0,0005 %<\/span><br \/>\n<span style=\"color: #ff00ff;\">As: 0,00005 %<\/span><br \/>\n<span style=\"color: #ff00ff;\">Ca: 0,005 %<\/span><br \/>\n<span style=\"color: #ff00ff;\">Cd: 0,0005 %<\/span><br \/>\n<span style=\"color: #ff00ff;\">Co: 0,0005 %<\/span><br \/>\n<span style=\"color: #ff00ff;\">Cu: 0,0005 %<\/span><br \/>\n<span style=\"color: #ff00ff;\">Fe: 0,0005 %<\/span><br \/>\n<span style=\"color: #ff00ff;\">K: 0,005 %<\/span><br \/>\n<span style=\"color: #ff00ff;\">Mg: 0,005 %<\/span><br \/>\n<span style=\"color: #ff00ff;\">Ni: 0,0005 %<\/span><br \/>\n<span style=\"color: #ff00ff;\">Pb: 0,0005 %<\/span><\/dd>\n<\/dl>\n<dl class=\"info-prod\">\n<dt><span style=\"color: #ff00ff;\">WGK:<\/span><\/dt>\n<dd><span style=\"color: #ff00ff;\">1<\/span><\/dd>\n<dt class=\"break\"><span style=\"color: #ff00ff;\">Almacenaje:<\/span><\/dt>\n<dd><span style=\"color: #ff00ff;\">Temperatura ambiente.<\/span><\/dd>\n<dt><span style=\"color: #ff00ff;\">Nombre Maestro:<\/span><\/dt>\n<dd><span style=\"color: #ff00ff;\">Sodio di-Hidr\u00f3geno Fosfato 1-hidrato<\/span><\/dd>\n<dt><span style=\"color: #ff00ff;\">Texto para sin\u00f3nimos:<\/span><\/dt>\n<dd><span style=\"color: #ff00ff;\">Fosfato monos\u00f3dico, Sodio Fosfato Acido, Sodio Fosfato mono-B\u00e1sico, Sodio Fosfato primario<\/span><\/dd>\n<dt><span style=\"color: #ff00ff;\">EINECS:<\/span><\/dt>\n<dd><span style=\"color: #ff00ff;\">231-449-2<\/span><\/dd>\n<dt class=\"break\"><span style=\"color: #ff00ff;\">NC:<\/span><\/dt>\n<dd><span style=\"color: #ff00ff;\">28352200<\/span><\/dd>\n<\/dl>\n","protected":false},"excerpt":{"rendered":"<p>Sin\u00f3nimos:Fosfato monos\u00f3dico, Sodio Fosfato Acido, Sodio Fosfato mono-B\u00e1sico, Sodio Fosfato primario PanReac &amp; AppliChem CODIGO DE COMPRA : PANR131965.1211 Informaci\u00f3n T\u00e9cnica:\u00a0 Solubilidad:agua 1.103 g\/l a 20 \u00b0C Descripci\u00f3n F\u00edsica:S\u00f3lido C\u00f3digo de Producto:131965 Nombre de Producto:Sodio di-Hidr\u00f3geno Fosfato 1-hidrato (Reag. USP, Ph. Eur.) para an\u00e1lisis, ACS Nombre de Calidad:para an\u00e1lisis, ACS Especificaciones: Riqueza (Acidim.): 99,0-102,0% pH [&hellip;]<\/p>\n","protected":false},"featured_media":22863,"comment_status":"open","ping_status":"closed","template":"","meta":[],"product_brand":[],"product_cat":[45,17],"product_tag":[],"class_list":{"0":"post-22886","1":"product","2":"type-product","3":"status-publish","4":"has-post-thumbnail","6":"product_cat-reactivos-analiticos","7":"product_cat-uso-general","8":"ts_product_brand-panreac-applichem","10":"first","11":"instock","12":"shipping-taxable","13":"product-type-simple","14":"add-to-wishlist-after_add_to_cart"},"jetpack_sharing_enabled":true,"_links":{"self":[{"href":"https:\/\/web.losalquimistas.cl\/index.php\/wp-json\/wp\/v2\/product\/22886","targetHints":{"allow":["GET"]}}],"collection":[{"href":"https:\/\/web.losalquimistas.cl\/index.php\/wp-json\/wp\/v2\/product"}],"about":[{"href":"https:\/\/web.losalquimistas.cl\/index.php\/wp-json\/wp\/v2\/types\/product"}],"replies":[{"embeddable":true,"href":"https:\/\/web.losalquimistas.cl\/index.php\/wp-json\/wp\/v2\/comments?post=22886"}],"wp:featuredmedia":[{"embeddable":true,"href":"https:\/\/web.losalquimistas.cl\/index.php\/wp-json\/wp\/v2\/media\/22863"}],"wp:attachment":[{"href":"https:\/\/web.losalquimistas.cl\/index.php\/wp-json\/wp\/v2\/media?parent=22886"}],"wp:term":[{"taxonomy":"product_brand","embeddable":true,"href":"https:\/\/web.losalquimistas.cl\/index.php\/wp-json\/wp\/v2\/product_brand?post=22886"},{"taxonomy":"product_cat","embeddable":true,"href":"https:\/\/web.losalquimistas.cl\/index.php\/wp-json\/wp\/v2\/product_cat?post=22886"},{"taxonomy":"product_tag","embeddable":true,"href":"https:\/\/web.losalquimistas.cl\/index.php\/wp-json\/wp\/v2\/product_tag?post=22886"}],"curies":[{"name":"wp","href":"https:\/\/api.w.org\/{rel}","templated":true}]}}