{"id":22835,"date":"2025-07-13T22:25:29","date_gmt":"2025-07-13T22:25:29","guid":{"rendered":"https:\/\/web.losalquimistas.cl\/?post_type=product&#038;p=22835"},"modified":"2025-07-17T06:50:23","modified_gmt":"2025-07-17T06:50:23","slug":"d-lactosa-1-hidrato-usp-nf-bp-ph-eur-puro-grado-farma-4-o-b-d-galactopiranosil-d-glucosa-azucar-de-leche-envase-plastico-de-1-kg-cas-10039-26-6-codigo-de-compra-panr141375-1211","status":"publish","type":"product","link":"https:\/\/web.losalquimistas.cl\/index.php\/product\/d-lactosa-1-hidrato-usp-nf-bp-ph-eur-puro-grado-farma-4-o-b-d-galactopiranosil-d-glucosa-azucar-de-leche-envase-plastico-de-1-kg-cas-10039-26-6-codigo-de-compra-panr141375-1211\/","title":{"rendered":"D(+)-Lactosa 1-hidrato (USP-NF, BP, Ph. Eur.) puro, grado farma. CAS [10039-26-6]. Envase de pl\u00e1stico de 1 Kg.  CODIGO DE COMPRA: PANR141375.1211"},"content":{"rendered":"<p>Sin\u00f3nimo: 4-O-b-D-Galactopiranosil-D-Glucosa, Az\u00facar de leche<\/p>\n<h3><a href=\"https:\/\/itwreagents.com\/iberia\/es\/product\/d-lactosa-1-hidrato-usp-nf-bp-ph-eur-puro-grado-farma\/141375\" target=\"_blank\" rel=\"noopener\"><span style=\"color: #800000;\">PanReac &amp; AppliChem<\/span><\/a><\/h3>\n<h3><span style=\"color: #0000ff;\">CODIGO DE COMPRA: PANR141375.1211<\/span><\/h3>\n<h4><strong><span style=\"color: #ff00ff;\">INFORMACION TECNICA<\/span><\/strong><\/h4>\n<dl class=\"info-prod\">\n<dt><span style=\"color: #ff00ff;\">Punto de Fusi\u00f3n:\u00a0202 \u00b0C<\/span><\/dt>\n<dt><span style=\"color: #ff00ff;\">Solubilidad:\u00a0agua 216 g\/l a 20 \u00b0C<\/span><\/dt>\n<dt class=\"break\"><span style=\"color: #ff00ff;\">Descripci\u00f3n F\u00edsica:\u00a0S\u00f3lido<\/span><\/dt>\n<\/dl>\n<dl class=\"info-prod\">\n<dt><span style=\"color: #ff00ff;\">C\u00f3digo de Producto:\u00a0141375<\/span><\/dt>\n<dt><span style=\"color: #ff00ff;\">Nombre de Producto:\u00a0D(+)-Lactosa 1-hidrato (USP-NF, BP, Ph. Eur.) puro, grado farma<\/span><\/dt>\n<dt><span style=\"color: #ff00ff;\">Nombre de Calidad:\u00a0puro, grado farma<\/span><\/dt>\n<dt class=\"break\"><span style=\"color: #ff00ff;\">Especificaciones:<\/span><\/dt>\n<dd><span style=\"color: #ff00ff;\">Identidad seg\u00fan Farmacopeas:: Conforme ensayo<\/span><br \/>\n<span style=\"color: #ff00ff;\">Rotaci\u00f3n espec\u00edfica \u03b1 20\/D c= 10 (en H2O): +54,4 &#8211; +55,9\u00b0<\/span><span style=\"color: #ff00ff;\"><b>L\u00edmite m\u00e1ximo de impurezas<\/b><\/span><br \/>\n<span style=\"color: #ff00ff;\">ABS \u03bb 270-300 nm sol. 1% en H2O: 0,07<\/span><br \/>\n<span style=\"color: #ff00ff;\">ABS \u03bb 400 nm sol. 10% en H2O: 0,04<\/span><br \/>\n<span style=\"color: #ff00ff;\">ABS \u03bb 210-220 nm sol. 1% en H2O: 0,25<\/span><br \/>\n<span style=\"color: #ff00ff;\">Aspecto de la soluci\u00f3n: Conforme ensayo<\/span><br \/>\n<span style=\"color: #ff00ff;\">Acidez y\/o alcalinidad: Conforme ensayo<\/span><br \/>\n<span style=\"color: #ff00ff;\">Insoluble en H2O: Conforme ensayo<\/span><br \/>\n<span style=\"color: #ff00ff;\">P\u00e9rdida por desecaci\u00f3n a 80\u00b0C: 0,5%<\/span><br \/>\n<span style=\"color: #ff00ff;\">Residuo de calcinaci\u00f3n (en SO4): 0,1 %<\/span><br \/>\n<span style=\"color: #ff00ff;\">Cloruro (Cl): 0,01%<\/span><br \/>\n<span style=\"color: #ff00ff;\">Sulfato (SO4): 0,02%<\/span><br \/>\n<span style=\"color: #ff00ff;\">Disolventes residuales (Ph. Eur.\/USP): Conforme ensayo<\/span><br \/>\n<span style=\"color: #ff00ff;\">Agua (H2O): 4,5-5,5 %<\/span><br \/>\n<span style=\"color: #ff00ff;\">Recuento microbiol\u00f3gico de aerobios totales (TAMC): 100 ufc\/ml<\/span><br \/>\n<span style=\"color: #ff00ff;\">Levaduras y mohos: 50 ufc\/g<\/span><br \/>\n<span style=\"color: #ff00ff;\">Escherichia coli: negativo<\/span><br \/>\n<span style=\"color: #ff00ff;\">Salmonella: negativo<\/span><br \/>\n<span style=\"color: #ff00ff;\">L\u00edmites microbianos:: negativo<\/span><br \/>\n<span style=\"color: #ff00ff;\">Metales pesados (en Pb): 0,0005%<\/span><br \/>\n<span style=\"color: #ff00ff;\">Producto obtenido a partir de leche de animales con recogida en las mismas condiciones que la leche obtenida para consumo humano.<\/span><\/dd>\n<\/dl>\n<dl class=\"info-prod\">\n<dt><span style=\"color: #ff00ff;\">WGK: nwg<\/span><\/dt>\n<dt class=\"break\"><span style=\"color: #ff00ff;\">Almacenaje: Temperatura ambiente.<\/span><\/dt>\n<\/dl>\n<p>&nbsp;<\/p>\n<p>&nbsp;<\/p>\n","protected":false},"excerpt":{"rendered":"<p>D(+)-Lactosa 1-hidrato<\/p>\n","protected":false},"featured_media":22857,"comment_status":"open","ping_status":"closed","template":"","meta":[],"product_brand":[],"product_cat":[44],"product_tag":[],"class_list":{"0":"post-22835","1":"product","2":"type-product","3":"status-publish","4":"has-post-thumbnail","6":"product_cat-productos-grado-farma","7":"ts_product_brand-panreac-applichem","9":"first","10":"instock","11":"shipping-taxable","12":"product-type-simple","13":"add-to-wishlist-after_add_to_cart"},"jetpack_sharing_enabled":true,"_links":{"self":[{"href":"https:\/\/web.losalquimistas.cl\/index.php\/wp-json\/wp\/v2\/product\/22835","targetHints":{"allow":["GET"]}}],"collection":[{"href":"https:\/\/web.losalquimistas.cl\/index.php\/wp-json\/wp\/v2\/product"}],"about":[{"href":"https:\/\/web.losalquimistas.cl\/index.php\/wp-json\/wp\/v2\/types\/product"}],"replies":[{"embeddable":true,"href":"https:\/\/web.losalquimistas.cl\/index.php\/wp-json\/wp\/v2\/comments?post=22835"}],"wp:featuredmedia":[{"embeddable":true,"href":"https:\/\/web.losalquimistas.cl\/index.php\/wp-json\/wp\/v2\/media\/22857"}],"wp:attachment":[{"href":"https:\/\/web.losalquimistas.cl\/index.php\/wp-json\/wp\/v2\/media?parent=22835"}],"wp:term":[{"taxonomy":"product_brand","embeddable":true,"href":"https:\/\/web.losalquimistas.cl\/index.php\/wp-json\/wp\/v2\/product_brand?post=22835"},{"taxonomy":"product_cat","embeddable":true,"href":"https:\/\/web.losalquimistas.cl\/index.php\/wp-json\/wp\/v2\/product_cat?post=22835"},{"taxonomy":"product_tag","embeddable":true,"href":"https:\/\/web.losalquimistas.cl\/index.php\/wp-json\/wp\/v2\/product_tag?post=22835"}],"curies":[{"name":"wp","href":"https:\/\/api.w.org\/{rel}","templated":true}]}}