{"id":22766,"date":"2025-07-11T19:40:17","date_gmt":"2025-07-11T19:40:17","guid":{"rendered":"https:\/\/web.losalquimistas.cl\/?post_type=product&#038;p=22766"},"modified":"2025-07-11T19:40:19","modified_gmt":"2025-07-11T19:40:19","slug":"potasio-di-hidrogeno-fosfato-reag-usp-para-analisis-acs-cas-7778-77-0-envase-de-un-kilo-codigo-de-compra-panr131509-1211","status":"publish","type":"product","link":"https:\/\/web.losalquimistas.cl\/index.php\/product\/potasio-di-hidrogeno-fosfato-reag-usp-para-analisis-acs-cas-7778-77-0-envase-de-un-kilo-codigo-de-compra-panr131509-1211\/","title":{"rendered":"Potasio di-Hidr\u00f3geno Fosfato (Reag. USP) para an\u00e1lisis, ACS. CAS [7778-77-0]. Envase de un kilo. CODIGO DE COMPRA: PANR131509.1211"},"content":{"rendered":"<p>Sin\u00f3nimos:Potasio Fosfato mono-B\u00e1sico, Potasio Fosfato primario<\/p>\n<p>Riqueza m\u00ednima (Acidim.): 99,0%<\/p>\n<h3><a href=\"https:\/\/www.itwreagents.com\/iberia\/es\/product\/potasio-di-hidrogeno-fosfato-reag-usp-para-analisis-acs\/131509\" target=\"_blank\" rel=\"noopener\">PanReac &amp; AppliChem<\/a><\/h3>\n<h3><span style=\"color: #0000ff;\">CODIGO DE COMPRA :PANR131509.1211<\/span><\/h3>\n<p><span style=\"color: #ff00ff;\">Informaci\u00f3n T\u00e9cnica:\u00a0<\/span><\/p>\n<dl class=\"info-prod\">\n<dt><span style=\"color: #ff00ff;\">Punto de Fusi\u00f3n:252 \u00b0C<\/span><\/dt>\n<dt class=\"break\"><span style=\"color: #ff00ff;\">Descripci\u00f3n F\u00edsica:S\u00f3lido<\/span><\/dt>\n<\/dl>\n<dl class=\"info-prod\">\n<dt><span style=\"color: #ff00ff;\">C\u00f3digo de Producto:131509<\/span><\/dt>\n<dt><span style=\"color: #ff00ff;\">Nombre de Producto:Potasio di-Hidr\u00f3geno Fosfato (Reag. USP) para an\u00e1lisis, ACS<\/span><\/dt>\n<dt><span style=\"color: #ff00ff;\">Nombre de Calidad:para an\u00e1lisis, ACS<\/span><\/dt>\n<dt class=\"break\"><span style=\"color: #ff00ff;\">Especificaciones:Riqueza m\u00ednima (Acidim.): 99,0%<\/span><br \/>\n<span style=\"color: #ff00ff;\">pH sol. 5%: 4,2-4,5<\/span><\/p>\n<p><span style=\"color: #ff00ff;\"><b>L\u00edmite m\u00e1ximo de impurezas<\/b><\/span><br \/>\n<span style=\"color: #ff00ff;\">Insoluble en H2O: 0,01 %<\/span><br \/>\n<span style=\"color: #ff00ff;\">P\u00e9rdida por desecaci\u00f3n a 105\u00b0C: 0,2%<\/span><br \/>\n<span style=\"color: #ff00ff;\">Cloruro (Cl): 0,0005%<\/span><br \/>\n<span style=\"color: #ff00ff;\">Compuestos de N (en N): 0,001%<\/span><br \/>\n<span style=\"color: #ff00ff;\">Sulfato (SO4): 0,003%<\/span><br \/>\n<span style=\"color: #ff00ff;\">As: 0,0002 %<\/span><br \/>\n<span style=\"color: #ff00ff;\">Metales pesados (ICP-OES): 0,001 %<\/span><\/p>\n<p><span style=\"color: #ff00ff;\"><b>Metales por ICP [en mg\/Kg (ppm)]<\/b><\/span><br \/>\n<span style=\"color: #ff00ff;\">Ag: 5<\/span><br \/>\n<span style=\"color: #ff00ff;\">Al: 5<\/span><br \/>\n<span style=\"color: #ff00ff;\">Au: 5<\/span><br \/>\n<span style=\"color: #ff00ff;\">B: 5<\/span><br \/>\n<span style=\"color: #ff00ff;\">Ba: 5<\/span><br \/>\n<span style=\"color: #ff00ff;\">Be: 5<\/span><br \/>\n<span style=\"color: #ff00ff;\">Bi: 5<\/span><br \/>\n<span style=\"color: #ff00ff;\">Ca: 50<\/span><br \/>\n<span style=\"color: #ff00ff;\">Cd: 5<\/span><br \/>\n<span style=\"color: #ff00ff;\">Co: 5<\/span><br \/>\n<span style=\"color: #ff00ff;\">Cr: 5<\/span><br \/>\n<span style=\"color: #ff00ff;\">Cu: 5<\/span><br \/>\n<span style=\"color: #ff00ff;\">Fe: 10<\/span><br \/>\n<span style=\"color: #ff00ff;\">Ga: 5<\/span><br \/>\n<span style=\"color: #ff00ff;\">Ge: 5<\/span><br \/>\n<span style=\"color: #ff00ff;\">In: 5<\/span><br \/>\n<span style=\"color: #ff00ff;\">Mg: 5<\/span><br \/>\n<span style=\"color: #ff00ff;\">Mn: 5<\/span><br \/>\n<span style=\"color: #ff00ff;\">Mo: 5<\/span><br \/>\n<span style=\"color: #ff00ff;\">Na: 50<\/span><br \/>\n<span style=\"color: #ff00ff;\">Ni: 5<\/span><br \/>\n<span style=\"color: #ff00ff;\">Pb: 5<\/span><br \/>\n<span style=\"color: #ff00ff;\">Sb: 5<\/span><br \/>\n<span style=\"color: #ff00ff;\">Se: 5<\/span><br \/>\n<span style=\"color: #ff00ff;\">Si: 5<\/span><br \/>\n<span style=\"color: #ff00ff;\">Sr: 5<\/span><br \/>\n<span style=\"color: #ff00ff;\">Ti: 5<\/span><br \/>\n<span style=\"color: #ff00ff;\">Tl: 5<\/span><br \/>\n<span style=\"color: #ff00ff;\">V: 5<\/span><br \/>\n<span style=\"color: #ff00ff;\">Zn: 5<\/span><br \/>\n<span style=\"color: #ff00ff;\">Zr: 5<\/span><\/dt>\n<\/dl>\n<dl class=\"info-prod\">\n<dt><span style=\"color: #ff00ff;\">WGK:<\/span><\/dt>\n<dd><span style=\"color: #ff00ff;\">1<\/span><\/dd>\n<dt class=\"break\"><span style=\"color: #ff00ff;\">Almacenaje:<\/span><\/dt>\n<dd><span style=\"color: #ff00ff;\">Temperatura ambiente.<\/span><\/dd>\n<dt><span style=\"color: #ff00ff;\">Nombre Maestro:<\/span><\/dt>\n<dd><span style=\"color: #ff00ff;\">Potasio di-Hidr\u00f3geno Fosfato<\/span><\/dd>\n<dt><span style=\"color: #ff00ff;\">Texto para sin\u00f3nimos:<\/span><\/dt>\n<dd><span style=\"color: #ff00ff;\">Potasio Fosfato mono-B\u00e1sico, Potasio Fosfato primario<\/span><\/dd>\n<dt><span style=\"color: #ff00ff;\">EINECS:<\/span><\/dt>\n<dd><span style=\"color: #ff00ff;\">231-913-4<\/span><\/dd>\n<dt class=\"break\"><span style=\"color: #ff00ff;\">NC:<\/span><\/dt>\n<dd><span style=\"color: #ff00ff;\">28352400<\/span><\/dd>\n<\/dl>\n","protected":false},"excerpt":{"rendered":"<p>Potasio Fosfato mono-B\u00e1sico, Potasio Fosfato primario<\/p>\n<p>&nbsp;<\/p>\n","protected":false},"featured_media":22769,"comment_status":"open","ping_status":"closed","template":"","meta":[],"product_brand":[],"product_cat":[45,17],"product_tag":[],"class_list":{"0":"post-22766","1":"product","2":"type-product","3":"status-publish","4":"has-post-thumbnail","6":"product_cat-reactivos-analiticos","7":"product_cat-uso-general","8":"ts_product_brand-panreac-applichem","10":"first","11":"instock","12":"shipping-taxable","13":"product-type-simple","14":"add-to-wishlist-after_add_to_cart"},"jetpack_sharing_enabled":true,"_links":{"self":[{"href":"https:\/\/web.losalquimistas.cl\/index.php\/wp-json\/wp\/v2\/product\/22766","targetHints":{"allow":["GET"]}}],"collection":[{"href":"https:\/\/web.losalquimistas.cl\/index.php\/wp-json\/wp\/v2\/product"}],"about":[{"href":"https:\/\/web.losalquimistas.cl\/index.php\/wp-json\/wp\/v2\/types\/product"}],"replies":[{"embeddable":true,"href":"https:\/\/web.losalquimistas.cl\/index.php\/wp-json\/wp\/v2\/comments?post=22766"}],"wp:featuredmedia":[{"embeddable":true,"href":"https:\/\/web.losalquimistas.cl\/index.php\/wp-json\/wp\/v2\/media\/22769"}],"wp:attachment":[{"href":"https:\/\/web.losalquimistas.cl\/index.php\/wp-json\/wp\/v2\/media?parent=22766"}],"wp:term":[{"taxonomy":"product_brand","embeddable":true,"href":"https:\/\/web.losalquimistas.cl\/index.php\/wp-json\/wp\/v2\/product_brand?post=22766"},{"taxonomy":"product_cat","embeddable":true,"href":"https:\/\/web.losalquimistas.cl\/index.php\/wp-json\/wp\/v2\/product_cat?post=22766"},{"taxonomy":"product_tag","embeddable":true,"href":"https:\/\/web.losalquimistas.cl\/index.php\/wp-json\/wp\/v2\/product_tag?post=22766"}],"curies":[{"name":"wp","href":"https:\/\/api.w.org\/{rel}","templated":true}]}}