{"id":22760,"date":"2025-07-11T18:39:42","date_gmt":"2025-07-11T18:39:42","guid":{"rendered":"https:\/\/web.losalquimistas.cl\/?post_type=product&#038;p=22760"},"modified":"2025-07-11T18:42:40","modified_gmt":"2025-07-11T18:42:40","slug":"lana-de-vidrio-lavada-grado-tecnico-envase-de-250-gramos-codigo-de-compra-panr211376-1209","status":"publish","type":"product","link":"https:\/\/web.losalquimistas.cl\/index.php\/product\/lana-de-vidrio-lavada-grado-tecnico-envase-de-250-gramos-codigo-de-compra-panr211376-1209\/","title":{"rendered":"Lana de Vidrio lavada grado t\u00e9cnico. Envase de 250 gramos. CODIGO DE COMPRA : PANR211376.1209"},"content":{"rendered":"<h3>Sin\u00f3nimo: Algod\u00f3n de vidrio<\/h3>\n<h3><a href=\"https:\/\/www.itwreagents.com\/iberia\/es\/product\/lana-de-vidrio-lavada-grado-tecnico\/211376\" target=\"_blank\" rel=\"noopener\">PanReac &amp; appliChem\u00a0<\/a><\/h3>\n<p><strong><span style=\"color: #0000ff;\">CODIGO DE COMPRA:PANR211376.1209<\/span><\/strong><\/p>\n<p><span style=\"color: #ff00ff;\">Informaci\u00f3n T\u00e9cnica:<\/span><\/p>\n<dl class=\"info-prod\">\n<dt class=\"break\"><span style=\"color: #ff00ff;\">Solubilidad:Insoluble en agua<\/span><\/dt>\n<\/dl>\n<dl class=\"info-prod\">\n<dt><span style=\"color: #ff00ff;\">C\u00f3digo de Producto:211376<\/span><\/dt>\n<dt><span style=\"color: #ff00ff;\">Nombre de Producto:Lana de Vidrio lavada grado t\u00e9cnico<\/span><\/dt>\n<dt><span style=\"color: #ff00ff;\">Nombre de Calidad:grado t\u00e9cnico<\/span><\/dt>\n<dt class=\"break\"><span style=\"color: #ff00ff;\">Especificaciones:Cloruro (Cl): 0,01%<\/span><\/dt>\n<\/dl>\n<dl class=\"info-prod\">\n<dt><span style=\"color: #ff00ff;\">WGK:nwg<\/span><\/dt>\n<dt class=\"break\"><span style=\"color: #ff00ff;\">Almacenaje:Temperatura ambiente.<\/span><\/dt>\n<dt><span style=\"color: #ff00ff;\">Nombre Maestro:Lana de Vidrio *lavada<\/span><\/dt>\n<dt><span style=\"color: #ff00ff;\">Texto para sin\u00f3nimos:Algod\u00f3n de vidrio<\/span><\/dt>\n<dt><span style=\"color: #ff00ff;\">EINECS:266-046-0<\/span><\/dt>\n<dt class=\"break\"><span style=\"color: #ff00ff;\">NC:70199000<\/span><\/dt>\n<\/dl>\n","protected":false},"excerpt":{"rendered":"<p>Sin\u00f3nimo: Algod\u00f3n de vidrio PanReac &amp; appliChem\u00a0 CODIGO DE COMPRA:PANR211376.1209 Informaci\u00f3n T\u00e9cnica: Solubilidad:Insoluble en agua C\u00f3digo de Producto:211376 Nombre de Producto:Lana de Vidrio lavada grado t\u00e9cnico Nombre de Calidad:grado t\u00e9cnico Especificaciones:Cloruro (Cl): 0,01% WGK:nwg Almacenaje:Temperatura ambiente. Nombre Maestro:Lana de Vidrio *lavada Texto para sin\u00f3nimos:Algod\u00f3n de vidrio EINECS:266-046-0 NC:70199000<\/p>\n","protected":false},"featured_media":22761,"comment_status":"open","ping_status":"closed","template":"","meta":[],"product_brand":[],"product_cat":[17],"product_tag":[],"class_list":{"0":"post-22760","1":"product","2":"type-product","3":"status-publish","4":"has-post-thumbnail","6":"product_cat-uso-general","7":"ts_product_brand-panreac-applichem","9":"first","10":"instock","11":"shipping-taxable","12":"product-type-simple","13":"add-to-wishlist-after_add_to_cart"},"jetpack_sharing_enabled":true,"_links":{"self":[{"href":"https:\/\/web.losalquimistas.cl\/index.php\/wp-json\/wp\/v2\/product\/22760","targetHints":{"allow":["GET"]}}],"collection":[{"href":"https:\/\/web.losalquimistas.cl\/index.php\/wp-json\/wp\/v2\/product"}],"about":[{"href":"https:\/\/web.losalquimistas.cl\/index.php\/wp-json\/wp\/v2\/types\/product"}],"replies":[{"embeddable":true,"href":"https:\/\/web.losalquimistas.cl\/index.php\/wp-json\/wp\/v2\/comments?post=22760"}],"wp:featuredmedia":[{"embeddable":true,"href":"https:\/\/web.losalquimistas.cl\/index.php\/wp-json\/wp\/v2\/media\/22761"}],"wp:attachment":[{"href":"https:\/\/web.losalquimistas.cl\/index.php\/wp-json\/wp\/v2\/media?parent=22760"}],"wp:term":[{"taxonomy":"product_brand","embeddable":true,"href":"https:\/\/web.losalquimistas.cl\/index.php\/wp-json\/wp\/v2\/product_brand?post=22760"},{"taxonomy":"product_cat","embeddable":true,"href":"https:\/\/web.losalquimistas.cl\/index.php\/wp-json\/wp\/v2\/product_cat?post=22760"},{"taxonomy":"product_tag","embeddable":true,"href":"https:\/\/web.losalquimistas.cl\/index.php\/wp-json\/wp\/v2\/product_tag?post=22760"}],"curies":[{"name":"wp","href":"https:\/\/api.w.org\/{rel}","templated":true}]}}