{"id":22730,"date":"2025-07-11T08:15:46","date_gmt":"2025-07-11T08:15:46","guid":{"rendered":"https:\/\/web.losalquimistas.cl\/?post_type=product&#038;p=22730"},"modified":"2025-07-11T16:41:25","modified_gmt":"2025-07-11T16:41:25","slug":"polymyxina-b-sulfato-biochemica-envase-de-plastico-de-10-gramos-cas-1405-20-5-codigo-de-compra-appla0890-0010","status":"publish","type":"product","link":"https:\/\/web.losalquimistas.cl\/index.php\/product\/polymyxina-b-sulfato-biochemica-envase-de-plastico-de-10-gramos-cas-1405-20-5-codigo-de-compra-appla0890-0010\/","title":{"rendered":"Polymyxina B Sulfato BioChemica. Envase de pl\u00e1stico de 10 gramos. CAS [1405-20-5]. CODIGO DE COMPRA: APPLA0890.0010"},"content":{"rendered":"<h3><a href=\"https:\/\/www.itwreagents.com\/iberia\/es\/product\/polymyxina-b-sulfato-ibiochemicai\/A0890\" target=\"_blank\" rel=\"noopener\">PanReac &amp; AppliChem<\/a><\/h3>\n<h3><span style=\"color: #0000ff;\">CODIGO DE COMPRA: APPLA0890.0010<\/span><\/h3>\n<h4><span style=\"color: #ff00ff;\">INFORMACION TECNICA<\/span><\/h4>\n<dl class=\"info-prod\">\n<dt class=\"break\"><span style=\"color: #ff00ff;\">Descripci\u00f3n F\u00edsica: S\u00f3lido<\/span><\/dt>\n<\/dl>\n<dl class=\"info-prod\">\n<dt><span style=\"color: #ff00ff;\">C\u00f3digo de Producto: A0890<\/span><\/dt>\n<dt><span style=\"color: #ff00ff;\">Nombre de Producto:\u00a0Polymyxina B Sulfato\u00a0<i>BioChemica<\/i><\/span><\/dt>\n<dt class=\"break\"><span style=\"color: #ff00ff;\">Especificaciones:<\/span><\/dt>\n<dd><span style=\"color: #ff00ff;\">Actividad (sustancia seca): min. 6000 I.U.\/mg<\/span><br \/>\n<span style=\"color: #ff00ff;\">Residuo de ignici\u00f3n: max. 5 %<\/span><br \/>\n<span style=\"color: #ff00ff;\">pH (5 mg\/mL; H<sub>2<\/sub>O): 5,0 &#8211; 7,5<\/span><br \/>\n<span style=\"color: #ff00ff;\">P\u00e9rdida por desecaci\u00f3n: max. 7 %<\/span><\/dd>\n<\/dl>\n<dl class=\"info-prod\">\n<dt><span style=\"color: #ff00ff;\">WGK:\u00a01<\/span><\/dt>\n<dt><span style=\"color: #ff00ff;\">Almacenaje:\u00a0<\/span><\/dt>\n<dt><span style=\"color: #ff00ff;\">Temperatura ambiente<\/span><br \/>\n<span style=\"color: #ff00ff;\">proteger de la luz<\/span><\/dt>\n<dt><span style=\"color: #ff00ff;\">Palabra de Peligro:\u00a0Atenci\u00f3n<\/span><\/dt>\n<\/dl>\n","protected":false},"excerpt":{"rendered":"<p>Polymyxina B Sulfato<\/p>\n","protected":false},"featured_media":22731,"comment_status":"open","ping_status":"closed","template":"","meta":[],"product_brand":[],"product_cat":[17],"product_tag":[],"class_list":{"0":"post-22730","1":"product","2":"type-product","3":"status-publish","4":"has-post-thumbnail","6":"product_cat-uso-general","7":"ts_product_brand-panreac-applichem","9":"first","10":"onbackorder","11":"shipping-taxable","12":"product-type-simple","13":"add-to-wishlist-after_add_to_cart"},"jetpack_sharing_enabled":true,"_links":{"self":[{"href":"https:\/\/web.losalquimistas.cl\/index.php\/wp-json\/wp\/v2\/product\/22730","targetHints":{"allow":["GET"]}}],"collection":[{"href":"https:\/\/web.losalquimistas.cl\/index.php\/wp-json\/wp\/v2\/product"}],"about":[{"href":"https:\/\/web.losalquimistas.cl\/index.php\/wp-json\/wp\/v2\/types\/product"}],"replies":[{"embeddable":true,"href":"https:\/\/web.losalquimistas.cl\/index.php\/wp-json\/wp\/v2\/comments?post=22730"}],"wp:featuredmedia":[{"embeddable":true,"href":"https:\/\/web.losalquimistas.cl\/index.php\/wp-json\/wp\/v2\/media\/22731"}],"wp:attachment":[{"href":"https:\/\/web.losalquimistas.cl\/index.php\/wp-json\/wp\/v2\/media?parent=22730"}],"wp:term":[{"taxonomy":"product_brand","embeddable":true,"href":"https:\/\/web.losalquimistas.cl\/index.php\/wp-json\/wp\/v2\/product_brand?post=22730"},{"taxonomy":"product_cat","embeddable":true,"href":"https:\/\/web.losalquimistas.cl\/index.php\/wp-json\/wp\/v2\/product_cat?post=22730"},{"taxonomy":"product_tag","embeddable":true,"href":"https:\/\/web.losalquimistas.cl\/index.php\/wp-json\/wp\/v2\/product_tag?post=22730"}],"curies":[{"name":"wp","href":"https:\/\/api.w.org\/{rel}","templated":true}]}}