{"id":22727,"date":"2025-07-11T08:02:50","date_gmt":"2025-07-11T08:02:50","guid":{"rendered":"https:\/\/web.losalquimistas.cl\/?post_type=product&#038;p=22727"},"modified":"2025-07-11T16:42:15","modified_gmt":"2025-07-11T16:42:15","slug":"pmsf-biochemica-envase-de-plastico-de-5-gramos-cas-329-98-6-codigo-de-compra-appla0999-0005","status":"publish","type":"product","link":"https:\/\/web.losalquimistas.cl\/index.php\/product\/pmsf-biochemica-envase-de-plastico-de-5-gramos-cas-329-98-6-codigo-de-compra-appla0999-0005\/","title":{"rendered":"PMSF BioChemica. Envase de pl\u00e1stico de 5 gramos. CAS [329-98-6]. CODIGO DE COMPRA: APPLA0999.0005"},"content":{"rendered":"<h3><a href=\"https:\/\/www.itwreagents.com\/iberia\/es\/product\/pmsf-ibiochemicai\/A0999\" target=\"_blank\" rel=\"noopener\">PanReac &amp; AppliChem<\/a><\/h3>\n<h3><span style=\"color: #0000ff;\">CODIGO DE COMPRA: APPLA0999.0005<\/span><\/h3>\n<h4><span style=\"color: #ff00ff;\">INFORMACION TECNICA<\/span><\/h4>\n<dl class=\"info-prod\">\n<dt class=\"break\"><span style=\"color: #ff00ff;\">Descripci\u00f3n F\u00edsica: S\u00f3lido<\/span><\/dt>\n<\/dl>\n<dl class=\"info-prod\">\n<dt><span style=\"color: #ff00ff;\">C\u00f3digo de Producto:\u00a0A0999<\/span><\/dt>\n<dt><span style=\"color: #ff00ff;\">Nombre de Producto:\u00a0PMSF\u00a0<i>BioChemica<\/i><\/span><\/dt>\n<dt class=\"break\"><span style=\"color: #ff00ff;\">Especificaciones:<\/span><\/dt>\n<dd><span style=\"color: #ff00ff;\">Riqueza (CG): min. 99 %<\/span><br \/>\n<span style=\"color: #ff00ff;\">Solubilidad (10 %, EtOH): transparente<\/span><br \/>\n<span style=\"color: #ff00ff;\">Cenizas sulfatadas: max. 0,1 %<\/span><br \/>\n<span style=\"color: #ff00ff;\">Agua (K.F.): max. 0,5 %<\/span><\/dd>\n<\/dl>\n<dl class=\"info-prod\">\n<dt><span style=\"color: #ff00ff;\">UN: 2928<\/span><\/dt>\n<dt><span style=\"color: #ff00ff;\">Clase\/GE:\u00a06.1(8)\/II<\/span><\/dt>\n<dt><span style=\"color: #ff00ff;\">ADR:\u00a06.1(8)\/II<\/span><\/dt>\n<dt><span style=\"color: #ff00ff;\">IMDG:\u00a06.1(8)\/II<\/span><\/dt>\n<dt><span style=\"color: #ff00ff;\">IATA:\u00a06.1(8)\/II<\/span><\/dt>\n<dt><span style=\"color: #ff00ff;\">WGK:\u00a01<\/span><\/dt>\n<dt><span style=\"color: #ff00ff;\">Almacenaje:\u00a0Temperatura ambiente<\/span><\/dt>\n<dt><span style=\"color: #ff00ff;\">Palabra de Peligro:\u00a0Peligro<\/span><\/dt>\n<\/dl>\n","protected":false},"excerpt":{"rendered":"<p>PMSF<\/p>\n","protected":false},"featured_media":22728,"comment_status":"open","ping_status":"closed","template":"","meta":[],"product_brand":[],"product_cat":[17],"product_tag":[],"class_list":{"0":"post-22727","1":"product","2":"type-product","3":"status-publish","4":"has-post-thumbnail","6":"product_cat-uso-general","7":"ts_product_brand-panreac-applichem","9":"first","10":"onbackorder","11":"shipping-taxable","12":"product-type-simple","13":"add-to-wishlist-after_add_to_cart"},"jetpack_sharing_enabled":true,"_links":{"self":[{"href":"https:\/\/web.losalquimistas.cl\/index.php\/wp-json\/wp\/v2\/product\/22727","targetHints":{"allow":["GET"]}}],"collection":[{"href":"https:\/\/web.losalquimistas.cl\/index.php\/wp-json\/wp\/v2\/product"}],"about":[{"href":"https:\/\/web.losalquimistas.cl\/index.php\/wp-json\/wp\/v2\/types\/product"}],"replies":[{"embeddable":true,"href":"https:\/\/web.losalquimistas.cl\/index.php\/wp-json\/wp\/v2\/comments?post=22727"}],"wp:featuredmedia":[{"embeddable":true,"href":"https:\/\/web.losalquimistas.cl\/index.php\/wp-json\/wp\/v2\/media\/22728"}],"wp:attachment":[{"href":"https:\/\/web.losalquimistas.cl\/index.php\/wp-json\/wp\/v2\/media?parent=22727"}],"wp:term":[{"taxonomy":"product_brand","embeddable":true,"href":"https:\/\/web.losalquimistas.cl\/index.php\/wp-json\/wp\/v2\/product_brand?post=22727"},{"taxonomy":"product_cat","embeddable":true,"href":"https:\/\/web.losalquimistas.cl\/index.php\/wp-json\/wp\/v2\/product_cat?post=22727"},{"taxonomy":"product_tag","embeddable":true,"href":"https:\/\/web.losalquimistas.cl\/index.php\/wp-json\/wp\/v2\/product_tag?post=22727"}],"curies":[{"name":"wp","href":"https:\/\/api.w.org\/{rel}","templated":true}]}}