{"id":22723,"date":"2025-07-11T07:41:48","date_gmt":"2025-07-11T07:41:48","guid":{"rendered":"https:\/\/web.losalquimistas.cl\/?post_type=product&#038;p=22723"},"modified":"2025-07-11T17:37:48","modified_gmt":"2025-07-11T17:37:48","slug":"pbs-tampon-1x-dulbecco-polvo-envase-de-plastico-para-1-l-codigo-de-compra-appla0964-1000","status":"publish","type":"product","link":"https:\/\/web.losalquimistas.cl\/index.php\/product\/pbs-tampon-1x-dulbecco-polvo-envase-de-plastico-para-1-l-codigo-de-compra-appla0964-1000\/","title":{"rendered":"PBS Tamp\u00f3n (1X Dulbecco) &#8211; Polvo. Envase de pl\u00e1stico para 1 Litro. CODIGO DE COMPRA: APPLA0964.1000"},"content":{"rendered":"<dl class=\"info-prod\">\n<dt>\n<h3><a href=\"https:\/\/www.itwreagents.com\/iberia\/es\/product\/pbs-tampon-1x-dulbecco-polvo\/A0964\" target=\"_blank\" rel=\"noopener\">PanReac &amp; AppliChem<\/a><\/h3>\n<h3><span style=\"color: #0000ff;\">CODIGO DE COMPRA: APPLA0964.1000<\/span><\/h3>\n<h4><span style=\"color: #ff00ff;\">INFORMACION TECNICA<\/span><\/h4>\n<\/dt>\n<dt><span style=\"color: #ff00ff;\">C\u00f3digo de Producto: A0964<\/span><\/dt>\n<dt><span style=\"color: #ff00ff;\">Nombre de Producto:<\/span><\/dt>\n<dd><span style=\"color: #ff00ff;\">PBS Tamp\u00f3n (1X Dulbecco) &#8211; Polvo<\/span><\/dd>\n<dt class=\"break\"><span style=\"color: #ff00ff;\">Especificaciones:<\/span><\/dt>\n<dd><span style=\"color: #ff00ff;\">Endotoxinas: m\u00e1x. 1 EU\/ml<\/span><br \/>\n<span style=\"color: #ff00ff;\">pH (25\u00b0C): 7,2 &#8211; 7,8<\/span><br \/>\n<span style=\"color: #ff00ff;\">Osmolalidad: 262 &#8211; 290 mOsm\/kg H<sub>2<\/sub>O<\/span><br \/>\n<span style=\"color: #ff00ff;\">P\u00e9rdida por desecaci\u00f3n: m\u00e1x. 2,0 %<\/span><br \/>\n<span style=\"color: #ff00ff;\"><b>Composici\u00f3n:<\/b><\/span><br \/>\n<span style=\"color: #ff00ff;\">Potasio Cloruro: 200,00 mg\/L<\/span><br \/>\n<span style=\"color: #ff00ff;\">Potasio di-Hidr\u00f3geno Fosfato: 200,00 mg\/L<\/span><br \/>\n<span style=\"color: #ff00ff;\">Sodio Cloruro: 8000,00 mg\/L<\/span><br \/>\n<span style=\"color: #ff00ff;\">di-Sodio Hidr\u00f3geno Fosfato anhidro: 1150,00 mg\/L<\/span><\/dd>\n<\/dl>\n<dl class=\"info-prod\">\n<dt><span style=\"color: #ff00ff;\">WGK: 1<\/span><\/dt>\n<dt class=\"break\"><span style=\"color: #ff00ff;\">Almacenaje:\u00a0Temperatura ambiente<\/span><\/dt>\n<\/dl>\n","protected":false},"excerpt":{"rendered":"<p>PBS<\/p>\n","protected":false},"featured_media":22724,"comment_status":"open","ping_status":"closed","template":"","meta":[],"product_brand":[],"product_cat":[17],"product_tag":[],"class_list":{"0":"post-22723","1":"product","2":"type-product","3":"status-publish","4":"has-post-thumbnail","6":"product_cat-uso-general","7":"ts_product_brand-panreac-applichem","9":"first","10":"onbackorder","11":"shipping-taxable","12":"product-type-simple","13":"add-to-wishlist-after_add_to_cart"},"jetpack_sharing_enabled":true,"_links":{"self":[{"href":"https:\/\/web.losalquimistas.cl\/index.php\/wp-json\/wp\/v2\/product\/22723","targetHints":{"allow":["GET"]}}],"collection":[{"href":"https:\/\/web.losalquimistas.cl\/index.php\/wp-json\/wp\/v2\/product"}],"about":[{"href":"https:\/\/web.losalquimistas.cl\/index.php\/wp-json\/wp\/v2\/types\/product"}],"replies":[{"embeddable":true,"href":"https:\/\/web.losalquimistas.cl\/index.php\/wp-json\/wp\/v2\/comments?post=22723"}],"wp:featuredmedia":[{"embeddable":true,"href":"https:\/\/web.losalquimistas.cl\/index.php\/wp-json\/wp\/v2\/media\/22724"}],"wp:attachment":[{"href":"https:\/\/web.losalquimistas.cl\/index.php\/wp-json\/wp\/v2\/media?parent=22723"}],"wp:term":[{"taxonomy":"product_brand","embeddable":true,"href":"https:\/\/web.losalquimistas.cl\/index.php\/wp-json\/wp\/v2\/product_brand?post=22723"},{"taxonomy":"product_cat","embeddable":true,"href":"https:\/\/web.losalquimistas.cl\/index.php\/wp-json\/wp\/v2\/product_cat?post=22723"},{"taxonomy":"product_tag","embeddable":true,"href":"https:\/\/web.losalquimistas.cl\/index.php\/wp-json\/wp\/v2\/product_tag?post=22723"}],"curies":[{"name":"wp","href":"https:\/\/api.w.org\/{rel}","templated":true}]}}