{"id":22718,"date":"2025-07-11T07:21:34","date_gmt":"2025-07-11T07:21:34","guid":{"rendered":"https:\/\/web.losalquimistas.cl\/?post_type=product&#038;p=22718"},"modified":"2025-07-11T16:47:28","modified_gmt":"2025-07-11T16:47:28","slug":"iptg-biochemica-envase-de-plastico-de-25-gramos-cas-367-93-1-codigo-de-compra-appla1008-0025","status":"publish","type":"product","link":"https:\/\/web.losalquimistas.cl\/index.php\/product\/iptg-biochemica-envase-de-plastico-de-25-gramos-cas-367-93-1-codigo-de-compra-appla1008-0025\/","title":{"rendered":"IPTG BioChemica. Envase de pl\u00e1stico de 25 gramos. CAS [367-93-1]. CODIGO DE COMPRA: APPLA1008.0025"},"content":{"rendered":"<h3><a href=\"https:\/\/www.itwreagents.com\/iberia\/es\/product\/iptg-ibiochemicai\/A1008\" target=\"_blank\" rel=\"noopener\">PanReac &amp; AppliChem<\/a><\/h3>\n<h3><span style=\"color: #0000ff;\">CODIGO DE COMPRA: APPLA1008.0025<\/span><\/h3>\n<h4><span style=\"color: #ff00ff;\">INFORMACION TECNICA<\/span><\/h4>\n<dl class=\"info-prod\">\n<dt class=\"break\"><span style=\"color: #ff00ff;\">Descripci\u00f3n F\u00edsica: S\u00f3lido<\/span><\/dt>\n<\/dl>\n<dl class=\"info-prod\">\n<dt><span style=\"color: #ff00ff;\">C\u00f3digo de Producto:\u00a0A1008<\/span><\/dt>\n<dt><span style=\"color: #ff00ff;\">Nombre de Producto:\u00a0IPTG\u00a0<i>BioChemica<\/i><\/span><\/dt>\n<dt class=\"break\"><span style=\"color: #ff00ff;\">Especificaciones:\u00a0<\/span><\/dt>\n<dt class=\"break\"><span style=\"color: #ff00ff;\">Riqueza (HPLC): min. 99 %<\/span><br \/>\n<span style=\"color: #ff00ff;\">\u03b120\u00b0C\/D; 1 %, H<sub>2<\/sub>O: -28,5\u00b0 &#8211; -34,5\u00b0<\/span><br \/>\n<span style=\"color: #ff00ff;\">pH (5 %; H<sub>2<\/sub>O): 5,0 &#8211; 7,0<\/span><br \/>\n<span style=\"color: #ff00ff;\">Dioxano: max. 0,0001 %<\/span><br \/>\n<span style=\"color: #ff00ff;\">Agua (K.F.): max. 1,0 %<\/span><\/dt>\n<\/dl>\n<dl class=\"info-prod\">\n<dt><span style=\"color: #ff00ff;\">WGK:\u00a01<\/span><\/dt>\n<dt><span style=\"color: #ff00ff;\">Almacenaje:\u00a02 &#8211; 8\u00b0C<\/span><br \/>\n<span style=\"color: #ff00ff;\">proteger de la luz<\/span><\/dt>\n<dt class=\"break\"><span style=\"color: #ff00ff;\">Transporte:\u00a0Temperatura ambiente<\/span><\/dt>\n<\/dl>\n","protected":false},"excerpt":{"rendered":"<p>IPTG<\/p>\n","protected":false},"featured_media":22719,"comment_status":"open","ping_status":"closed","template":"","meta":[],"product_brand":[],"product_cat":[17],"product_tag":[],"class_list":{"0":"post-22718","1":"product","2":"type-product","3":"status-publish","4":"has-post-thumbnail","6":"product_cat-uso-general","7":"ts_product_brand-panreac-applichem","9":"first","10":"onbackorder","11":"shipping-taxable","12":"product-type-simple","13":"add-to-wishlist-after_add_to_cart"},"jetpack_sharing_enabled":true,"_links":{"self":[{"href":"https:\/\/web.losalquimistas.cl\/index.php\/wp-json\/wp\/v2\/product\/22718","targetHints":{"allow":["GET"]}}],"collection":[{"href":"https:\/\/web.losalquimistas.cl\/index.php\/wp-json\/wp\/v2\/product"}],"about":[{"href":"https:\/\/web.losalquimistas.cl\/index.php\/wp-json\/wp\/v2\/types\/product"}],"replies":[{"embeddable":true,"href":"https:\/\/web.losalquimistas.cl\/index.php\/wp-json\/wp\/v2\/comments?post=22718"}],"wp:featuredmedia":[{"embeddable":true,"href":"https:\/\/web.losalquimistas.cl\/index.php\/wp-json\/wp\/v2\/media\/22719"}],"wp:attachment":[{"href":"https:\/\/web.losalquimistas.cl\/index.php\/wp-json\/wp\/v2\/media?parent=22718"}],"wp:term":[{"taxonomy":"product_brand","embeddable":true,"href":"https:\/\/web.losalquimistas.cl\/index.php\/wp-json\/wp\/v2\/product_brand?post=22718"},{"taxonomy":"product_cat","embeddable":true,"href":"https:\/\/web.losalquimistas.cl\/index.php\/wp-json\/wp\/v2\/product_cat?post=22718"},{"taxonomy":"product_tag","embeddable":true,"href":"https:\/\/web.losalquimistas.cl\/index.php\/wp-json\/wp\/v2\/product_tag?post=22718"}],"curies":[{"name":"wp","href":"https:\/\/api.w.org\/{rel}","templated":true}]}}