{"id":22662,"date":"2025-07-10T21:46:15","date_gmt":"2025-07-10T21:46:15","guid":{"rendered":"https:\/\/web.losalquimistas.cl\/?post_type=product&#038;p=22662"},"modified":"2025-07-17T09:08:48","modified_gmt":"2025-07-17T09:08:48","slug":"dna-rna-exitusplus-para-eliminar-dna-rna-contaminante-envase-de-plastico-de-500-ml-codigo-de-compra-appla7089-0500","status":"publish","type":"product","link":"https:\/\/web.losalquimistas.cl\/index.php\/product\/dna-rna-exitusplus-para-eliminar-dna-rna-contaminante-envase-de-plastico-de-500-ml-codigo-de-compra-appla7089-0500\/","title":{"rendered":"DNA\/RNA-ExitusPlus\u2122. Para eliminar DNA\/RNA contaminante. Envase pl\u00e1stico de 500 mL. CODIGO DE COMPRA: APPLA7089.0500"},"content":{"rendered":"<h3><span style=\"color: #800000;\"><a style=\"color: #800000;\" href=\"https:\/\/www.itwreagents.com\/iberia\/es\/product\/dnarna-exitusplus\/A7089\" target=\"_blank\" rel=\"noopener\">PanReac &amp; AppliChem<\/a><\/span><\/h3>\n<h3><span style=\"color: #0000ff;\">CODIGO DE COMPRA: APPLA7089.0500<\/span><\/h3>\n<h4><span style=\"color: #ff00ff;\">INFORMACI\u00d3N TECNICA<\/span><\/h4>\n<dl class=\"info-prod\">\n<dt><span style=\"color: #ff00ff;\">C\u00f3digo de Producto:\u00a0A7089<\/span><\/dt>\n<dt><span style=\"color: #ff00ff;\">Nombre de Producto:\u00a0DNA\/RNA-ExitusPlus\u2122<\/span><\/dt>\n<dt class=\"break\"><span style=\"color: #ff00ff;\">Especificaciones:<\/span><\/dt>\n<dd><span style=\"color: #ff00ff;\">\u2022 elimina la contaminaci\u00f3n de ADN, ARN de superficies<\/span><br \/>\n<span style=\"color: #ff00ff;\">\u2022 para la limpieza de estaciones de trabajo de PCR y equipamiento<\/span><br \/>\n<span style=\"color: #ff00ff;\">\u2022 para la limpieza de equipos de electroforesis, pipetas, tubos de reacci\u00f3n, etc<\/span><br \/>\n<span style=\"color: #ff00ff;\">\u2022 entregado como botellas de spray o como botellas de relleno (RF)<\/span><br \/>\n<span style=\"color: #ff00ff;\">\u2666\u00a0<b>especial funciones<\/b><\/span><br \/>\n<span style=\"color: #ff00ff;\">\u2022 degradaci\u00f3n no enzim\u00e1tica del ADN y el ARN por los efectos catalizadores y de cooperaci\u00f3n de los componentes<\/span><br \/>\n<span style=\"color: #ff00ff;\">\u2022 Todos los componentes de ADN-ExitusPlus \u2122 son f\u00e1cilmente biodegradables y no nocivos o t\u00f3xicos para los seres humanos.<\/span><br \/>\n<span style=\"color: #ff00ff;\">\u2022 No contiene \u00e1cidos minerales agresivos o sustancias alcalinas<\/span><br \/>\n<span style=\"color: #ff00ff;\">\u2022 No hay humos t\u00f3xicos. Contiene una baja concentraci\u00f3n de alcohol.<\/span><br \/>\n<span style=\"color: #ff00ff;\">Funcionalidad (prueba de rotura de la cadena): conforme ensayo<\/span><br \/>\n<span style=\"color: #ff00ff;\">Eficacia (ExitusPlus\u2122 test de actividad): conforme ensayo<\/span><\/dd>\n<\/dl>\n<dl class=\"info-prod\">\n<dt><span style=\"color: #ff00ff;\">WGK:\u00a01<\/span><\/dt>\n<dt class=\"break\"><span style=\"color: #ff00ff;\">Almacenaje:\u00a0<\/span><\/dt>\n<dt class=\"break\"><span style=\"color: #ff00ff;\">Temperatura ambiente<\/span><br \/>\n<span style=\"color: #ff00ff;\">proteger de la luz<\/span><\/dt>\n<\/dl>\n","protected":false},"excerpt":{"rendered":"<p>DNA\/RNA-ExitusPlus\u2122<\/p>\n","protected":false},"featured_media":22663,"comment_status":"open","ping_status":"closed","template":"","meta":[],"product_brand":[],"product_cat":[42],"product_tag":[],"class_list":{"0":"post-22662","1":"product","2":"type-product","3":"status-publish","4":"has-post-thumbnail","6":"product_cat-https-web-losalquimistas-cl-index-php-product-category-biologia-molecular","7":"ts_product_brand-panreac-applichem","9":"first","10":"instock","11":"shipping-taxable","12":"product-type-simple","13":"add-to-wishlist-after_add_to_cart"},"jetpack_sharing_enabled":true,"_links":{"self":[{"href":"https:\/\/web.losalquimistas.cl\/index.php\/wp-json\/wp\/v2\/product\/22662","targetHints":{"allow":["GET"]}}],"collection":[{"href":"https:\/\/web.losalquimistas.cl\/index.php\/wp-json\/wp\/v2\/product"}],"about":[{"href":"https:\/\/web.losalquimistas.cl\/index.php\/wp-json\/wp\/v2\/types\/product"}],"replies":[{"embeddable":true,"href":"https:\/\/web.losalquimistas.cl\/index.php\/wp-json\/wp\/v2\/comments?post=22662"}],"wp:featuredmedia":[{"embeddable":true,"href":"https:\/\/web.losalquimistas.cl\/index.php\/wp-json\/wp\/v2\/media\/22663"}],"wp:attachment":[{"href":"https:\/\/web.losalquimistas.cl\/index.php\/wp-json\/wp\/v2\/media?parent=22662"}],"wp:term":[{"taxonomy":"product_brand","embeddable":true,"href":"https:\/\/web.losalquimistas.cl\/index.php\/wp-json\/wp\/v2\/product_brand?post=22662"},{"taxonomy":"product_cat","embeddable":true,"href":"https:\/\/web.losalquimistas.cl\/index.php\/wp-json\/wp\/v2\/product_cat?post=22662"},{"taxonomy":"product_tag","embeddable":true,"href":"https:\/\/web.losalquimistas.cl\/index.php\/wp-json\/wp\/v2\/product_tag?post=22662"}],"curies":[{"name":"wp","href":"https:\/\/api.w.org\/{rel}","templated":true}]}}