{"id":22594,"date":"2025-07-09T18:59:40","date_gmt":"2025-07-09T18:59:40","guid":{"rendered":"https:\/\/web.losalquimistas.cl\/?post_type=product&#038;p=22594"},"modified":"2025-07-17T09:25:17","modified_gmt":"2025-07-17T09:25:17","slug":"reactivo-de-wijs-01-mol-l-02n-para-analisis-volumetrico-envase-de-vidrio-ambar-de-1-litro-codigo-de-compra-panr281590-1611","status":"publish","type":"product","link":"https:\/\/web.losalquimistas.cl\/index.php\/product\/reactivo-de-wijs-01-mol-l-02n-para-analisis-volumetrico-envase-de-vidrio-ambar-de-1-litro-codigo-de-compra-panr281590-1611\/","title":{"rendered":"Reactivo de Wijs 0,1 mol\/l (0,2N) para an\u00e1lisis volum\u00e9trico. Frasco de vidrio \u00e1mbar de 1 L. CODIGO DE COMPRA: PANR281590.1611"},"content":{"rendered":"<h3><span style=\"color: #800000;\"><a style=\"color: #800000;\" href=\"https:\/\/itwreagents.com\/iberia\/es\/product\/reactivo-de-wijs-01-moll-02n-para-analisis-volumetrico\/281590\" target=\"_blank\" rel=\"noopener\">PanReac &amp; AppliChem<\/a><\/span><\/h3>\n<h3><span style=\"color: #0000ff;\">CODIGO DE COMPRA: PANR281590.1611<\/span><\/h3>\n<h4><span style=\"color: #ff00ff;\">INFORMACION TECNICA<\/span><\/h4>\n<dl class=\"info-prod\">\n<dt><span style=\"color: #ff00ff;\">Densidad:\u00a01,063 kg\/l<\/span><\/dt>\n<dt class=\"break\"><span style=\"color: #ff00ff;\">Descripci\u00f3n F\u00edsica:\u00a0L\u00edquido<\/span><\/dt>\n<\/dl>\n<dl class=\"info-prod\">\n<dt><span style=\"color: #ff00ff;\">C\u00f3digo de Producto:\u00a0281590<\/span><\/dt>\n<dt><span style=\"color: #ff00ff;\">Nombre de Producto:\u00a0Reactivo de Wijs 0,1 mol\/l (0,2N) para an\u00e1lisis volum\u00e9trico<\/span><\/dt>\n<dt><span style=\"color: #ff00ff;\">Nombre de Calidad:\u00a0para an\u00e1lisis volum\u00e9trico<\/span><\/dt>\n<dt><span style=\"color: #ff00ff;\">Comentario de Cabecera:\u00a0para determinaci\u00f3n de \u00edndice de yodo<\/span><\/dt>\n<dt class=\"break\"><span style=\"color: #ff00ff;\">Especificaciones:<\/span><\/dt>\n<dd><span style=\"color: #ff00ff;\">Factor a 20\u00b0C: 0,99 &#8211; 1,01<\/span><br \/>\n<span style=\"color: #ff00ff;\">COMPOSICI\u00d3N:<\/span><br \/>\n<span style=\"color: #ff00ff;\">Yodo mono-Cloruro: 1,8 g<\/span><br \/>\n<span style=\"color: #ff00ff;\">Acido Ac\u00e9tico glacial c.s.p: 100 ml<\/span><\/dd>\n<\/dl>\n<dl class=\"info-prod\">\n<dt><span style=\"color: #ff00ff;\">UN:\u00a02920<\/span><\/dt>\n<dt><span style=\"color: #ff00ff;\">Clase\/GE:\u00a08(3)\/II<\/span><\/dt>\n<dt><span style=\"color: #ff00ff;\">ADR:\u00a08(3)\/II<\/span><\/dt>\n<dt><span style=\"color: #ff00ff;\">IMDG:\u00a08(3)\/II<\/span><\/dt>\n<dt><span style=\"color: #ff00ff;\">IATA:\u00a08(3)\/II<\/span><\/dt>\n<dt><span style=\"color: #ff00ff;\">Almacenaje:\u00a0Temperatura ambiente.<\/span><\/dt>\n<dt><span style=\"color: #ff00ff;\">Palabra de Peligro:\u00a0Peligro<\/span><\/dt>\n<\/dl>\n","protected":false},"excerpt":{"rendered":"<p>Reactivo de Wijs 0,1 mol\/l (0,2N)<\/p>\n","protected":false},"featured_media":22595,"comment_status":"open","ping_status":"closed","template":"","meta":[],"product_brand":[],"product_cat":[45,183],"product_tag":[],"class_list":{"0":"post-22594","1":"product","2":"type-product","3":"status-publish","4":"has-post-thumbnail","6":"product_cat-reactivos-analiticos","7":"product_cat-soluciones-preparadas","8":"ts_product_brand-panreac-applichem","10":"first","11":"instock","12":"shipping-taxable","13":"product-type-simple","14":"add-to-wishlist-after_add_to_cart"},"jetpack_sharing_enabled":true,"_links":{"self":[{"href":"https:\/\/web.losalquimistas.cl\/index.php\/wp-json\/wp\/v2\/product\/22594","targetHints":{"allow":["GET"]}}],"collection":[{"href":"https:\/\/web.losalquimistas.cl\/index.php\/wp-json\/wp\/v2\/product"}],"about":[{"href":"https:\/\/web.losalquimistas.cl\/index.php\/wp-json\/wp\/v2\/types\/product"}],"replies":[{"embeddable":true,"href":"https:\/\/web.losalquimistas.cl\/index.php\/wp-json\/wp\/v2\/comments?post=22594"}],"wp:featuredmedia":[{"embeddable":true,"href":"https:\/\/web.losalquimistas.cl\/index.php\/wp-json\/wp\/v2\/media\/22595"}],"wp:attachment":[{"href":"https:\/\/web.losalquimistas.cl\/index.php\/wp-json\/wp\/v2\/media?parent=22594"}],"wp:term":[{"taxonomy":"product_brand","embeddable":true,"href":"https:\/\/web.losalquimistas.cl\/index.php\/wp-json\/wp\/v2\/product_brand?post=22594"},{"taxonomy":"product_cat","embeddable":true,"href":"https:\/\/web.losalquimistas.cl\/index.php\/wp-json\/wp\/v2\/product_cat?post=22594"},{"taxonomy":"product_tag","embeddable":true,"href":"https:\/\/web.losalquimistas.cl\/index.php\/wp-json\/wp\/v2\/product_tag?post=22594"}],"curies":[{"name":"wp","href":"https:\/\/api.w.org\/{rel}","templated":true}]}}