{"id":22572,"date":"2025-07-09T17:31:19","date_gmt":"2025-07-09T17:31:19","guid":{"rendered":"https:\/\/web.losalquimistas.cl\/?post_type=product&#038;p=22572"},"modified":"2025-07-09T17:33:34","modified_gmt":"2025-07-09T17:33:34","slug":"acido-orto-fosforico-85-reag-usp-para-analisis-acs-iso-envase-plastico-de-25-litros-cas-7664-38-2-codigo-de-compra-panr131032-1212","status":"publish","type":"product","link":"https:\/\/web.losalquimistas.cl\/index.php\/product\/acido-orto-fosforico-85-reag-usp-para-analisis-acs-iso-envase-plastico-de-25-litros-cas-7664-38-2-codigo-de-compra-panr131032-1212\/","title":{"rendered":"\u00c1cido orto-Fosf\u00f3rico 85% (Reag. USP) para an\u00e1lisis, ACS, ISO. Envase pl\u00e1stico de 2,5 Litros. CAS [7664-38-2]. CODIGO DE COMPRA: PANR131032.1212"},"content":{"rendered":"<h3><span style=\"color: #000000;\"><a style=\"color: #000000;\" href=\"https:\/\/itwreagents.com\/iberia\/es\/product\/acido-orto-fosforico-85-reag-usp-para-analisis-acs-iso\/131032\" target=\"_blank\" rel=\"noopener\">PanReac &amp; AppliChem<\/a><\/span><\/h3>\n<h3>CODIGO DE COMPRA: PANR131032.1212<\/h3>\n<h4><span style=\"color: #ff00ff;\">INFORMACION TECNICA<\/span><\/h4>\n<dl class=\"info-prod\">\n<dt><span style=\"color: #ff00ff;\">Punto de Fusi\u00f3n:\u00a021 \u00b0C<\/span><\/dt>\n<dt><span style=\"color: #ff00ff;\">Punto de Ebullici\u00f3n:\u00a0158 \u00b0C<\/span><\/dt>\n<dt><span style=\"color: #ff00ff;\">Densidad:\u00a01,70 kg\/l<\/span><\/dt>\n<dt class=\"break\"><span style=\"color: #ff00ff;\">Descripci\u00f3n F\u00edsica:\u00a0L\u00edquido<\/span><\/dt>\n<\/dl>\n<dl class=\"info-prod\">\n<dt><span style=\"color: #ff00ff;\">C\u00f3digo de Producto:\u00a0131032<\/span><\/dt>\n<dt><span style=\"color: #ff00ff;\">Nombre de Producto:\u00a0\u00c1cido orto-Fosf\u00f3rico 85% (Reag. USP) para an\u00e1lisis, ACS, ISO<\/span><\/dt>\n<dt><span style=\"color: #ff00ff;\">Nombre de Calidad:\u00a0para an\u00e1lisis, ACS, ISO<\/span><\/dt>\n<dt class=\"break\"><span style=\"color: #ff00ff;\">Especificaciones:<\/span><\/dt>\n<dd><span style=\"color: #ff00ff;\">Riqueza m\u00ednima (Acidim.): 85,0%<\/span><br \/>\n<span style=\"color: #ff00ff;\"><b>L\u00edmite m\u00e1ximo de impurezas<\/b><\/span><br \/>\n<span style=\"color: #ff00ff;\">Color APHA: 10<\/span><br \/>\n<span style=\"color: #ff00ff;\">Acidez vol\u00e1til (en CH3COOH): 0,001%<\/span><br \/>\n<span style=\"color: #ff00ff;\">Insoluble en H2O: 0,001 %<\/span><br \/>\n<span style=\"color: #ff00ff;\">Resistencia al KMnO4 (en O): 0,001 %<\/span><br \/>\n<span style=\"color: #ff00ff;\">Cloruro (Cl): 0,0002 %<\/span><br \/>\n<span style=\"color: #ff00ff;\">Sulfato (SO4): 0,003%<\/span><br \/>\n<span style=\"color: #ff00ff;\">Silicato SiO2: 0,025%<\/span><br \/>\n<span style=\"color: #ff00ff;\">Nitrato (NO3): 0,0005%<\/span><br \/>\n<span style=\"color: #ff00ff;\">As: 0,0001 %<\/span><br \/>\n<span style=\"color: #ff00ff;\">Metales pesados (en Pb): 0,001%<\/span><br \/>\n<span style=\"color: #ff00ff;\"><b>Metales por ICP [en mg\/Kg (ppm)]<\/b><\/span><br \/>\n<span style=\"color: #ff00ff;\">Ag: 1<\/span><br \/>\n<span style=\"color: #ff00ff;\">Al: 5<\/span><br \/>\n<span style=\"color: #ff00ff;\">Au: 1<\/span><br \/>\n<span style=\"color: #ff00ff;\">B: 1<\/span><br \/>\n<span style=\"color: #ff00ff;\">Ba: 5<\/span><br \/>\n<span style=\"color: #ff00ff;\">Be: 1<\/span><br \/>\n<span style=\"color: #ff00ff;\">Bi: 1<\/span><br \/>\n<span style=\"color: #ff00ff;\">Ca: 20<\/span><br \/>\n<span style=\"color: #ff00ff;\">Cd: 1<\/span><br \/>\n<span style=\"color: #ff00ff;\">Co: 1<\/span><br \/>\n<span style=\"color: #ff00ff;\">Cr: 5<\/span><br \/>\n<span style=\"color: #ff00ff;\">Cu: 1<\/span><br \/>\n<span style=\"color: #ff00ff;\">Fe: 10<\/span><br \/>\n<span style=\"color: #ff00ff;\">Ga: 1<\/span><br \/>\n<span style=\"color: #ff00ff;\">Ge: 1<\/span><br \/>\n<span style=\"color: #ff00ff;\">Hg: 1<\/span><br \/>\n<span style=\"color: #ff00ff;\">In: 5<\/span><br \/>\n<span style=\"color: #ff00ff;\">K: 5<\/span><br \/>\n<span style=\"color: #ff00ff;\">Li: 5<\/span><br \/>\n<span style=\"color: #ff00ff;\">Mg: 10<\/span><br \/>\n<span style=\"color: #ff00ff;\">Mn: 0,5<\/span><br \/>\n<span style=\"color: #ff00ff;\">Mo: 1<\/span><br \/>\n<span style=\"color: #ff00ff;\">Na: 250<\/span><br \/>\n<span style=\"color: #ff00ff;\">Ni: 1<\/span><br \/>\n<span style=\"color: #ff00ff;\">Pb: 1<\/span><br \/>\n<span style=\"color: #ff00ff;\">Pt: 5<\/span><br \/>\n<span style=\"color: #ff00ff;\">Sb: 2<\/span><br \/>\n<span style=\"color: #ff00ff;\">Sn: 1<\/span><br \/>\n<span style=\"color: #ff00ff;\">Sr: 1<\/span><br \/>\n<span style=\"color: #ff00ff;\">Ti: 1<\/span><br \/>\n<span style=\"color: #ff00ff;\">Tl: 1<\/span><br \/>\n<span style=\"color: #ff00ff;\">V: 1<\/span><br \/>\n<span style=\"color: #ff00ff;\">Zn: 2<\/span><br \/>\n<span style=\"color: #ff00ff;\">Zr: 1<\/span><\/dd>\n<\/dl>\n","protected":false},"excerpt":{"rendered":"<p>\u00c1cido orto-Fosf\u00f3rico 85%<\/p>\n","protected":false},"featured_media":22573,"comment_status":"open","ping_status":"closed","template":"","meta":[],"product_brand":[],"product_cat":[45],"product_tag":[],"class_list":{"0":"post-22572","1":"product","2":"type-product","3":"status-publish","4":"has-post-thumbnail","6":"product_cat-reactivos-analiticos","7":"ts_product_brand-panreac-applichem","9":"first","10":"instock","11":"shipping-taxable","12":"product-type-simple","13":"add-to-wishlist-after_add_to_cart"},"jetpack_sharing_enabled":true,"_links":{"self":[{"href":"https:\/\/web.losalquimistas.cl\/index.php\/wp-json\/wp\/v2\/product\/22572","targetHints":{"allow":["GET"]}}],"collection":[{"href":"https:\/\/web.losalquimistas.cl\/index.php\/wp-json\/wp\/v2\/product"}],"about":[{"href":"https:\/\/web.losalquimistas.cl\/index.php\/wp-json\/wp\/v2\/types\/product"}],"replies":[{"embeddable":true,"href":"https:\/\/web.losalquimistas.cl\/index.php\/wp-json\/wp\/v2\/comments?post=22572"}],"wp:featuredmedia":[{"embeddable":true,"href":"https:\/\/web.losalquimistas.cl\/index.php\/wp-json\/wp\/v2\/media\/22573"}],"wp:attachment":[{"href":"https:\/\/web.losalquimistas.cl\/index.php\/wp-json\/wp\/v2\/media?parent=22572"}],"wp:term":[{"taxonomy":"product_brand","embeddable":true,"href":"https:\/\/web.losalquimistas.cl\/index.php\/wp-json\/wp\/v2\/product_brand?post=22572"},{"taxonomy":"product_cat","embeddable":true,"href":"https:\/\/web.losalquimistas.cl\/index.php\/wp-json\/wp\/v2\/product_cat?post=22572"},{"taxonomy":"product_tag","embeddable":true,"href":"https:\/\/web.losalquimistas.cl\/index.php\/wp-json\/wp\/v2\/product_tag?post=22572"}],"curies":[{"name":"wp","href":"https:\/\/api.w.org\/{rel}","templated":true}]}}