{"id":22570,"date":"2025-07-09T17:15:45","date_gmt":"2025-07-09T17:15:45","guid":{"rendered":"https:\/\/web.losalquimistas.cl\/?post_type=product&#038;p=22570"},"modified":"2025-07-17T09:45:33","modified_gmt":"2025-07-17T09:45:33","slug":"ninhidrina-reag-usp-para-analisis-acs-envase-de-vidrio-ambar-de-5-gr-cas-485-47-2-codigo-de-compra-panr132362-1605","status":"publish","type":"product","link":"https:\/\/web.losalquimistas.cl\/index.php\/product\/ninhidrina-reag-usp-para-analisis-acs-envase-de-vidrio-ambar-de-5-gr-cas-485-47-2-codigo-de-compra-panr132362-1605\/","title":{"rendered":"Ninhidrina (Reag. USP) para an\u00e1lisis, ACS. CAS[485-47-2]. Frasco de vidrio \u00e1mbar de 5 gramos. CODIGO DE COMPRA: PANR132362.1605"},"content":{"rendered":"<p>Sin\u00f3nimos: 1,2,3-Indantriona Hidrato, 1,2,3-Tricetohidrindeno Hidrato, 1-H-Indeno-1,2,3-Triona mono -Hidrato, 2,2-Dihidroxi-1,3-Dioxohidrindeno<\/p>\n<h3><span style=\"color: #800000;\"><a style=\"color: #800000;\" href=\"https:\/\/itwreagents.com\/iberia\/es\/product\/ninhidrina-reag-usp-para-analisis-acs\/132362\" target=\"_blank\" rel=\"noopener\">PanReac &amp; AppliChem<\/a><\/span><\/h3>\n<h3><span style=\"color: #0000ff;\">CODIGO DE COMPRA: PANR132362.1605<\/span><\/h3>\n<h4><span style=\"color: #ff00ff;\">INFORMACION TECNICA<\/span><\/h4>\n<dl class=\"info-prod\">\n<dt><span style=\"color: #ff00ff;\">Punto de Fusi\u00f3n:\u00a0250 \u00b0C<\/span><\/dt>\n<dt><span style=\"color: #ff00ff;\">Solubilidad:\u00a0Soluble en agua.<\/span><\/dt>\n<dt class=\"break\"><span style=\"color: #ff00ff;\">Descripci\u00f3n F\u00edsica:\u00a0S\u00f3lido<\/span><\/dt>\n<\/dl>\n<dl class=\"info-prod\">\n<dt><span style=\"color: #ff00ff;\">C\u00f3digo de Producto:\u00a0132362<\/span><\/dt>\n<dt><span style=\"color: #ff00ff;\">Nombre de Producto:\u00a0Ninhidrina (Reag. USP) para an\u00e1lisis, ACS<\/span><\/dt>\n<dt><span style=\"color: #ff00ff;\">Nombre de Calidad:\u00a0para an\u00e1lisis, ACS<\/span><\/dt>\n<dt class=\"break\"><span style=\"color: #ff00ff;\">Especificaciones:\u00a0<\/span><\/dt>\n<dd><span style=\"color: #ff00ff;\">Identidad: IR conforme ensayo<\/span><br \/>\n<span style=\"color: #ff00ff;\"><b>L\u00edmite m\u00e1ximo de impurezas<\/b><\/span><br \/>\n<span style=\"color: #ff00ff;\">Insoluble en H2O: Conforme ensayo<\/span><br \/>\n<span style=\"color: #ff00ff;\">Residuo de calcinaci\u00f3n (en SO4): 0,2 %<\/span><br \/>\n<span style=\"color: #ff00ff;\">Identificaci\u00f3n y punto de fusi\u00f3n: Conforme ensayo<\/span><br \/>\n<span style=\"color: #ff00ff;\">Sensibilidad a los amino\u00e1cidos: Conforme ensayo<\/span><\/dd>\n<\/dl>\n<dl class=\"info-prod\">\n<dt><span style=\"color: #ff00ff;\">WGK:\u00a02<\/span><\/dt>\n<dt><span style=\"color: #ff00ff;\">Almacenaje:\u00a0Temperatura ambiente.<\/span><\/dt>\n<dt><span style=\"color: #ff00ff;\">Palabra de Peligro:\u00a0Atenci\u00f3n<\/span><\/dt>\n<\/dl>\n","protected":false},"excerpt":{"rendered":"<p>Ninhidrina<\/p>\n<p>&nbsp;<\/p>\n","protected":false},"featured_media":22571,"comment_status":"open","ping_status":"closed","template":"","meta":[],"product_brand":[],"product_cat":[17],"product_tag":[],"class_list":{"0":"post-22570","1":"product","2":"type-product","3":"status-publish","4":"has-post-thumbnail","6":"product_cat-uso-general","7":"ts_product_brand-panreac-applichem","9":"first","10":"instock","11":"shipping-taxable","12":"product-type-simple","13":"add-to-wishlist-after_add_to_cart"},"jetpack_sharing_enabled":true,"_links":{"self":[{"href":"https:\/\/web.losalquimistas.cl\/index.php\/wp-json\/wp\/v2\/product\/22570","targetHints":{"allow":["GET"]}}],"collection":[{"href":"https:\/\/web.losalquimistas.cl\/index.php\/wp-json\/wp\/v2\/product"}],"about":[{"href":"https:\/\/web.losalquimistas.cl\/index.php\/wp-json\/wp\/v2\/types\/product"}],"replies":[{"embeddable":true,"href":"https:\/\/web.losalquimistas.cl\/index.php\/wp-json\/wp\/v2\/comments?post=22570"}],"wp:featuredmedia":[{"embeddable":true,"href":"https:\/\/web.losalquimistas.cl\/index.php\/wp-json\/wp\/v2\/media\/22571"}],"wp:attachment":[{"href":"https:\/\/web.losalquimistas.cl\/index.php\/wp-json\/wp\/v2\/media?parent=22570"}],"wp:term":[{"taxonomy":"product_brand","embeddable":true,"href":"https:\/\/web.losalquimistas.cl\/index.php\/wp-json\/wp\/v2\/product_brand?post=22570"},{"taxonomy":"product_cat","embeddable":true,"href":"https:\/\/web.losalquimistas.cl\/index.php\/wp-json\/wp\/v2\/product_cat?post=22570"},{"taxonomy":"product_tag","embeddable":true,"href":"https:\/\/web.losalquimistas.cl\/index.php\/wp-json\/wp\/v2\/product_tag?post=22570"}],"curies":[{"name":"wp","href":"https:\/\/api.w.org\/{rel}","templated":true}]}}