{"id":22385,"date":"2025-07-02T18:05:34","date_gmt":"2025-07-02T18:05:34","guid":{"rendered":"https:\/\/web.losalquimistas.cl\/?post_type=product&#038;p=22385"},"modified":"2025-07-11T17:54:21","modified_gmt":"2025-07-11T17:54:21","slug":"sodio-tiosulfato-01-mol-l-01n-reag-usp-lista-para-usar-envase-plastico-de-1-litros-codigo-de-pedido-panr181723-1211","status":"publish","type":"product","link":"https:\/\/web.losalquimistas.cl\/index.php\/product\/sodio-tiosulfato-01-mol-l-01n-reag-usp-lista-para-usar-envase-plastico-de-1-litros-codigo-de-pedido-panr181723-1211\/","title":{"rendered":"Sodio Tiosulfato 0,1 mol\/l (0,1N) (Reag. USP) lista para usar. Envase pl\u00e1stico de 1 Litro. CODIGO DE COMPRA: PANR181723.1211"},"content":{"rendered":"<h3><a href=\"https:\/\/www.itwreagents.com\/iberia\/es\/product\/sodio-tiosulfato-01-moll-01n-reag-usp-solucion-valorada\/181723\" target=\"_blank\" rel=\"noopener\">PanReac &amp; AppliChem<\/a><\/h3>\n<h3><span style=\"color: #0000ff;\">CODIGO DE COMPRA: PANR181723.1211<\/span><\/h3>\n<p><span style=\"color: #ff00ff;\">Informaci\u00f3n T\u00e9cnica:<\/span><\/p>\n<dl class=\"info-prod\">\n<dt><span style=\"color: #ff00ff;\">Densidad:1,012 kg\/l<\/span><\/dt>\n<dt class=\"break\"><span style=\"color: #ff00ff;\">Descripci\u00f3n F\u00edsica:L\u00edquido<\/span><\/dt>\n<\/dl>\n<dl class=\"info-prod\">\n<dt><span style=\"color: #ff00ff;\">C\u00f3digo de Producto:181723<\/span><\/dt>\n<dt><span style=\"color: #ff00ff;\">Nombre de Producto:Sodio Tiosulfato 0,1 mol\/l (0,1N) (Reag. USP) soluci\u00f3n valorada<\/span><\/dt>\n<dt><span style=\"color: #ff00ff;\">Nombre de Calidad:soluci\u00f3n valorada<\/span><\/dt>\n<dt><span style=\"color: #ff00ff;\">Comentario de Cabecera:Soluci\u00f3n normalizada frente a Potasio Dicromato. Indicador: Almid\u00f3n<\/span><\/dt>\n<dt class=\"break\"><span style=\"color: #ff00ff;\">Especificaciones:<\/span><\/dt>\n<dd><span style=\"color: #ff00ff;\">Factor a 20\u00b0C: 0,999 &#8211; 1,001<\/span><br \/>\n<span style=\"color: #ff00ff;\">Incertidumbre: Ver certificado<\/span><br \/>\n<span style=\"color: #ff00ff;\">Trazabilidad: NIST<\/span><\/dd>\n<\/dl>\n<dl class=\"info-prod\">\n<dt><span style=\"color: #ff00ff;\">WGK:1<\/span><\/dt>\n<dt class=\"break\"><span style=\"color: #ff00ff;\">Almacenaje:Temperatura ambiente.<\/span><\/dt>\n<dt><span style=\"color: #ff00ff;\">Nombre Maestro:Sodio Tiosulfato 0,1 mol\/l *(0,1N)<\/span><\/dt>\n<dt><span style=\"color: #ff00ff;\">EINECS:231-867-5<\/span><\/dt>\n<dt class=\"break\"><span style=\"color: #ff00ff;\">NC:28323000<\/span><\/dt>\n<\/dl>\n<p>&nbsp;<\/p>\n","protected":false},"excerpt":{"rendered":"<p>Sodio tiosulfato 0,1 N<\/p>\n","protected":false},"featured_media":22386,"comment_status":"open","ping_status":"closed","template":"","meta":[],"product_brand":[],"product_cat":[183],"product_tag":[],"class_list":{"0":"post-22385","1":"product","2":"type-product","3":"status-publish","4":"has-post-thumbnail","6":"product_cat-soluciones-preparadas","7":"ts_product_brand-panreac-applichem","9":"first","10":"instock","11":"shipping-taxable","12":"product-type-simple","13":"add-to-wishlist-after_add_to_cart"},"jetpack_sharing_enabled":true,"_links":{"self":[{"href":"https:\/\/web.losalquimistas.cl\/index.php\/wp-json\/wp\/v2\/product\/22385","targetHints":{"allow":["GET"]}}],"collection":[{"href":"https:\/\/web.losalquimistas.cl\/index.php\/wp-json\/wp\/v2\/product"}],"about":[{"href":"https:\/\/web.losalquimistas.cl\/index.php\/wp-json\/wp\/v2\/types\/product"}],"replies":[{"embeddable":true,"href":"https:\/\/web.losalquimistas.cl\/index.php\/wp-json\/wp\/v2\/comments?post=22385"}],"wp:featuredmedia":[{"embeddable":true,"href":"https:\/\/web.losalquimistas.cl\/index.php\/wp-json\/wp\/v2\/media\/22386"}],"wp:attachment":[{"href":"https:\/\/web.losalquimistas.cl\/index.php\/wp-json\/wp\/v2\/media?parent=22385"}],"wp:term":[{"taxonomy":"product_brand","embeddable":true,"href":"https:\/\/web.losalquimistas.cl\/index.php\/wp-json\/wp\/v2\/product_brand?post=22385"},{"taxonomy":"product_cat","embeddable":true,"href":"https:\/\/web.losalquimistas.cl\/index.php\/wp-json\/wp\/v2\/product_cat?post=22385"},{"taxonomy":"product_tag","embeddable":true,"href":"https:\/\/web.losalquimistas.cl\/index.php\/wp-json\/wp\/v2\/product_tag?post=22385"}],"curies":[{"name":"wp","href":"https:\/\/api.w.org\/{rel}","templated":true}]}}