{"id":22374,"date":"2025-07-02T17:08:39","date_gmt":"2025-07-02T17:08:39","guid":{"rendered":"https:\/\/web.losalquimistas.cl\/?post_type=product&#038;p=22374"},"modified":"2026-04-23T15:56:24","modified_gmt":"2026-04-23T15:56:24","slug":"acetonitrilo-reag-usp-ph-eur-para-grado-hplc-gradiente-uhplc-supergradiente-acs-cas-75-05-8-envase-de-vidrio-de-4-litros-codigo-de-pedido-panr221881-16153","status":"publish","type":"product","link":"https:\/\/web.losalquimistas.cl\/index.php\/product\/acetonitrilo-reag-usp-ph-eur-para-grado-hplc-gradiente-uhplc-supergradiente-acs-cas-75-05-8-envase-de-vidrio-de-4-litros-codigo-de-pedido-panr221881-16153\/","title":{"rendered":"Acetonitrilo (Reag. USP, Ph. Eur.) grado HPLC gradiente \/ UHPLC supergradiente, ACS, envase de vidrio \u00e1mbar de 4 Litros. CAS [75-05-8]. CODIGO DE COMPRA PANR221881.16153"},"content":{"rendered":"<h3><a href=\"https:\/\/www.itwreagents.com\/iberia\/es\/product\/acetonitrilo-reag-usp-ph-eur-para-grado-hplc-gradiente-uhplc-supergradiente-acs\/221881\" target=\"_blank\" rel=\"noopener\">PanReac &amp; AppliChem<\/a><\/h3>\n<h3><span style=\"color: #0000ff;\">CODIGO DE COMPRA : PANR221881.16153<\/span><\/h3>\n<h4><strong><span style=\"color: #ff00ff;\">INFORMACION TECNICA:<\/span><\/strong><\/h4>\n<p><span style=\"color: #ff00ff;\">PUNTO DE FUSI\u00d3N: -48 \u00b0C<\/span><br \/>\n<span style=\"color: #ff00ff;\">PUNTO DE EBULLICI\u00d3N: 80 &#8211; 82 \u00b0C<\/span><br \/>\n<span style=\"color: #ff00ff;\">DENSIDAD: 0,781 kg\/l<\/span><br \/>\n<span style=\"color: #ff00ff;\">\u00cdNDICE DE REFRACCI\u00d3N: 20\/D 1,344<\/span><br \/>\n<span style=\"color: #ff00ff;\">DESCRIPCI\u00d3N F\u00cdSICA: L\u00edquido<\/span><br \/>\n<span style=\"color: #ff00ff;\">C\u00d3DIGO DE PRODUCTO: 221881<\/span><br \/>\n<span style=\"color: #ff00ff;\">NOMBRE DE PRODUCTO:<\/span><br \/>\n<span style=\"color: #ff00ff;\">Acetonitrilo (Reag. USP, Ph. Eur.) para grado HPLC gradiente \/ UHPLC supergradiente, ACS<\/span><br \/>\n<strong><span style=\"color: #ff00ff;\">NOMBRE DE CALIDAD:<\/span><\/strong><br \/>\n<span style=\"color: #ff00ff;\">para grado HPLC gradiente \/ UHPLC supergradiente, ACS<\/span><br \/>\n<strong><span style=\"color: #ff00ff;\">ESPECIFICACIONES:<\/span><\/strong><br \/>\n<span style=\"color: #ff00ff;\">Riqueza m\u00ednima (C.G.): 99,9%<\/span><br \/>\n<span style=\"color: #ff00ff;\">Identidad: IR conforme ensayo<\/span><br \/>\n<span style=\"color: #ff00ff;\">Densidad 20\/4: 0,779-0,783<\/span><br \/>\n<span style=\"color: #ff00ff;\">Aptitud: para gradiente seg\u00fan ACS: Conforme ensayo<\/span><br \/>\n<span style=\"color: #ff00ff;\">Intervalo de destilaci\u00f3n (&gt;95% dest.): 80-82\u00b0C<\/span><\/p>\n<p>&nbsp;<\/p>\n","protected":false},"excerpt":{"rendered":"<p>Acetonitrilo HPLC Acetonitrilo UHPLC equivalente a\u00a0Merk LichroSolv 1000304000<\/p>\n","protected":false},"featured_media":22375,"comment_status":"open","ping_status":"closed","template":"","meta":[],"product_brand":[],"product_cat":[182],"product_tag":[],"class_list":{"0":"post-22374","1":"product","2":"type-product","3":"status-publish","4":"has-post-thumbnail","6":"product_cat-https-web-losalquimistas-cl-index-php-product-category-solventes-hplc","7":"ts_product_brand-panreac-applichem","9":"first","10":"instock","11":"shipping-taxable","12":"product-type-simple","13":"add-to-wishlist-after_add_to_cart"},"jetpack_sharing_enabled":true,"_links":{"self":[{"href":"https:\/\/web.losalquimistas.cl\/index.php\/wp-json\/wp\/v2\/product\/22374","targetHints":{"allow":["GET"]}}],"collection":[{"href":"https:\/\/web.losalquimistas.cl\/index.php\/wp-json\/wp\/v2\/product"}],"about":[{"href":"https:\/\/web.losalquimistas.cl\/index.php\/wp-json\/wp\/v2\/types\/product"}],"replies":[{"embeddable":true,"href":"https:\/\/web.losalquimistas.cl\/index.php\/wp-json\/wp\/v2\/comments?post=22374"}],"wp:featuredmedia":[{"embeddable":true,"href":"https:\/\/web.losalquimistas.cl\/index.php\/wp-json\/wp\/v2\/media\/22375"}],"wp:attachment":[{"href":"https:\/\/web.losalquimistas.cl\/index.php\/wp-json\/wp\/v2\/media?parent=22374"}],"wp:term":[{"taxonomy":"product_brand","embeddable":true,"href":"https:\/\/web.losalquimistas.cl\/index.php\/wp-json\/wp\/v2\/product_brand?post=22374"},{"taxonomy":"product_cat","embeddable":true,"href":"https:\/\/web.losalquimistas.cl\/index.php\/wp-json\/wp\/v2\/product_cat?post=22374"},{"taxonomy":"product_tag","embeddable":true,"href":"https:\/\/web.losalquimistas.cl\/index.php\/wp-json\/wp\/v2\/product_tag?post=22374"}],"curies":[{"name":"wp","href":"https:\/\/api.w.org\/{rel}","templated":true}]}}