{"id":22359,"date":"2025-07-02T00:09:47","date_gmt":"2025-07-02T00:09:47","guid":{"rendered":"https:\/\/web.losalquimistas.cl\/?post_type=product&#038;p=22359"},"modified":"2026-04-24T22:20:48","modified_gmt":"2026-04-24T22:20:48","slug":"albuminas-bsa-fraccion-v-ph-70-cas-9048-46-8-envase-plastico-de-100-gr-producto-de-rapida-disolucion-codigo-de-pedido-appla1391-0100","status":"publish","type":"product","link":"https:\/\/web.losalquimistas.cl\/index.php\/product\/albuminas-bsa-fraccion-v-ph-70-cas-9048-46-8-envase-plastico-de-100-gr-producto-de-rapida-disolucion-codigo-de-pedido-appla1391-0100\/","title":{"rendered":"Alb\u00faminas (BSA) Fracci\u00f3n V (pH 7,0) CAS [9048-46-8] envase pl\u00e1stico de 100 gr. Producto de r\u00e1pida disoluci\u00f3n. CODIGO DE COMPRA APPLA1391.0100"},"content":{"rendered":"<h3><a href=\"https:\/\/www.itwreagents.com\/iberia\/es\/product\/albuminas-bsa-fraccion-v-ph-70\/A1391\" target=\"_blank\" rel=\"noopener\">PanReac &amp; Applichem<\/a><\/h3>\n<h3><strong><span style=\"color: #0000ff;\">CODIGO DE COMPRA: APPLA1391.0100<\/span><\/strong><\/h3>\n<h4><span style=\"color: #ff00ff;\">COMENTARIOS<\/span><\/h4>\n<p><span style=\"color: #ff00ff;\">La alb\u00famina de suero bovino (BSA) se a\u00f1ade como componente estabilizador de prote\u00ednas\/enzimas a varios tampones de reacci\u00f3n y almacenamiento de enzimas. La concentraci\u00f3n suele oscilar entre el 0,01% (0,1 mg\/ml; p. ej. ref. 2) y el 3% (30 mg\/ml; p. ej. ref. 1, 2). La BSA se a\u00f1ade a los tampones concentrados 10X de las enzimas modificadoras del ADN o de las enzimas de restricci\u00f3n en una concentraci\u00f3n de 0,5 mg\/ml (v\u00e9ase, por ejemplo, ref. 6, 8). Alternativamente, la BSA puede ser sustituida por gelatina para tales fines en la misma concentraci\u00f3n. Adem\u00e1s, la alb\u00famina se aplica como agente de bloqueo para bloquear las superficies no unidas de las membranas de blotting en los immunoblots (3%; ref. 1, 2, 7) o ELISAs (3% en PBS, ref. 2) o para la diluci\u00f3n de antisueros y soluciones de stock de anticuerpos, respectivamente. En los ELISA, la BSA se sustituye frecuentemente por leche en polvo sin grasa (A0830). Como est\u00e1ndar para las determinaciones de prote\u00ednas, v\u00e9ase la ref. 9.Esta fracci\u00f3n de alb\u00famina ha sido fabricada por una combinaci\u00f3n del m\u00e9todo de choque t\u00e9rmico y precipitaci\u00f3n con alcohol. La alb\u00famina es estable en polvo (3 a\u00f1os) o en soluci\u00f3n (tampones biol\u00f3gicos como PBS; un a\u00f1o a +4\u00b0C a -20\u00b0C). Las soluciones madre se preparan en concentraciones de hasta el 20%. Si se forman cristales durante el almacenamiento de las soluciones, pueden volver a disolverse calentando a 37\u00b0C y mezclando. Normalmente, se a\u00f1ade azida s\u00f3dica a una concentraci\u00f3n final de 2 mM (o 0,02 &#8211; 0,2%) para evitar contaminaciones microbianas.<\/span><\/p>\n<p>&nbsp;<\/p>\n","protected":false},"excerpt":{"rendered":"<h4>BSA FRACION V<\/h4>\n","protected":false},"featured_media":23630,"comment_status":"open","ping_status":"closed","template":"","meta":[],"product_brand":[],"product_cat":[42],"product_tag":[],"class_list":{"0":"post-22359","1":"product","2":"type-product","3":"status-publish","4":"has-post-thumbnail","6":"product_cat-https-web-losalquimistas-cl-index-php-product-category-biologia-molecular","7":"ts_product_brand-panreac-applichem","9":"first","10":"instock","11":"shipping-taxable","12":"product-type-simple","13":"add-to-wishlist-after_add_to_cart"},"jetpack_sharing_enabled":true,"_links":{"self":[{"href":"https:\/\/web.losalquimistas.cl\/index.php\/wp-json\/wp\/v2\/product\/22359","targetHints":{"allow":["GET"]}}],"collection":[{"href":"https:\/\/web.losalquimistas.cl\/index.php\/wp-json\/wp\/v2\/product"}],"about":[{"href":"https:\/\/web.losalquimistas.cl\/index.php\/wp-json\/wp\/v2\/types\/product"}],"replies":[{"embeddable":true,"href":"https:\/\/web.losalquimistas.cl\/index.php\/wp-json\/wp\/v2\/comments?post=22359"}],"wp:featuredmedia":[{"embeddable":true,"href":"https:\/\/web.losalquimistas.cl\/index.php\/wp-json\/wp\/v2\/media\/23630"}],"wp:attachment":[{"href":"https:\/\/web.losalquimistas.cl\/index.php\/wp-json\/wp\/v2\/media?parent=22359"}],"wp:term":[{"taxonomy":"product_brand","embeddable":true,"href":"https:\/\/web.losalquimistas.cl\/index.php\/wp-json\/wp\/v2\/product_brand?post=22359"},{"taxonomy":"product_cat","embeddable":true,"href":"https:\/\/web.losalquimistas.cl\/index.php\/wp-json\/wp\/v2\/product_cat?post=22359"},{"taxonomy":"product_tag","embeddable":true,"href":"https:\/\/web.losalquimistas.cl\/index.php\/wp-json\/wp\/v2\/product_tag?post=22359"}],"curies":[{"name":"wp","href":"https:\/\/api.w.org\/{rel}","templated":true}]}}