{"id":23584,"date":"2026-04-20T18:30:00","date_gmt":"2026-04-20T18:30:00","guid":{"rendered":"https:\/\/web.losalquimistas.cl\/index.php\/solicitar-presupuesto\/"},"modified":"2026-04-20T18:30:00","modified_gmt":"2026-04-20T18:30:00","slug":"solicitar-presupuesto","status":"publish","type":"page","link":"https:\/\/web.losalquimistas.cl\/index.php\/solicitar-presupuesto\/","title":{"rendered":"Solicitar presupuesto"},"content":{"rendered":"<div class=\"woocommerce adf-request-quote-page template_one\">\n\t<div class=\"woocommerce-notices-wrapper\"><\/div>\n\t<style type=\"text\/css\">\n\t\t.adf-request-quote-page.template_one{\n\t\t\twidth: 100%!important;\n\t\t\tmax-width: 1000px!important;\n\t\t}\n\t\t.adf-request-quote-page.template_two{\n\t\t\twidth: 100%!important;\n\t\t\tmax-width:1160px!important\n\t\t}\n\t<\/style>\n\n\t<div class=\"addify\">\n\t\t<p class=\"cart-empty\">Su cotizaci\u00f3n est\u00e1 actualmente vac\u00eda.<\/p>\n\t\t\t\t<p class=\"return-to-shop\"><a href=\"https:\/\/web.losalquimistas.cl\/index.php\/catalogo\/\" class=\"button wc-backward\">Volver a la tienda<\/a>\n\t\t<\/p>\n\t<\/div>\n\t\n\t<\/div>\n\n","protected":false},"excerpt":{"rendered":"","protected":false},"author":1,"featured_media":0,"parent":0,"menu_order":0,"comment_status":"closed","ping_status":"closed","template":"","meta":{"footnotes":""},"class_list":["post-23584","page","type-page","status-publish","hentry"],"jetpack_sharing_enabled":true,"_links":{"self":[{"href":"https:\/\/web.losalquimistas.cl\/index.php\/wp-json\/wp\/v2\/pages\/23584","targetHints":{"allow":["GET"]}}],"collection":[{"href":"https:\/\/web.losalquimistas.cl\/index.php\/wp-json\/wp\/v2\/pages"}],"about":[{"href":"https:\/\/web.losalquimistas.cl\/index.php\/wp-json\/wp\/v2\/types\/page"}],"author":[{"embeddable":true,"href":"https:\/\/web.losalquimistas.cl\/index.php\/wp-json\/wp\/v2\/users\/1"}],"replies":[{"embeddable":true,"href":"https:\/\/web.losalquimistas.cl\/index.php\/wp-json\/wp\/v2\/comments?post=23584"}],"version-history":[{"count":0,"href":"https:\/\/web.losalquimistas.cl\/index.php\/wp-json\/wp\/v2\/pages\/23584\/revisions"}],"wp:attachment":[{"href":"https:\/\/web.losalquimistas.cl\/index.php\/wp-json\/wp\/v2\/media?parent=23584"}],"curies":[{"name":"wp","href":"https:\/\/api.w.org\/{rel}","templated":true}]}}